{"id":23373,"date":"2026-01-19T13:42:54","date_gmt":"2026-01-19T13:42:54","guid":{"rendered":"https:\/\/v2smt.com\/?post_type=product&#038;p=23373"},"modified":"2026-01-21T06:23:04","modified_gmt":"2026-01-21T06:23:04","slug":"sino-micro-nitrogen-reflow-soldering-oven","status":"publish","type":"product","link":"https:\/\/v2smt.com\/tr\/products\/sino-micro-nitrogen-reflow-soldering-oven\/","title":{"rendered":"Sino-micro Azot Reflow Lehimleme f\u0131r\u0131n\u0131"},"content":{"rendered":"<h1>Sino-micro Nitrogen Reflow Soldering oven<\/h1>\n<div id=\"u136602\" class=\"module basic_product_detail\" data-wait-animation=\"\" data-animation-key=\"j-136602\">\n<div class=\"basic_product_detail\">\n<div class=\"view_pattern_pc pc_iframe_preview\">\n<div class=\"product_specific_wrap product_specific_wrap_0\">\n<div class=\"product_specific_content\">\n<div id=\"detail_content_word_wrap\" class=\"detail_specfic_panel ul-set\">\n<div class=\"detail_specfic_panel_item\">\n<div>\n<table class=\"huawei68-table\">\n<tbody>\n<tr class=\"firstRow\">\n<td colspan=\"7\">\n<h2><span style=\"font-family: inherit; font-size: inherit;\">Sino-micro Nitrogen Reflow Soldering oven Lead-free Specifications&#8211;HRN Series<\/span><\/h2>\n<\/td>\n<\/tr>\n<tr>\n<td><\/td>\n<td colspan=\"6\"><\/td>\n<\/tr>\n<tr>\n<td>Model<\/td>\n<td>HRN-733<\/td>\n<td>HRN-733D<\/td>\n<td>HRN-733L<\/td>\n<td>HRN-933<\/td>\n<td>HRN-933D<\/td>\n<td>HRN-933L<\/td>\n<\/tr>\n<tr>\n<td colspan=\"7\">Body parameters GENERAL<\/td>\n<\/tr>\n<tr>\n<td>Outside Dimension(L*W*H)<\/td>\n<td>6300 x 1435 x 1565mm<\/td>\n<td>6300x 1665 x 1565mm<\/td>\n<td>6300 x 1665 x 1565mm<\/td>\n<td>7050 x 1435 x 1565mm<\/td>\n<td>7050x 1665x 1565mm<\/td>\n<td>7050 x 1665 x 1565mm<\/td>\n<\/tr>\n<tr>\n<td>Standard Color<\/td>\n<td colspan=\"6\">White<\/td>\n<\/tr>\n<tr>\n<td>WeightWeight<\/td>\n<td>Approx.2800KG<\/td>\n<td>Approx. 3150KG<\/td>\n<td>Approx. 3100KG<\/td>\n<td>Approx.3100KG<\/td>\n<td>Approx. 3450KG<\/td>\n<td>Approx. 3400KG<\/td>\n<\/tr>\n<tr>\n<td>Number Of Heating Zones<\/td>\n<td colspan=\"3\">Up10 \/ Bottom10<\/td>\n<td colspan=\"3\">Up12 \/ Bottom12<\/td>\n<\/tr>\n<tr>\n<td>Length Of Heating Zones<\/td>\n<td colspan=\"3\">3890mm<\/td>\n<td colspan=\"3\">4640mm<\/td>\n<\/tr>\n<tr>\n<td>Number Of Cooling Zones<\/td>\n<td colspan=\"6\">Up3 \/ Bottom3 (Cool Air Conversion)<\/td>\n<\/tr>\n<tr>\n<td>Length Of Cooling Zones<\/td>\n<td colspan=\"6\">995mm<\/td>\n<\/tr>\n<tr>\n<td>Exhaust Volume<\/td>\n<td colspan=\"6\">10 M3 \/ min x 2 (channels) Exhausts<\/td>\n<\/tr>\n<tr>\n<td colspan=\"7\">Standard Feature Of control System<\/td>\n<\/tr>\n<tr>\n<td>Electric Supply Required<\/td>\n<td colspan=\"6\">3 phase, 380V 50\/60Hz (Optional: 3 phase, 220V 50\/60Hz optional)<\/td>\n<\/tr>\n<tr>\n<td>Gross Power<\/td>\n<td>105KW<\/td>\n<td>105KW<\/td>\n<td>105KW<\/td>\n<td>125 KW<\/td>\n<td>125KW<\/td>\n<td>125KW<\/td>\n<\/tr>\n<tr>\n<td>Power For Warm Up<\/td>\n<td>60KW<\/td>\n<td>60KW<\/td>\n<td>60KW<\/td>\n<td>85KW<\/td>\n<td>85KW<\/td>\n<td>85KW<\/td>\n<\/tr>\n<tr>\n<td>Normal Power Consumption<\/td>\n<td>10-11KW<\/td>\n<td>11-12KW<\/td>\n<td>10.5-11.5KW<\/td>\n<td>12-13KW<\/td>\n<td>13-14KW<\/td>\n<td>12.5-13.5KW<\/td>\n<\/tr>\n<tr>\n<td>Warming Time<\/td>\n<td colspan=\"6\">\u226430 minutes<\/td>\n<\/tr>\n<tr>\n<td>Temp. Setting Range<\/td>\n<td colspan=\"6\">Room Temp. &#8212; 300\u2103 (Optional: 350\u2103)<\/td>\n<\/tr>\n<tr>\n<td>Temperature Control Method<\/td>\n<td colspan=\"6\">PID close Loop Control + SSR Driving<\/td>\n<\/tr>\n<tr>\n<td>Temperature Control Precision<\/td>\n<td colspan=\"6\">\u00b1 1.0\u2103<\/td>\n<\/tr>\n<tr>\n<td>Temperature Deviation on PCB<\/td>\n<td colspan=\"6\">\u00b1 1.5\u2103 (by JT Board Test Standard)<\/td>\n<\/tr>\n<tr>\n<td>Heating Element<\/td>\n<td colspan=\"6\">Special Heating elements for Long Life<\/td>\n<\/tr>\n<tr>\n<td>Commutated Element<\/td>\n<td colspan=\"6\">Aluminum Alloy Plate<\/td>\n<\/tr>\n<tr>\n<td>Max. Temp. Gap Between Preheat &amp; Reflow Setting<\/td>\n<td colspan=\"6\">80\u2103<\/td>\n<\/tr>\n<tr>\n<td>Max. Temp. Gap Between Preheat Zones Setting<\/td>\n<td colspan=\"6\">40\u2103<\/td>\n<\/tr>\n<tr>\n<td>Max. Temp. Gap Between Reflow Zones Setting<\/td>\n<td colspan=\"6\">40\u2103<\/td>\n<\/tr>\n<tr>\n<td>Data Storage<\/td>\n<td colspan=\"6\">Can store various production setting parameters and status process Data and Status Storage<\/td>\n<\/tr>\n<tr>\n<td>Abnormal Alarm<\/td>\n<td colspan=\"6\">Abnormal Temperature (Extra-high \/ Extra-low Temp.)<\/td>\n<\/tr>\n<tr>\n<td>Board Dropped Alarm<\/td>\n<td colspan=\"6\">Tower Light: Yellow-Warming; Green-Normal; Red-Abnormal<\/td>\n<\/tr>\n<\/tbody>\n<\/table>\n<\/div>\n<div>\n<table class=\"huawei68-table\">\n<tbody>\n<tr class=\"firstRow\">\n<td colspan=\"7\">Standard Features Of conveyor System<\/td>\n<\/tr>\n<tr>\n<td>Rail Structure<\/td>\n<td colspan=\"6\">Subsection Integrated Type<\/td>\n<\/tr>\n<tr>\n<td>Max.WidthOf PCB<\/td>\n<td>400mm(Option:460mm )<\/td>\n<td rowspan=\"2\">Motorized; Twin lanes width adjustable 50\uff5e250mm or Single lane 50\uff5e490mm<\/td>\n<td>610mm (Option: 686mm )<\/td>\n<td>400mm(Option:460mm )<\/td>\n<td rowspan=\"2\">Motorized; Twin lanes width adjustable 50\uff5e250mm or Single lane 50\uff5e490mm<\/td>\n<td>610mm (Option:686mm )<\/td>\n<\/tr>\n<tr>\n<td>Range Of Rail Width\/Adjustment<\/td>\n<td>50&#8211;400mm\/ Motorized<\/td>\n<td>50&#8211;610mm\/ Electric Motorized<\/td>\n<td>50&#8211;400mm\/ Motorized<\/td>\n<td>50&#8211;610mm\/ Electric Motorized<\/td>\n<\/tr>\n<tr>\n<td>Components Clearance<\/td>\n<td colspan=\"6\">PCB board 30\/bottom 25mm, Top 30\/Bottom 25mm<\/td>\n<\/tr>\n<tr>\n<td>Conveyor Direction<\/td>\n<td colspan=\"6\">Left to right L\u2192R (Option: Right to left R\u2192L)<\/td>\n<\/tr>\n<tr>\n<td>Transport rail fixed method Fixed Rail Side<\/td>\n<td>Front Rail Fixed (Option:Rear Rail Fixed)<\/td>\n<td>Front and Rear End Rails Fixed, 2 Central Rail adjustable.<\/td>\n<td>Front Rail Fixed (Option:Rear Rail Fixed)<\/td>\n<td>Front Rail Fixed (Option:Rear Rail Fixed)<\/td>\n<td>Front and Rear End Rails Fixed, 2 Central Rail adjustable.<\/td>\n<td>Front Rail Fixed (Option:Rear Rail Fixed)<\/td>\n<\/tr>\n<tr>\n<td>PCB Transportation Methods PCB Transmission Agent<\/td>\n<td colspan=\"6\">N2-Reflow = Chain only and Mesh optional<\/td>\n<\/tr>\n<tr>\n<td>Center Support (Option)<\/td>\n<td colspan=\"6\">Preventing PCB warp such too wide and heavy component load<\/td>\n<\/tr>\n<tr>\n<td>Conveyor Height<\/td>\n<td colspan=\"6\">900\u00b120mm<\/td>\n<\/tr>\n<tr>\n<td>Conveyor Speed Range<\/td>\n<td colspan=\"6\">300\uff5e2000mm\/min<\/td>\n<\/tr>\n<tr>\n<td>Lubrication Auto-Afflux<\/td>\n<td colspan=\"6\">Standard configuration<\/td>\n<\/tr>\n<tr>\n<td colspan=\"7\">Thermal Management System and Analysis System<\/td>\n<\/tr>\n<tr>\n<td>Electrical driven Top Hood Opening<\/td>\n<td colspan=\"6\">Standard configuration<\/td>\n<\/tr>\n<tr>\n<td>On line Editing<\/td>\n<td colspan=\"6\">Standard configuration<\/td>\n<\/tr>\n<tr>\n<td colspan=\"7\">Process Gases N2<\/td>\n<\/tr>\n<tr>\n<td>Flux Management System<\/td>\n<td colspan=\"6\">Flux Reclaimed and Filtration standard for N2 Oven, easy clean-up.<\/td>\n<\/tr>\n<tr>\n<td>N2 containment at Entry and Exit End<\/td>\n<td colspan=\"6\">Standard configuration<\/td>\n<\/tr>\n<tr>\n<td>Flux Reclaim System<\/td>\n<td colspan=\"6\">Standard configuration<\/td>\n<\/tr>\n<tr>\n<td>Nitrogen Flow Meter<\/td>\n<td colspan=\"6\">Standard configuration<\/td>\n<\/tr>\n<tr>\n<td>Oxygen Analyser<\/td>\n<td colspan=\"6\">Standard configuration<\/td>\n<\/tr>\n<tr>\n<td>Nitrogen Consumption [Standard]<\/td>\n<td colspan=\"6\">300~1000PPM at15-20m\u00b3\/hr (nitrogen purity 99.999%, 0.4~0.7MPa)<\/td>\n<\/tr>\n<tr>\n<td>Nitrogen consumption (Dilated hearth)<\/td>\n<td colspan=\"6\">500~1000PPM at 20~25m\u00b3\/hr (nitrogen purity 99.999%, 0.4~0.7MPa)<\/td>\n<\/tr>\n<tr>\n<td>Water Chiller<\/td>\n<td colspan=\"3\">3HP External Stand-alone Type, Powerful Cooling suit to Lead-Free Process Required<\/td>\n<td colspan=\"3\">5HP External Stand-alone Type, Powerful Cooling suitable to Lead-Free Process Required<\/td>\n<\/tr>\n<tr>\n<td>External Circuiating Cooling Water Requirements<\/td>\n<td colspan=\"6\">Inlet water temperature: \u226425\u2103; outlet water temperature: ice water coming out of the furnace increases by 3-10\u2103; PH value: 7-9; suspended matter: no metal particles, no impurities; flow rate: 3M3\/h; inlet water pressure: 1-2kgf; return water pressure difference 0.5kgf; inlet and outlet water pipe diameter: \u03a625mm;<\/td>\n<\/tr>\n<tr>\n<td colspan=\"7\">Note: The power indicated in the above BOM does not include the chiller power.<\/td>\n<\/tr>\n<\/tbody>\n<\/table>\n<\/div>\n<\/div>\n<\/div>\n<\/div>\n<\/div>\n<\/div>\n<\/div>\n<\/div>\n<p>&nbsp;<\/p>\n","protected":false},"excerpt":{"rendered":"<h1>Sino-micro Azot Reflow Lehimleme f\u0131r\u0131n\u0131<\/h1>\n<p><!--more--><\/p>\n<p>Sino-micro Azot Reflow Lehimleme F\u0131r\u0131n\u0131 Ekipman\u0131 Avantajlar\u0131:<\/p>\n<p>Bu geli\u015fmi\u015f Sino-micro Vakumlu Reflow Lehimleme f\u0131r\u0131n\u0131, Huawei ve Foxconn gibi k\u00fcresel end\u00fcstri liderleri taraf\u0131ndan benimsenerek zorlu \u00fcretim ortamlar\u0131nda g\u00fcvenilirli\u011fini ve performans\u0131n\u0131 kan\u0131tlam\u0131\u015ft\u0131r.<\/p>\n<p>Teknik \u00d6zellikler:<br \/>\n- Vakum Performans\u0131: 1 mbar'a kadar vakum seviyesine ula\u015f\u0131r.<br \/>\n- S\u0131cakl\u0131k Tekd\u00fczeli\u011fi: Proses b\u00f6lgesi boyunca \u2264\u00b10,3\u2103 sapmalarla ola\u011fan\u00fcst\u00fc s\u0131cakl\u0131k tutarl\u0131l\u0131\u011f\u0131n\u0131 korur.<br \/>\n- Tam Proses Azot Korumas\u0131: Lehimleme s\u0131ras\u0131nda y\u00fcksek safl\u0131kta nitrojen (oksijen i\u00e7eri\u011fi \u226450ppm) sa\u011flayan en son nitrojen koruma teknolojisini i\u00e7erir. Bu, bile\u015fen oksidasyonunu etkili bir \u015fekilde \u00f6nler ve lehim ba\u011flant\u0131 kalitesini \u00f6nemli \u00f6l\u00e7\u00fcde art\u0131r\u0131r.<\/p>\n<p>Temel De\u011fer \u00d6nermesi:<br \/>\nBo\u015fluk olu\u015fum oranlar\u0131n\u0131 \u22642%'ye kadar \u00f6nemli \u00f6l\u00e7\u00fcde azaltarak ola\u011fan\u00fcst\u00fc s\u00fcre\u00e7 iyile\u015ftirmeleri sa\u011flar, \u00fcst\u00fcn \u00fcr\u00fcn b\u00fct\u00fcnl\u00fc\u011f\u00fc ve g\u00fcvenilirli\u011fi sa\u011flar.<\/p>\n<p>&nbsp;<\/p>\n<p>Sino-micro Nitrojen Reflow Lehimleme f\u0131r\u0131n\u0131, kaynak i\u015flemi s\u0131ras\u0131nda y\u00fcksek safl\u0131kta nitrojen (N\u2082) enjekte etmek i\u00e7in geli\u015fmi\u015f inert gaz koruma teknolojisini kullan\u0131r, oksidasyonu etkili bir \u015fekilde azalt\u0131r ve lehim ba\u011flant\u0131 kalitesini iyile\u015ftirir. \u00d6zellikle y\u00fcksek hassasiyetli elektronik montaj i\u00e7in uygundur (PCB, SMT yama, BGA paketi vb.). Ekipman, s\u0131cakl\u0131\u011f\u0131 do\u011fru bir \u015fekilde kontrol etme, e\u015fit \u015fekilde \u0131s\u0131tma ve d\u00fc\u015f\u00fck oksijenli ortam\u0131 kontrol etme yetene\u011fine sahiptir, bu da onu elektronik \u00fcretim alan\u0131nda ideal bir se\u00e7im haline getirir.<\/p>","protected":false},"featured_media":23374,"comment_status":"open","ping_status":"closed","template":"","meta":{"iawp_total_views":7},"etheme_brands":[],"product_brand":[],"product_cat":[138],"product_tag":[],"class_list":{"0":"post-23373","1":"product","2":"type-product","3":"status-publish","4":"has-post-thumbnail","6":"product_cat-wave-soldering","8":"first","9":"instock","10":"shipping-taxable","11":"product-type-simple"},"_links":{"self":[{"href":"https:\/\/v2smt.com\/tr\/wp-json\/wp\/v2\/product\/23373","targetHints":{"allow":["GET"]}}],"collection":[{"href":"https:\/\/v2smt.com\/tr\/wp-json\/wp\/v2\/product"}],"about":[{"href":"https:\/\/v2smt.com\/tr\/wp-json\/wp\/v2\/types\/product"}],"replies":[{"embeddable":true,"href":"https:\/\/v2smt.com\/tr\/wp-json\/wp\/v2\/comments?post=23373"}],"version-history":[{"count":6,"href":"https:\/\/v2smt.com\/tr\/wp-json\/wp\/v2\/product\/23373\/revisions"}],"predecessor-version":[{"id":23393,"href":"https:\/\/v2smt.com\/tr\/wp-json\/wp\/v2\/product\/23373\/revisions\/23393"}],"wp:featuredmedia":[{"embeddable":true,"href":"https:\/\/v2smt.com\/tr\/wp-json\/wp\/v2\/media\/23374"}],"wp:attachment":[{"href":"https:\/\/v2smt.com\/tr\/wp-json\/wp\/v2\/media?parent=23373"}],"wp:term":[{"taxonomy":"brand","embeddable":true,"href":"https:\/\/v2smt.com\/tr\/wp-json\/wp\/v2\/etheme_brands?post=23373"},{"taxonomy":"product_brand","embeddable":true,"href":"https:\/\/v2smt.com\/tr\/wp-json\/wp\/v2\/product_brand?post=23373"},{"taxonomy":"product_cat","embeddable":true,"href":"https:\/\/v2smt.com\/tr\/wp-json\/wp\/v2\/product_cat?post=23373"},{"taxonomy":"product_tag","embeddable":true,"href":"https:\/\/v2smt.com\/tr\/wp-json\/wp\/v2\/product_tag?post=23373"}],"curies":[{"name":"wp","href":"https:\/\/api.w.org\/{rel}","templated":true}]}}