{"id":23350,"date":"2025-12-29T03:57:01","date_gmt":"2025-12-29T03:57:01","guid":{"rendered":"https:\/\/v2smt.com\/?post_type=product&#038;p=23350"},"modified":"2025-12-29T03:57:40","modified_gmt":"2025-12-29T03:57:40","slug":"vt-680-economic-offline-aoi-system","status":"publish","type":"product","link":"https:\/\/v2smt.com\/tr\/products\/vt-680-economic-offline-aoi-system\/","title":{"rendered":"VT-680 Ekonomik \u00c7evrimd\u0131\u015f\u0131 AOI Sistemi"},"content":{"rendered":"<h1>VT-680 Ekonomik \u00c7evrimd\u0131\u015f\u0131 AOI Sistemi<\/h1>\n<h3><strong>VT-680 \u00c7evrimd\u0131\u015f\u0131 AOI Sistemi<\/strong><\/h3>\n<p><strong>SMT ve DIP \u00dcretim Hatlar\u0131 i\u00e7in Hassas Denetim<\/strong><\/p>\n<p>\ud83d\udd0d\u00a0<strong>Temel Yetenekler<\/strong>:<\/p>\n<ol>\n<li><strong>\u00c7ok Y\u00f6nl\u00fc PCB \u0130\u015fleme<\/strong>\n<ul>\n<li>A\u015fa\u011f\u0131dakilerden panolar\u0131 bar\u0131nd\u0131r\u0131r\u00a0<strong>20\u00d720mm ila 450\u00d7350mm<\/strong>\u00a0(kal\u0131nl\u0131k: 0.3-5.0mm), tekli, \u00e7oklu veya\u00a0<strong>\u00e7ift tarafl\u0131 denetim<\/strong>\u00a0bir d\u00f6ng\u00fcde\u00a0<a class=\"citation-link\" href=\"https:\/\/yangcui319.cn.b2b168.com\/m\/supply\/v42012586.html\" rel=\"nofollow noopener\" target=\"_blank\"><img decoding=\"async\" class=\"citation-icon\" src=\"http:\/\/127.0.0.1:45001\/api\/images\/lu.png\" \/><\/a>\u00a0<a class=\"citation-link\" href=\"http:\/\/china.makepolo.com\/product-detail\/100342333146.html\" rel=\"nofollow noopener\" target=\"_blank\"><img decoding=\"async\" class=\"citation-icon\" src=\"http:\/\/127.0.0.1:45001\/api\/images\/lu.png\" \/><\/a>\u00a0<a class=\"citation-link\" href=\"https:\/\/www.hi1718.com\/product\/2013121713529147.html\" rel=\"nofollow noopener\" target=\"_blank\"><img decoding=\"async\" class=\"citation-icon\" src=\"http:\/\/127.0.0.1:45001\/api\/images\/lu.png\" \/><\/a>\u00a0.<\/li>\n<\/ul>\n<\/li>\n<li><strong>Kapsaml\u0131 Kusur Tespiti<\/strong>\n<ul>\n<li>Tan\u0131mlar\u00a0<strong>18+ kritik kusur<\/strong>: eksik\/bile\u015fenler, tombstoneing, k\u00f6pr\u00fcleme, yanl\u0131\u015f hizalama, lehim bo\u015fluklar\u0131, IC pin b\u00fck\u00fclmesi ve polarite hatalar\u0131\u00a0<a class=\"citation-link\" href=\"https:\/\/www.hi1718.com\/product\/2013121713529147.html\" rel=\"nofollow noopener\" target=\"_blank\"><img decoding=\"async\" class=\"citation-icon\" src=\"http:\/\/127.0.0.1:45001\/api\/images\/lu.png\" \/><\/a>\u00a0.<\/li>\n<\/ul>\n<\/li>\n<li><strong>Y\u00fcksek H\u0131zl\u0131 Hassasiyet<\/strong>\n<ul>\n<li><strong>3MP<\/strong>\u00a0(1600\u00d71200) ile\u00a0<strong>18\u03bcm \u00e7\u00f6z\u00fcn\u00fcrl\u00fck<\/strong>\u00a0ve \u00e7ok kanall\u0131 LED ayd\u0131nlatma\u00a0<a class=\"citation-link\" href=\"https:\/\/www.hi1718.com\/product\/2013121713529147.html\" rel=\"nofollow noopener\" target=\"_blank\"><img decoding=\"async\" class=\"citation-icon\" src=\"http:\/\/127.0.0.1:45001\/api\/images\/lu.png\" \/><\/a>\u00a0.<\/li>\n<li><strong>800 mm\/s tarama h\u0131z\u0131<\/strong>\u00a0ve\u00a0<strong>&lt;8\u03bcm konumland\u0131rma hassasiyeti<\/strong>\u00a0servo tahrikli mekanikler ile\u00a0<a class=\"citation-link\" href=\"https:\/\/www.hi1718.com\/product\/2013121713529147.html\" rel=\"nofollow noopener\" target=\"_blank\"><img decoding=\"async\" class=\"citation-icon\" src=\"http:\/\/127.0.0.1:45001\/api\/images\/lu.png\" \/><\/a>\u00a0.<\/li>\n<\/ul>\n<\/li>\n<\/ol>\n<p>\u2699\ufe0f\u00a0<strong>Temel Avantajlar<\/strong>:<\/p>\n<ul>\n<li><strong>\u00c7ift Tarafl\u0131 ve \u00c7oklu PCB Denetimi<\/strong>: Panolar\u0131n veya birden fazla panelin her iki taraf\u0131n\u0131 ayn\u0131 anda kontrol ederek verimi art\u0131r\u0131r\u00a0<a class=\"citation-link\" href=\"https:\/\/yangcui319.cn.b2b168.com\/m\/supply\/v42012586.html\" rel=\"nofollow noopener\" target=\"_blank\"><img decoding=\"async\" class=\"citation-icon\" src=\"http:\/\/127.0.0.1:45001\/api\/images\/lu.png\" \/><\/a>\u00a0<a class=\"citation-link\" href=\"http:\/\/china.makepolo.com\/product-detail\/100342333146.html\" rel=\"nofollow noopener\" target=\"_blank\"><img decoding=\"async\" class=\"citation-icon\" src=\"http:\/\/127.0.0.1:45001\/api\/images\/lu.png\" \/><\/a>\u00a0.<\/li>\n<li><strong>S\u0131f\u0131r Programlama Karma\u015f\u0131kl\u0131\u011f\u0131<\/strong>: Sezgisel Windows i\u015fletim sistemi ile\u00a0<strong>\u0130ngilizce\/\u00c7ince aray\u00fcz<\/strong>\u00a0ve otomatik hata raporlama\u00a0<a class=\"citation-link\" href=\"https:\/\/www.hi1718.com\/product\/2013121713529147.html\" rel=\"nofollow noopener\" target=\"_blank\"><img decoding=\"async\" class=\"citation-icon\" src=\"http:\/\/127.0.0.1:45001\/api\/images\/lu.png\" \/><\/a>\u00a0.<\/li>\n<li><strong>Esnek Da\u011f\u0131t\u0131m<\/strong>: Kompakt ayak izi (900\u00d71100\u00d71300mm), \u00e7evrimd\u0131\u015f\u0131 \u00e7al\u0131\u015fma ve\u00a0<strong>7\/24 istikrar<\/strong>\u00a0(-10\u00b0C ila 40\u00b0C)\u00a0<a class=\"citation-link\" href=\"https:\/\/www.hi1718.com\/product\/2013121713529147.html\" rel=\"nofollow noopener\" target=\"_blank\"><img decoding=\"async\" class=\"citation-icon\" src=\"http:\/\/127.0.0.1:45001\/api\/images\/lu.png\" \/><\/a>\u00a0<a class=\"citation-link\" href=\"https:\/\/www.ekt-tech.com\/product\/36.html\" rel=\"nofollow noopener\" target=\"_blank\"><img decoding=\"async\" class=\"citation-icon\" src=\"http:\/\/127.0.0.1:45001\/api\/images\/lu.png\" \/><\/a>\u00a0.<\/li>\n<li><strong>Sekt\u00f6rde Kan\u0131tlanm\u0131\u015f<\/strong>: EMS\/Otomotiv \u00fcreticileri taraf\u0131ndan g\u00fcvenilen\u00a0<strong>\u00dclke \u00e7ap\u0131nda 1 y\u0131l garanti<\/strong>\u00a0<a class=\"citation-link\" href=\"https:\/\/m.makepolo.com\/product\/100988453297.html\" rel=\"nofollow noopener\" target=\"_blank\"><img decoding=\"async\" class=\"citation-icon\" src=\"http:\/\/127.0.0.1:45001\/api\/images\/lu.png\" \/><\/a>\u00a0<a class=\"citation-link\" href=\"https:\/\/www.hi1718.com\/product\/2013121713529147.html\" rel=\"nofollow noopener\" target=\"_blank\"><img decoding=\"async\" class=\"citation-icon\" src=\"http:\/\/127.0.0.1:45001\/api\/images\/lu.png\" \/><\/a>\u00a0.<\/li>\n<\/ul>\n<blockquote><p><strong>Neden VT-680?<\/strong><br \/>\n<em>\u201cY\u00fcksek kar\u0131\u015f\u0131ml\u0131 SMT\/DIP hatlar\u0131 i\u00e7in geli\u015ftirilmi\u015f bir sistem olan 90% ile hatadan ka\u00e7\u0131\u015f oranlar\u0131n\u0131 azalt\u0131n. Do\u011fruluktan \u00f6d\u00fcn vermeden g\u00fcvenilir, operat\u00f6r dostu denetime ihtiya\u00e7 duyan maliyet odakl\u0131 \u00fcreticiler i\u00e7in idealdir.\u201d<\/em><\/p><\/blockquote>\n<hr \/>\n<h3><strong>Eyleme \u00c7a\u011fr\u0131 (CTA)<\/strong>:<\/h3>\n<p>\u2705\u00a0<strong>\u0130le Sorgular\u0131 Y\u00f6nlendirin<\/strong>:<\/p>\n<ul>\n<li><strong>Man\u015fet<\/strong>:\u00a0<em>\u201cPCB Kusurlar\u0131n\u0131 Ortadan Kald\u0131r\u0131n: VT-680 Teklifinizi Bug\u00fcn Al\u0131n\u201d<\/em><\/li>\n<li><strong>D\u00fc\u011fme<\/strong>:\u00a0<strong>\u201cCanl\u0131 Demo \u0130ste\u201d<\/strong>\u00a0veya\u00a0<strong>\u201cTeknik \u00d6zellik Sayfas\u0131n\u0131 \u0130ndir\u201d<\/strong><\/li>\n<li><strong>Te\u015fvik<\/strong>:\u00a0<em>\u201c\u00dccretsiz Uygulama De\u011ferlendirmesi: Veriminizi Optimize Edin\u201d<\/em><\/li>\n<\/ul>\n<p>#OfflineAOI #PCBinspection #SMTQuality #VT680 #AOImachine #ElectronicsManufacturing<\/p>\n<p><strong>\u0130\u00e7in \u0130deal<\/strong>:<\/p>\n<ul>\n<li>Orta hacimli SMT\/DIP montaj\u0131<\/li>\n<li>Otomotiv, end\u00fcstriyel ve t\u00fcketici elektroni\u011fi<\/li>\n<li>Tesislerin \u00f6nceliklendirilmesi\u00a0<strong>kullan\u0131m kolayl\u0131\u011f\u0131<\/strong>\u00a0ve\u00a0<strong>h\u0131zl\u0131 yat\u0131r\u0131m getirisi<\/strong><\/li>\n<\/ul>","protected":false},"excerpt":{"rendered":"<h2>VT-680 Ekonomik \u00c7evrimd\u0131\u015f\u0131 AOI Sistemi<\/h2>\n<p>Bu, \u00fcretimde \u00e7evrimd\u0131\u015f\u0131, hassas kalite kontrol\u00fc i\u00e7in tasarlanm\u0131\u015f ucuz bir otomatik optik denetim makinesidir. Telesentrik lensli 3MP y\u00fcksek h\u0131zl\u0131 ak\u0131ll\u0131 dijital end\u00fcstriyel kameraya ve RGB LED ayd\u0131nlatmaya sahiptir.<\/p>","protected":false},"featured_media":23351,"comment_status":"open","ping_status":"closed","template":"","meta":{"iawp_total_views":8},"etheme_brands":[],"product_brand":[],"product_cat":[136],"product_tag":[],"class_list":{"0":"post-23350","1":"product","2":"type-product","3":"status-publish","4":"has-post-thumbnail","6":"product_cat-automated-optical-inspection","8":"first","9":"instock","10":"shipping-taxable","11":"product-type-simple"},"_links":{"self":[{"href":"https:\/\/v2smt.com\/tr\/wp-json\/wp\/v2\/product\/23350","targetHints":{"allow":["GET"]}}],"collection":[{"href":"https:\/\/v2smt.com\/tr\/wp-json\/wp\/v2\/product"}],"about":[{"href":"https:\/\/v2smt.com\/tr\/wp-json\/wp\/v2\/types\/product"}],"replies":[{"embeddable":true,"href":"https:\/\/v2smt.com\/tr\/wp-json\/wp\/v2\/comments?post=23350"}],"version-history":[{"count":0,"href":"https:\/\/v2smt.com\/tr\/wp-json\/wp\/v2\/product\/23350\/revisions"}],"wp:featuredmedia":[{"embeddable":true,"href":"https:\/\/v2smt.com\/tr\/wp-json\/wp\/v2\/media\/23351"}],"wp:attachment":[{"href":"https:\/\/v2smt.com\/tr\/wp-json\/wp\/v2\/media?parent=23350"}],"wp:term":[{"taxonomy":"brand","embeddable":true,"href":"https:\/\/v2smt.com\/tr\/wp-json\/wp\/v2\/etheme_brands?post=23350"},{"taxonomy":"product_brand","embeddable":true,"href":"https:\/\/v2smt.com\/tr\/wp-json\/wp\/v2\/product_brand?post=23350"},{"taxonomy":"product_cat","embeddable":true,"href":"https:\/\/v2smt.com\/tr\/wp-json\/wp\/v2\/product_cat?post=23350"},{"taxonomy":"product_tag","embeddable":true,"href":"https:\/\/v2smt.com\/tr\/wp-json\/wp\/v2\/product_tag?post=23350"}],"curies":[{"name":"wp","href":"https:\/\/api.w.org\/{rel}","templated":true}]}}