{"id":23168,"date":"2025-08-26T08:14:38","date_gmt":"2025-08-26T08:14:38","guid":{"rendered":"https:\/\/v2smt.com\/?post_type=product&#038;p=23168"},"modified":"2025-08-26T08:35:16","modified_gmt":"2025-08-26T08:35:16","slug":"pcba-cleaning-machine-v560","status":"publish","type":"product","link":"https:\/\/v2smt.com\/tr\/products\/pcba-cleaning-machine-v560\/","title":{"rendered":"PCBA temizleme makinesi V560"},"content":{"rendered":"<h1>PCBA temizleme makinesi V560<\/h1>\n<p>V560 PCBA Flux Temizleme Ekipman\u0131n\u0131n Temel Avantajlar\u0131 \/ PCBA temizleme makinesi V560<\/p>\n<p>1. Hepsi Bir Arada Hazne Tasar\u0131m\u0131 \u25e6 Temizleme, durulama, kurutma i\u015flemlerini tek bir kapal\u0131 haznede tamamlar \u2192 Transfer kay\u0131plar\u0131n\u0131 ve \u00e7apraz kontaminasyon risklerini ortadan kald\u0131r\u0131r. Kompakt \u00fcretim ayak izleri i\u00e7in idealdir.<\/p>\n<p>2. Geli\u015fmi\u015f \u00c7oklu Model Uyumlulu\u011fu \u25e6 Farkl\u0131 PCBA modellerinde 100% temizlik sa\u011flamak i\u00e7in end\u00fcstri lideri s\u00fcre\u00e7leri kullan\u0131r \u2192 \u00dcr\u00fcn \u00e7e\u015fitlili\u011finden ba\u011f\u0131ms\u0131z olarak tutarl\u0131 y\u00fcksek kalite sa\u011flar. Kar\u0131\u015f\u0131k SMT hatlar\u0131n\u0131 verimli bir \u015fekilde destekler.<\/p>\n<p>3. Tam Otomatik \u0130\u015f Ak\u0131\u015f\u0131 \u25e6 Manuel y\u00fckleme ve dokunmatik ekran programlamas\u0131ndan sonra:<br \/>\n\u2705 T\u00fcm d\u00f6ng\u00fcy\u00fc otomatikle\u015ftirir (ba\u015flat\u2192durdur\u2192reset)<br \/>\n\u2705 Ard\u0131\u015f\u0131k partiler i\u00e7in kendi kendini s\u0131f\u0131rlama \u2192 Operat\u00f6r m\u00fcdahalesini en aza indirir, i\u015f\u00e7ilik maliyetlerini azalt\u0131r.<\/p>\n<p>4. \u00c7evre Dostu ve G\u00fcvenli Kimya \u25e6 Temizlik maddesi olarak tehlikeli olmayan su bazl\u0131 s\u0131v\u0131lar veya DI su kullan\u0131r \u2192 Toksik duman \/ VOC emisyonu yoktur. S\u0131f\u0131r KKD gereksinimi ile operat\u00f6rler i\u00e7in g\u00fcvenlidir. Solvent sistemlerine k\u0131yasla d\u00fc\u015f\u00fck at\u0131k bertaraf maliyetleri.<\/p>\n<p>5. Entegre Sistem Mimarisi \u25e6 Kritik i\u015flevler i\u00e7in \u00f6zel alt sistemler:<br \/>\n\ud83d\udd27 Hassas temizlik \u2192 Kapsaml\u0131 durulama \u2192 Kontroll\u00fc kurutma \u2192 Aktif filtreleme \u2192 \u00c7al\u0131\u015fma s\u00fcresini ve tekrarlanabilirli\u011fi en \u00fcst d\u00fczeye \u00e7\u0131kar\u0131r. Gaz\/elektrik g\u00fc\u00e7 dengesi enerji verimlili\u011fini optimize eder.<\/p>\n<p>6. Kullan\u0131c\u0131 Merkezli Ergonomi \u25e6 Sezgisel dokunmatik ekran HMI karma\u015f\u0131k parametreleri zahmetsizce kontrol eder \u2192 K\u0131sa e\u011fitim e\u011frileri. Manuel y\u00fckleme aray\u00fcz\u00fc, otomasyon avantajlar\u0131ndan \u00f6d\u00fcn vermeden toplu i\u015flemeyi kolayla\u015ft\u0131r\u0131r.<\/p>\n<p>7. Y\u00fcksek Performans ve G\u00fcvenilirlik \u25e6 SML'ler (K\u00fc\u00e7\u00fck-Orta Hatlar) i\u00e7in \u00f6zel olarak \u00fcretilmi\u015ftir: Y\u00fcksek verim yo\u011funlu\u011fu + end\u00fcstriyel s\u0131n\u0131f bile\u015fenler \u2192 Zorlu ortamlarda dayan\u0131kl\u0131 \u00e7al\u0131\u015fma s\u00fcresi. Yeni nesil tasar\u0131m h\u0131z, g\u00fcvenlik ve \u00f6l\u00e7eklenebilirli\u011fi bir araya getirir.<\/p>\n<table width=\"1062\">\n<tbody>\n<tr>\n<td width=\"205\"><b>Temizleme odas\u0131 boyutlar\u0131<\/b><\/td>\n<td width=\"324\">L690xW620xH715 (mm)<\/td>\n<td width=\"192\"><b>ya\u011fmurlama si\u0307stemi\u0307<\/b><\/td>\n<td width=\"340\">Yukar\u0131 ve a\u015fa\u011f\u0131 360 derece d\u00f6nen sprey temizleme<\/td>\n<\/tr>\n<tr>\n<td width=\"205\"><b>Y\u0131kama sepeti boyutu<\/b><\/td>\n<td width=\"324\">L610xW560xH100 (mm) \u00e7ift katmanl\u0131 tasar\u0131m<\/td>\n<td width=\"192\"><b>Temizleme p\u00fcsk\u00fcrtme bas\u0131n\u00e7 aral\u0131\u011f\u0131<\/b><\/td>\n<td width=\"340\">0.3~0.6 (Mpa)<\/td>\n<\/tr>\n<tr>\n<td width=\"205\"><b>Konsantre tank kapasitesi<\/b><\/td>\n<td width=\"324\">30L<\/td>\n<td width=\"192\"><b>P\u00fcsk\u00fcrtme tank\u0131 kapasitesi<\/b><\/td>\n<td width=\"340\">17L-23L<\/td>\n<\/tr>\n<tr>\n<td width=\"205\"><b>Seyreltici tank kapasitesi<\/b><\/td>\n<td width=\"324\">70L<\/td>\n<td width=\"192\"><b>Y\u0131kama sepeti y\u00fck\u00fc<\/b><\/td>\n<td width=\"340\">100KG<\/td>\n<\/tr>\n<tr>\n<td width=\"205\"><b>Kaba y\u0131kama s\u00fcresi<\/b><\/td>\n<td width=\"324\">3~8 dakika (referans)<\/td>\n<td width=\"192\"><b>Durulama s\u00fcresi<\/b><\/td>\n<td width=\"340\">1~2 dakika\/zaman, 1-10 kez (gerekti\u011fi gibi ayarlay\u0131n)<\/td>\n<\/tr>\n<tr>\n<td width=\"205\"><b>Kuruma s\u00fcresi<\/b><\/td>\n<td width=\"324\">20~30 dakika (referans)<\/td>\n<td width=\"192\"><b>S\u0131v\u0131 \u0131s\u0131tma s\u0131cakl\u0131\u011f\u0131<\/b><\/td>\n<td width=\"340\">~75P<\/td>\n<\/tr>\n<tr>\n<td width=\"205\"><b>\u0130\u00e7 bo\u015fluk s\u0131cakl\u0131k dengeleme g\u00fcc\u00fc<\/b><\/td>\n<td width=\"324\">6KW<\/td>\n<td width=\"192\"><b>S\u0131cak hava kurutma s\u0131cakl\u0131\u011f\u0131 oda s\u0131cakl\u0131\u011f\u0131<\/b><\/td>\n<td width=\"340\">~99P<\/td>\n<\/tr>\n<tr>\n<td width=\"205\"><b>Solvent tank\u0131 \u0131s\u0131t\u0131c\u0131 g\u00fcc\u00fc<\/b><\/td>\n<td width=\"324\">9KW<\/td>\n<td width=\"192\"><b>Kurutma \u0131s\u0131t\u0131c\u0131 g\u00fcc\u00fc<\/b><\/td>\n<td width=\"340\">6KW<\/td>\n<\/tr>\n<tr>\n<td width=\"205\"><b>Yatay p\u00fcsk\u00fcrtme pompas\u0131 g\u00fcc\u00fc<\/b><\/td>\n<td width=\"324\">5.5KW<\/td>\n<td width=\"192\"><b>Rezistivite \u00f6l\u00e7er izleme aral\u0131\u011f\u0131<\/b><\/td>\n<td width=\"340\">0~ 18MQ-cm<\/td>\n<\/tr>\n<tr>\n<td width=\"205\"><b>Hava kayna\u011f\u0131<\/b><\/td>\n<td width=\"324\">0,4-0,7Mpa<\/td>\n<td width=\"192\"><b>su giri\u015fi ve \u00e7\u0131k\u0131\u015f\u0131<\/b><\/td>\n<td width=\"340\">1 in\u00e7 h\u0131zl\u0131 serbest b\u0131rakma aray\u00fcz\u00fc<\/td>\n<\/tr>\n<tr>\n<td width=\"205\"><b>G\u00dc\u00c7 KAYNA\u011eI<\/b><\/td>\n<td width=\"324\">AC380V 3P, 50\/60HZ 27KW<\/td>\n<td width=\"192\"><b>Makine a\u011f\u0131rl\u0131\u011f\u0131<\/b><\/td>\n<td width=\"340\">400KG<\/td>\n<\/tr>\n<tr>\n<td width=\"205\"><b>Makine boyutu<\/b><\/td>\n<td width=\"324\">L1200xW1100xH 1780\u00b130 (mm)<\/td>\n<td width=\"192\"><b>Egzoz portu boyutu<\/b><\/td>\n<td width=\"340\">\u03a6100*30H (mm)<\/td>\n<\/tr>\n<tr>\n<td width=\"205\"><b>3 a\u015famal\u0131 filtreleme sistemi<\/b><\/td>\n<td colspan=\"3\" width=\"857\">Seviye 1 filtre (kirlilikleri ve etiketleri filtreler) Seviye 2 filtre (k\u00fc\u00e7\u00fck par\u00e7ac\u0131klar\u0131 ve lehim pastas\u0131n\u0131 filtreler) Seviye 3 filtre 5um (k\u00fc\u00e7\u00fck par\u00e7ac\u0131klar\u0131 ve re\u00e7ineyi filtreler)<\/td>\n<\/tr>\n<tr>\n<td width=\"205\"><b>Bir temizlik miktar\u0131<\/b><\/td>\n<td colspan=\"3\" width=\"857\">PCBA kart boyutu L200 \u00d7 W100 \u00d7 H20 (mm) temel al\u0131narak hesaplanm\u0131\u015ft\u0131r, her parti 100-160 adet y\u0131kayabilir<\/td>\n<\/tr>\n<\/tbody>\n<\/table>","protected":false},"excerpt":{"rendered":"<h2>PCBA temizleme makinesi V560<\/h2>\n<p><strong>K\u00fc\u00e7\u00fck ve Orta \u00d6l\u00e7ekli \u00dcretim Hatlar\u0131 i\u00e7in PCBA Flux Temizleme Ekipman\u0131.<\/strong>\u00a0V560, t\u00fcm ad\u0131mlar\u0131 (temizleme, durulama ve kurutma) tek bir b\u00f6lmede tamamlayarak tipik bir toplu temizleme i\u015flemi ger\u00e7ekle\u015ftirir. 100% temizlik ve \u00e7evre korumas\u0131 elde etmek i\u00e7in sekt\u00f6r\u00fcn en geli\u015fmi\u015f s\u00fcre\u00e7lerini kullanarak \u00e7ok modelli PCBA \u00fcretimi i\u00e7in temizlik kalitesini art\u0131r\u0131r. Temizleme, durulama, kurutma ve filtreleme sistemlerinden olu\u015fan makine elektrik ve gazla \u00e7al\u0131\u015f\u0131r. Bir operat\u00f6r PCBA'lar\u0131 manuel olarak temizleme odas\u0131na y\u00fckler, ard\u0131ndan dokunmatik ekran arac\u0131l\u0131\u011f\u0131yla her a\u015fama i\u00e7in parametreleri ayarlar. Makine bir kez ba\u015flat\u0131ld\u0131\u011f\u0131nda t\u00fcm d\u00f6ng\u00fcy\u00fc otomatik olarak ger\u00e7ekle\u015ftirir. Tamamland\u0131\u011f\u0131nda otomatik olarak durur ve bir sonraki parti i\u00e7in kendini s\u0131f\u0131rlar. Bu kullan\u0131c\u0131 dostu tasar\u0131m, hem \u00fcretim verimlili\u011fini hem de \u00fcr\u00fcn kalitesini \u00f6nemli \u00f6l\u00e7\u00fcde art\u0131r\u0131r. Yeni, y\u00fcksek performansl\u0131, tam otomatik bir \u00e7\u00f6z\u00fcm olan ekipman, tehlikeli olmayan, personel a\u00e7\u0131s\u0131ndan g\u00fcvenli temizlik maddesi olarak su bazl\u0131 s\u0131v\u0131 veya DI su kullan\u0131r.<\/p>","protected":false},"featured_media":23162,"comment_status":"closed","ping_status":"closed","template":"","meta":{"iawp_total_views":6},"etheme_brands":[],"product_brand":[],"product_cat":[182],"product_tag":[],"class_list":{"0":"post-23168","1":"product","2":"type-product","3":"status-publish","4":"has-post-thumbnail","6":"product_cat-pcb-cleaning-machine","8":"first","9":"instock","10":"shipping-taxable","11":"product-type-simple"},"_links":{"self":[{"href":"https:\/\/v2smt.com\/tr\/wp-json\/wp\/v2\/product\/23168","targetHints":{"allow":["GET"]}}],"collection":[{"href":"https:\/\/v2smt.com\/tr\/wp-json\/wp\/v2\/product"}],"about":[{"href":"https:\/\/v2smt.com\/tr\/wp-json\/wp\/v2\/types\/product"}],"replies":[{"embeddable":true,"href":"https:\/\/v2smt.com\/tr\/wp-json\/wp\/v2\/comments?post=23168"}],"version-history":[{"count":0,"href":"https:\/\/v2smt.com\/tr\/wp-json\/wp\/v2\/product\/23168\/revisions"}],"wp:featuredmedia":[{"embeddable":true,"href":"https:\/\/v2smt.com\/tr\/wp-json\/wp\/v2\/media\/23162"}],"wp:attachment":[{"href":"https:\/\/v2smt.com\/tr\/wp-json\/wp\/v2\/media?parent=23168"}],"wp:term":[{"taxonomy":"brand","embeddable":true,"href":"https:\/\/v2smt.com\/tr\/wp-json\/wp\/v2\/etheme_brands?post=23168"},{"taxonomy":"product_brand","embeddable":true,"href":"https:\/\/v2smt.com\/tr\/wp-json\/wp\/v2\/product_brand?post=23168"},{"taxonomy":"product_cat","embeddable":true,"href":"https:\/\/v2smt.com\/tr\/wp-json\/wp\/v2\/product_cat?post=23168"},{"taxonomy":"product_tag","embeddable":true,"href":"https:\/\/v2smt.com\/tr\/wp-json\/wp\/v2\/product_tag?post=23168"}],"curies":[{"name":"wp","href":"https:\/\/api.w.org\/{rel}","templated":true}]}}