{"id":23163,"date":"2025-08-26T07:55:13","date_gmt":"2025-08-26T07:55:13","guid":{"rendered":"https:\/\/v2smt.com\/?post_type=product&#038;p=23163"},"modified":"2025-08-26T08:12:01","modified_gmt":"2025-08-26T08:12:01","slug":"fully-automatic-pcb-cleaning-machine-v1400","status":"publish","type":"product","link":"https:\/\/v2smt.com\/tr\/products\/fully-automatic-pcb-cleaning-machine-v1400\/","title":{"rendered":"Tam Otomatik PCB Temizleme Makinesi V1400"},"content":{"rendered":"<h1>Tam Otomatik PCB Temizleme Makinesi V1400<\/h1>\n<p><strong>Hassas PCB Temizleme Sistemi: Ultrasonik + Sprey Teknolojisi <\/strong><\/p>\n<p><strong>- Otomatik S\u0131v\u0131 Y\u00f6netimi <\/strong><\/p>\n<p><strong>- Kapal\u0131 D\u00f6ng\u00fc Filtrasyon (Kalay Boncuk \u0130\u00e7erir) <\/strong><\/p>\n<p><strong>- Deterjan Geri D\u00f6n\u00fc\u015f\u00fcm\u00fc <\/strong><\/p>\n<p><strong>- Sade G\u00f6rsel G\u00f6zetim <\/strong><\/p>\n<p><strong>- Tam Otomatik PLC Kontrol\u00fc <\/strong><\/p>\n<p><strong>- Enerji Tasarruflu \u00c7al\u0131\u015fma <\/strong><\/p>\n<p><strong>- A\u011f\u0131r Hizmet Tipi Paslanmaz \u00c7elik Konstr\u00fcksiyon <\/strong><\/p>\n<p><strong>- G\u00fcvenli S\u0131y\u0131r\u0131c\u0131 Tasar\u0131m\u0131<\/strong><\/p>\n<table width=\"1112\">\n<tbody>\n<tr>\n<td width=\"231\"><b>Temizleme sepetinin \u00e7ap\u0131<\/b><\/td>\n<td width=\"280\"><b>210mm, \u00f6zel \u00f6zellikler \u00f6zelle\u015ftirilebilir<\/b><\/td>\n<td width=\"246\"><b>Temizlik prensibi<\/b><\/td>\n<td width=\"354\"><b>Y\u00fcksek bas\u0131n\u00e7l\u0131 sprey temizleme + d\u00fc\u015f\u00fck h\u0131zl\u0131 d\u00f6ner dald\u0131rma ultrasonik temizleme<\/b><\/td>\n<\/tr>\n<tr>\n<td width=\"231\">Temizleme ve durulama s\u0131v\u0131 tank\u0131 kapasitesi<\/td>\n<td width=\"280\">60L<\/td>\n<td width=\"246\">Optimum temizleme ve durulama s\u0131v\u0131s\u0131 tank\u0131 kapasitesi<\/td>\n<td width=\"354\">45L<\/td>\n<\/tr>\n<tr>\n<td width=\"231\">Kaba y\u0131kama s\u00fcresi<\/td>\n<td width=\"280\">1-3 dakika (sadece referans i\u00e7in)<\/td>\n<td width=\"246\">Ultrasonik temizleme s\u00fcresi<\/td>\n<td width=\"354\">3-8 dakika (sadece referans i\u00e7in)<\/td>\n<\/tr>\n<tr>\n<td width=\"231\">\u0130kincil sprey temizleme s\u00fcresi<\/td>\n<td width=\"280\">1-3 dakika (sadece referans i\u00e7in)<\/td>\n<td width=\"246\">Durulama ve y\u0131kama s\u00fcresi<\/td>\n<td width=\"354\">1-3 dakika (sadece referans i\u00e7in)<\/td>\n<\/tr>\n<tr>\n<td width=\"231\">Kuruma s\u00fcresi<\/td>\n<td width=\"280\">3-7 dakika (sadece referans i\u00e7in)<\/td>\n<td width=\"246\">S\u0131v\u0131 \u0131s\u0131tma s\u0131cakl\u0131\u011f\u0131<\/td>\n<td width=\"354\">Oda s\u0131cakl\u0131\u011f\u0131 - 80P (gerekti\u011fi gibi ayarlay\u0131n)<\/td>\n<\/tr>\n<tr>\n<td width=\"231\">Ultrasonik g\u00fc\u00e7<\/td>\n<td width=\"280\">1.5KW<\/td>\n<td width=\"246\">S\u0131cak hava ile kurutma s\u0131cakl\u0131\u011f\u0131<\/td>\n<td width=\"354\">Oda s\u0131cakl\u0131\u011f\u0131 - 80P (gerekti\u011fi gibi ayarlay\u0131n)<\/td>\n<\/tr>\n<tr>\n<td width=\"231\">Solvent tank\u0131 \u0131s\u0131tma g\u00fcc\u00fc<\/td>\n<td width=\"280\">7KW<\/td>\n<td width=\"246\">Kuru \u0131s\u0131t\u0131c\u0131 g\u00fcc\u00fc<\/td>\n<td width=\"354\">6KW<\/td>\n<\/tr>\n<tr>\n<td width=\"231\">Gaz kayna\u011f\u0131<\/td>\n<td width=\"280\">0,4-0,7 (Mpa)<\/td>\n<td width=\"246\">Su giri\u015fi ve \u00e7\u0131k\u0131\u015f\u0131<\/td>\n<td width=\"354\">1 in\u00e7 h\u0131zl\u0131 ba\u011flant\u0131 aray\u00fcz\u00fc<\/td>\n<\/tr>\n<tr>\n<td width=\"231\">G\u00dc\u00c7 KAYNA\u011eI<\/td>\n<td width=\"280\">AC380V 3P, 50\/60HZ 16,5KW<\/td>\n<td width=\"246\">Makine a\u011f\u0131rl\u0131\u011f\u0131<\/td>\n<td width=\"354\">320KG<\/td>\n<\/tr>\n<tr>\n<td width=\"231\">Makine boyutu<\/td>\n<td width=\"280\">L1400xW950xH1350\u00b130mm<\/td>\n<td width=\"246\">Egzoz portu boyutu<\/td>\n<td width=\"354\">\u03a6120*25H (mm)<\/td>\n<\/tr>\n<tr>\n<td width=\"231\">Seviye 3 filtre sistemi<\/td>\n<td colspan=\"3\" width=\"881\">Seviye 1 filtre a\u011f\u0131 (kirleri ve etiketleri filtreler) Seviye 2 filtre torbas\u0131 (k\u00fc\u00e7\u00fck par\u00e7ac\u0131klar\u0131 ve lehim pastas\u0131n\u0131 filtreler) Seviye 3 filtre eleman\u0131 5um (mikro par\u00e7ac\u0131klar\u0131 ve lehim pastas\u0131n\u0131 filtreler)<\/td>\n<\/tr>\n<tr>\n<td width=\"231\">Tek seferde temizlik say\u0131s\u0131<\/td>\n<td colspan=\"3\" width=\"881\">200-600 mm uzunluk, s\u0131ras\u0131yla 12-6 adet temizleyin<\/td>\n<\/tr>\n<\/tbody>\n<\/table>","protected":false},"excerpt":{"rendered":"<h2>Tam Otomatik PCB Temizleme Makinesi V1400<\/h2>\n<p>\u0130kincil sprey ile e\u015fle\u015ftirilmi\u015f yenilik\u00e7i d\u00f6ner ultrason sistemi, kapsaml\u0131 PCB temizli\u011fi sa\u011flar. \u00d6zellikler aras\u0131nda pn\u00f6matik pompa arac\u0131l\u0131\u011f\u0131yla otomatik s\u0131v\u0131 da\u011f\u0131t\u0131m\u0131\/bo\u015falt\u0131m\u0131, kalay boncuklar\u0131n\u0131 kaz\u0131y\u0131c\u0131 y\u00fczeylerden uzak tutan ger\u00e7ek zamanl\u0131 filtreli durulama, temizlik maddesi geri d\u00f6n\u00fc\u015f\u00fcm\u00fc i\u00e7in lehim pastas\u0131 \u00e7\u0131karma ve i\u015flem izleme i\u00e7in bir g\u00f6r\u00fcnt\u00fcleme penceresi bulunur. Basitlik i\u00e7in \u00e7oklu programlanabilir modlara sahip PLC arac\u0131l\u0131\u011f\u0131yla \u00e7al\u0131\u015ft\u0131r\u0131l\u0131r. Dayan\u0131kl\u0131 304 paslanmaz \u00e7elik \u00e7er\u00e7evesi sayesinde d\u00fc\u015f\u00fck s\u0131v\u0131\/g\u00fc\u00e7 t\u00fcketimi ve s\u0131f\u0131r kirlilik sa\u011flarken, benzersiz kaymaz s\u0131y\u0131r\u0131c\u0131 kurulumu g\u00fcvenli\u011fi art\u0131r\u0131r.<\/p>","protected":false},"featured_media":23162,"comment_status":"closed","ping_status":"closed","template":"","meta":{"iawp_total_views":50},"etheme_brands":[],"product_brand":[],"product_cat":[182],"product_tag":[],"class_list":{"0":"post-23163","1":"product","2":"type-product","3":"status-publish","4":"has-post-thumbnail","6":"product_cat-pcb-cleaning-machine","8":"first","9":"instock","10":"shipping-taxable","11":"product-type-simple"},"_links":{"self":[{"href":"https:\/\/v2smt.com\/tr\/wp-json\/wp\/v2\/product\/23163","targetHints":{"allow":["GET"]}}],"collection":[{"href":"https:\/\/v2smt.com\/tr\/wp-json\/wp\/v2\/product"}],"about":[{"href":"https:\/\/v2smt.com\/tr\/wp-json\/wp\/v2\/types\/product"}],"replies":[{"embeddable":true,"href":"https:\/\/v2smt.com\/tr\/wp-json\/wp\/v2\/comments?post=23163"}],"version-history":[{"count":0,"href":"https:\/\/v2smt.com\/tr\/wp-json\/wp\/v2\/product\/23163\/revisions"}],"wp:featuredmedia":[{"embeddable":true,"href":"https:\/\/v2smt.com\/tr\/wp-json\/wp\/v2\/media\/23162"}],"wp:attachment":[{"href":"https:\/\/v2smt.com\/tr\/wp-json\/wp\/v2\/media?parent=23163"}],"wp:term":[{"taxonomy":"brand","embeddable":true,"href":"https:\/\/v2smt.com\/tr\/wp-json\/wp\/v2\/etheme_brands?post=23163"},{"taxonomy":"product_brand","embeddable":true,"href":"https:\/\/v2smt.com\/tr\/wp-json\/wp\/v2\/product_brand?post=23163"},{"taxonomy":"product_cat","embeddable":true,"href":"https:\/\/v2smt.com\/tr\/wp-json\/wp\/v2\/product_cat?post=23163"},{"taxonomy":"product_tag","embeddable":true,"href":"https:\/\/v2smt.com\/tr\/wp-json\/wp\/v2\/product_tag?post=23163"}],"curies":[{"name":"wp","href":"https:\/\/api.w.org\/{rel}","templated":true}]}}