{"id":22996,"date":"2025-05-08T08:35:43","date_gmt":"2025-05-08T08:35:43","guid":{"rendered":"https:\/\/v2smt.com\/?post_type=product&#038;p=22996"},"modified":"2025-05-08T08:35:43","modified_gmt":"2025-05-08T08:35:43","slug":"aes8000-handheld-spectrometer","status":"publish","type":"product","link":"https:\/\/v2smt.com\/tr\/products\/aes8000-handheld-spectrometer\/","title":{"rendered":"AES8000 El Tipi Spektrometre"},"content":{"rendered":"<p>AES8000 El Tipi Spektrometre, end\u00fcstriyel, imalat ve saha uygulamalar\u0131nda h\u0131zl\u0131, tahribats\u0131z malzeme bile\u015fimi analizi i\u00e7in tasarlanm\u0131\u015f son teknoloji \u00fcr\u00fcn\u00fc, ta\u015f\u0131nabilir bir analitik cihazd\u0131r. Geli\u015fmi\u015f X-\u0131\u015f\u0131n\u0131 Floresan (XRF) teknolojisini kullanarak, element bile\u015fimi ve ala\u015f\u0131m derecelerinin y\u00fcksek hassasiyetle tespit edilmesini sa\u011flar ve kalite kontrol, malzeme do\u011frulama ve hurda ay\u0131rma i\u00e7in vazge\u00e7ilmez bir ara\u00e7 haline getirir.  <\/p>\n<p>AES8000 El Tipi Spektrometre Temel \u00d6zellikler<br \/>\n1. \u00c7oklu Eleman Analizi<br \/>\n    \u00c7ok \u00e7e\u015fitli elementleri (\u00f6rn. Ti, V, Cr, Mn, Fe, Co, Ni, Cu, Zn, W, Pb, vb.) ppm d\u00fczeyinde hassasiyetle tespit eder.<br \/>\n    Metaller, ala\u015f\u0131mlar, plastikler, seramikler ve di\u011fer malzemeler i\u00e7in uygundur.  <\/p>\n<p>2. Ala\u015f\u0131m S\u0131n\u0131f\u0131 Tan\u0131mlama<br \/>\n    1.000'den fazla standart kaliteden olu\u015fan yerle\u015fik bir k\u00fct\u00fcphane ile ala\u015f\u0131m kalitelerini (\u00f6rn. paslanmaz \u00e7elik, al\u00fcminyum, titanyum) an\u0131nda tan\u0131mlar.<br \/>\n    \u00d6zel uygulamalar i\u00e7in \u00f6zel k\u00fct\u00fcphane eklemelerini destekler.  <\/p>\n<p>3. Y\u00fcksek Performansl\u0131 Alg\u0131lama<br \/>\n    H\u0131zl\u0131 ve do\u011fru sonu\u00e7lar (1-3 saniye) i\u00e7in y\u00fcksek \u00e7\u00f6z\u00fcn\u00fcrl\u00fckl\u00fc SDD dedekt\u00f6r\u00fc (Silikon S\u00fcr\u00fcklenme Dedekt\u00f6r\u00fc) ile donat\u0131lm\u0131\u015ft\u0131r.<br \/>\n    Y\u00fcksek\/d\u00fc\u015f\u00fck s\u0131cakl\u0131klar ve nem dahil olmak \u00fczere zorlu ortamlar i\u00e7in optimize edilmi\u015ftir.  <\/p>\n<p>4. Ta\u015f\u0131nabilirlik ve Dayan\u0131kl\u0131l\u0131k<br \/>\n    Hafif a\u011f\u0131rl\u0131k (&lt;1,5 kg) ve tek elle kullan\u0131m i\u00e7in ergonomik tasar\u0131m.  \n    Toza\/suya dayan\u0131kl\u0131l\u0131k ve d\u00fc\u015fmeye kar\u015f\u0131 koruma i\u00e7in IP54 dereceli sa\u011flam muhafaza.  \n\n5. Kullan\u0131c\u0131 Dostu Aray\u00fcz\n    Sezgisel yaz\u0131l\u0131ma sahip geni\u015f 4 in\u00e7 kapasitif dokunmatik ekran.  \n    Spektrum grafikleri ve konsantrasyon de\u011ferleri dahil olmak \u00fczere ger\u00e7ek zamanl\u0131 veri g\u00f6rselle\u015ftirme.  \n\n6. Uzat\u0131lm\u0131\u015f Pil \u00d6mr\u00fc\n    \u015earj edilebilir lityum pil 8+ saat kesintisiz \u00e7al\u0131\u015fmay\u0131 destekler.  \n    Kesintisiz i\u015f ak\u0131\u015f\u0131 i\u00e7in \u00e7al\u0131\u015f\u0131rken de\u011fi\u015ftirilebilir pil tasar\u0131m\u0131.  \n\n7. Veri Y\u00f6netimi\n    Binlerce test sonucunu yerel olarak depolar; veri aktar\u0131m\u0131 i\u00e7in USB, WiFi ve Bluetooth&#039;u destekler.  \n    Geli\u015fmi\u015f raporlama ve analiz i\u00e7in PC\/Mac yaz\u0131l\u0131m\u0131 ile uyumludur.  \n\n\nAES8000 El Tipi Spektrometre Teknik \u00d6zellikleri\n Alg\u0131lama Aral\u0131\u011f\u0131: Mg (12) - U (92)\n Do\u011fruluk: \u22640,05% (ana elementler i\u00e7in)\n Uyar\u0131m Kayna\u011f\u0131: 50 kV\/200 \u03bcA mikrofokus Xray t\u00fcp\u00fc\n Ekran: 4 in\u00e7 HD dokunmatik ekran\n \u0130\u015fletim Sistemi: Android tabanl\u0131 platform\n Ba\u011flanabilirlik: USBC, WiFi, Bluetooth\n Pil: 7,4 V, 6800 mAh lityum pil\n\nAES8000 El Tipi Spektrometre Uygulamalar\u0131\n Metal \u0130malat\u0131: H\u0131zl\u0131 ala\u015f\u0131m do\u011frulama, hammadde denetimi.  \n Hurda Geri D\u00f6n\u00fc\u015f\u00fcm\u00fc: Demir d\u0131\u015f\u0131 metallerin ve ala\u015f\u0131mlar\u0131n verimli bir \u015fekilde ayr\u0131\u015ft\u0131r\u0131lmas\u0131.  \n Havac\u0131l\u0131k ve Otomotiv: Kritik bile\u015fenler i\u00e7in uygunluk testi.  \n \u00c7evresel \u0130zleme: Toprakta, kaplamalarda veya t\u00fcketici \u00fcr\u00fcnlerinde a\u011f\u0131r metal tespiti.  \n Arkeoloji ve Eser Analizi: Tahribats\u0131z malzeme karakterizasyonu.  \n\n\nAES8000 El Tipi Spektrometre Avantajlar\u0131\n Tahribats\u0131z Test: Numune b\u00fct\u00fcnl\u00fc\u011f\u00fcn\u00fc korur.  \n Sahada Laboratuvar Kalitesinde Sonu\u00e7lar: Zaman alan laboratuvar g\u00f6nderimleri ihtiyac\u0131n\u0131 ortadan kald\u0131r\u0131r.  \n Uyumlulu\u011fa Haz\u0131r: ASTM, ISO ve RoHS standartlar\u0131n\u0131 kar\u015f\u0131lar.  \n\n\nAES8000 El Tipi Spektrometre, en son teknolojiyi sa\u011flam ta\u015f\u0131nabilirlikle birle\u015ftirerek sekt\u00f6rlerdeki profesyonellerin h\u0131zl\u0131 ve g\u00fcvenli bir \u015fekilde bilin\u00e7li kararlar almas\u0131n\u0131 sa\u011flar. M\u00fchendisler, kalite denet\u00e7ileri ve saha teknisyenleri i\u00e7in ideal olan bu cihaz, el tipi analitik cihazlar i\u00e7in yeni bir \u00f6l\u00e7\u00fct olu\u015fturmaktad\u0131r.  \n<\/p>","protected":false},"excerpt":{"rendered":"<p>AES8000 El Tipi Spektrometre Uygulama alan\u0131 ve \u00f6zellikleri<br \/>\n\uf06cExcellent performans (Yerinde, kay\u0131ps\u0131z, h\u0131zl\u0131, do\u011fru, kesin i\u00e7in kullan\u0131l\u0131r)<br \/>\nY\u00fcksek do\u011fruluk, h\u0131zl\u0131 h\u0131z, laboratuvar seviyelerinin analiz seviyesine yak\u0131n, ala\u015f\u0131m kart numaras\u0131n\u0131 ve element y\u00fczdesi i\u00e7eri\u011fini ve PPM i\u00e7eri\u011fini do\u011frudan g\u00f6r\u00fcnt\u00fcleyebilir. T\u00fcm analiz s\u00fcreci sadece birka\u00e7 saniye i\u00e7inde tamamlanabilir. S\u00f6zle\u015fme numaras\u0131 sadece 1 ila 2 saniyedir. Tek t\u0131klamayla i\u015flem, teknik olmayan personel bile kolayca ustala\u015fabilir.<br \/>\n\uf06cNon -tahribatl\u0131 tespit\uff08NDT\uff09<br \/>\nAlg\u0131lama nesnesinin nesnesi hasar g\u00f6rmeden veya kullan\u0131lmadan, alg\u0131lanan nesnenin i\u00e7inde hi\u00e7bir hasar dokusu yoktur, t\u00fcm test s\u00fcreci zarar g\u00f6rmez.<br \/>\n\uf06cAnalytical yaz\u0131l\u0131m<br \/>\nUzaktan kontrol sistemi, hem Windows tabanl\u0131 PC hem de Android tabanl\u0131 mobil cihazlar, birden fazla platformda (cihaz, PC, mobil, bulut) veri senkronizasyonu sa\u011flamak i\u00e7in yaz\u0131l\u0131m arac\u0131l\u0131\u011f\u0131yla cihazlar\u0131 \u00e7al\u0131\u015ft\u0131rabilir. Yaz\u0131l\u0131m, veri analizi, spektrum g\u00f6r\u00fcnt\u00fcleme ve rapor yazd\u0131rma gibi i\u015flevlere sahiptir. Cihaz istemcisi, analiz raporlar\u0131n\u0131 e-posta yoluyla g\u00f6nderme yetene\u011fine sahiptir, Uzaktan kumanda sistemi, hem Windows tabanl\u0131 PC hem de Android tabanl\u0131 mobil cihazlar, birden fazla platformda (cihaz, PC, mobil, bulut) veri senkronizasyonu sa\u011flamak i\u00e7in yaz\u0131l\u0131m arac\u0131l\u0131\u011f\u0131yla cihazlar\u0131 \u00e7al\u0131\u015ft\u0131rabilir. Yaz\u0131l\u0131m, veri analizi, spektrum g\u00f6r\u00fcnt\u00fcleme ve rapor yazd\u0131rma gibi i\u015flevlere sahiptir. Cihaz istemcisi, analiz raporlar\u0131n\u0131 e-posta yoluyla g\u00f6nderme \u00f6zelli\u011fine sahiptir.<br \/>\n\uf06cWaste geri d\u00f6n\u00fc\u015f\u00fcm ve ayr\u0131\u015ft\u0131rma<br \/>\nHurda metallerin geri d\u00f6n\u00fc\u015f\u00fcm\u00fc ve yeniden kullan\u0131m\u0131, \u00e7ok \u00e7e\u015fitli ala\u015f\u0131m t\u00fcrlerinin ve malzemelerin yerinde analizini, test edilmesini ve s\u0131n\u0131fland\u0131r\u0131lmas\u0131n\u0131 i\u00e7erir. Hem al\u0131c\u0131lar\u0131n hem de sat\u0131c\u0131lar\u0131n i\u015flemler s\u0131ras\u0131nda h\u0131zl\u0131 ve g\u00fcvenilir kararlar vermelerini sa\u011flamak. Ferroala\u015f\u0131mlar (paslanmaz \u00e7elik vb.), bak\u0131r ala\u015f\u0131mlar\u0131, al\u00fcminyum ala\u015f\u0131mlar\u0131, bak\u0131r demir ala\u015f\u0131mlar\u0131, kur\u015fun kalay ala\u015f\u0131mlar\u0131 ve hibrit ala\u015f\u0131mlar gibi metal bile\u015fenlerin kantitatif analizinin yan\u0131 s\u0131ra sahada h\u0131zl\u0131 malzeme tan\u0131mlama ve ay\u0131rma.<br \/>\n\uf06cApplication alanlar ve g\u00fcvenlik, standartlar (enerji santralleri, makineler, petrokimya, askeri vb.)<\/p>\n<p>Ala\u015f\u0131m Malzemesi Tan\u0131mlama (PMI) gelen denetimi, Envanter malzeme y\u00f6netimi, Petrokimya yap\u0131m\u0131, metal eritme, bas\u0131n\u00e7l\u0131 kaplar, enerji santralleri, petrokimyasallar, ince kimyasallar, ila\u00e7, d\u00f6k\u00fcm, havac\u0131l\u0131k gibi end\u00fcstrilerde niteliksiz malzemelerin kar\u0131\u015ft\u0131r\u0131lmas\u0131 veya kullan\u0131lmas\u0131ndan kaynaklanan ciddi g\u00fcvenlik kazalar\u0131n\u0131 \u00f6nlemek i\u00e7in kurulum malzemelerinin yeniden incelenmesi, proses ekipman\u0131 malzemelerinin g\u00fcvenli\u011fini sa\u011flamak. Amerikan Test ve Malzeme Toplulu\u011fu (ASTM), \u00c7in Ulusal Standartlar\u0131 (GB), UNS, Enerji End\u00fcstrisi Standartlar\u0131 (DL), API, JIS, GMP, TSG, Makine End\u00fcstrisi Standartlar\u0131 (JB) gibi end\u00fcstri standartlar\u0131n\u0131n yan\u0131 s\u0131ra uluslararas\u0131 ve yerel standartlara uyum sa\u011flar.<br \/>\n\uf06cQuality Kontrol ve Kalite G\u00fcvencesi (QC\/QA) ve Etkin Hata \u00d6nleme (PKKA-YOKE)<br \/>\nMetal i\u015fleme ve imalat end\u00fcstrisinde, malzemelerin (hammaddelerin), yar\u0131 mamullerin ve bitmi\u015f \u00fcr\u00fcnlerin kalite kontrol\u00fc ve kalite g\u00fcvencesi (QC\/QA) ile etkili hata \u00f6nleme (PKKA-YOKE) \u00e7ok \u00f6nemlidir. Kalifiye olmayan malzemelerin kar\u0131\u015ft\u0131r\u0131lmas\u0131 veya kullan\u0131lmas\u0131 ka\u00e7\u0131n\u0131lmaz olarak i\u015fletmeye zarar verecektir. K\u00fc\u00e7\u00fck metal malzeme i\u015fleme tesislerinden b\u00fcy\u00fck u\u00e7ak \u00fcreticilerine kadar \u00e7e\u015fitli imalat end\u00fcstrileri.<br \/>\n\uf06cData \u0130\u015fleme ve Kurumsal Kaynak Planlama (ERP)<br \/>\nVeri aktar\u0131m\u0131 i\u00e7in WIFI ve kablosuz Bluetooth gibi birden fazla y\u00f6ntem kullan\u0131l\u0131r ve dosyalar e-posta yoluyla g\u00f6nderilebilir, Bluetooth ile senkronize edilebilir veya yaz\u0131l\u0131m yoluyla senkronize edilebilir.<br \/>\nAnaliz edilebilir ala\u015f\u0131m ailesi<br \/>\n\uf06cIron bazl\u0131 ala\u015f\u0131m serileri (paslanmaz \u00e7elik, krom\/molibden ala\u015f\u0131ml\u0131 \u00e7elik, d\u00fc\u015f\u00fck ala\u015f\u0131ml\u0131 \u00e7elik, tak\u0131m \u00e7eli\u011fi, diki\u015fsiz \u00e7elik)<br \/>\n\uf06cNickel bazl\u0131 ala\u015f\u0131m serileri (nikel ala\u015f\u0131m\u0131, nikel\/kobalt s\u00fcper ala\u015f\u0131mlar\u0131)<br \/>\n\uf06cCobalt bazl\u0131 ala\u015f\u0131m serisi<br \/>\n\uf06cTitanium bazl\u0131 ala\u015f\u0131m serisi<br \/>\n\uf06cCopper bazl\u0131 ala\u015f\u0131m serileri (bronz, pirin\u00e7, bak\u0131r nikel ala\u015f\u0131m\u0131, vb.)<br \/>\n\uf06cHigh s\u0131cakl\u0131k ala\u015f\u0131m\u0131 (molibden tungsten ala\u015f\u0131m\u0131)<br \/>\n\uf06cOther ala\u015f\u0131mlar<br \/>\nEl tipi ala\u015f\u0131m analiz\u00f6r\u00fc (XRF), \u00fcretim s\u00fcreci s\u0131ras\u0131nda kazanlar, konteynerler, boru hatlar\u0131 ve imalat gibi y\u00fcksek s\u0131cakl\u0131k ve y\u00fcksek bas\u0131n\u00e7 end\u00fcstrilerinde malzeme g\u00fcvenilirli\u011fi tan\u0131mlamas\u0131 (PMI) i\u00e7in \u00f6nemli bir ara\u00e7t\u0131r. \u00c7elik eritme, demir d\u0131\u015f\u0131 metaller, havac\u0131l\u0131k, silah \u00fcretimi, denizalt\u0131lar ve gemiler gibi \u00f6nemli askeri ve sivil m\u00fchendislik end\u00fcstrilerinin \u00fcretim s\u00fcre\u00e7lerindeki metal malzemeleri tan\u0131mlay\u0131n. Petrokimyasal ar\u0131tma, ince kimyasallar, farmas\u00f6tikler, enerji santralleri, havac\u0131l\u0131k ve di\u011fer m\u00fchendislik projelerinin kurulum ve in\u015faat s\u00fcrecinde ekipman ve malzeme kabul\u00fcn\u00fc sa\u011flamak ve projenin belirtilen gereksinimlerini kar\u015f\u0131lamak i\u00e7in metal malzemeleri tan\u0131mlay\u0131n. At\u0131k metal geri d\u00f6n\u00fc\u015f\u00fcm\u00fc ve yeniden kullan\u0131m\u0131 end\u00fcstrisinde metal tan\u0131mlama i\u00e7in g\u00fc\u00e7l\u00fc bir ara\u00e7t\u0131r.<br \/>\nKalite kontrol, malzeme s\u0131n\u0131fland\u0131rmas\u0131, ala\u015f\u0131m tan\u0131mlama, g\u00fcvenlik \u00f6nleme ve kaza ara\u015ft\u0131rmas\u0131 gibi yerinde uygulama senaryolar\u0131nda yayg\u0131n olarak kullan\u0131lan el tipi ala\u015f\u0131m analiz\u00f6r\u00fc, en son bilimsel ara\u015ft\u0131rma yeniliklerini entegre eder ve \u00fcretim s\u00fcrecindeki metal malzemeleri tan\u0131mlamak i\u00e7in g\u00fc\u00e7l\u00fc bir ara\u00e7t\u0131r. Ala\u015f\u0131m derecelerini belirleyebilir, metal bile\u015fimini h\u0131zl\u0131 bir \u015fekilde analiz edebilir ve sanayile\u015fmedeki en temel hammadde analizi sorunlar\u0131n\u0131 \u00e7\u00f6zebilir. Ayn\u0131 zamanda kullan\u0131c\u0131lar kendi ihtiya\u00e7lar\u0131na g\u00f6re ki\u015fiselle\u015ftirilmi\u015f analiz sistemleri olu\u015fturabilirler.<\/p>\n<p>Teknik parametreler ve \u00f6zellikler<\/p>\n<p>AES8000 El Tipi X-ray Floresan Ala\u015f\u0131m Kompozisyon Analiz\u00f6r\u00fc<br \/>\nDedekt\u00f6r Y\u00fcksek performansl\u0131 SIN-PIN alg\u0131lama bile\u015feni<br \/>\nUyarma kayna\u011f\u0131 45KV\/200uA G\u00fcm\u00fc\u015f Hedef U\u00e7 Penceresi Entegre Mikro X-ray T\u00fcp\u00fc ve Y\u00fcksek Gerilim Kayna\u011f\u0131<br \/>\nElement alg\u0131lama aral\u0131\u011f\u0131 1\u30011. Atom numaras\u0131 20-92 aras\u0131nda olan, (Ti) ile uranyum (U) aras\u0131nda de\u011fi\u015fen elementler<br \/>\nAla\u015f\u0131mdaki ana elementleri analiz edin \uff1a<br \/>\nTi\uff0cV\uff0cCr\uff0cMn\uff0cFe\uff0cCo\uff0cNi\uff0cCu\uff0cZn\uff0cZr\uff0cNb\uff0cMo\uff0cAg\uff0cCd\uff0cSn\uff0cSb\uff0cTa\uff0cW\uff0cPb\uff0cBi Toplam 25 (daha fazla eklenebilir)<br \/>\nAlg\u0131lama nesnesi kat\u0131<br \/>\nAnaliz y\u00f6ntemi Do\u011frudan okuma analiz y\u00f6ntemi+temel parametre y\u00f6ntemi (FP)<br \/>\nYaz\u0131l\u0131m Uzaktan kontrol sistemi, hem Windows tabanl\u0131 PC hem de Android tabanl\u0131 mobil cihazlar, birden fazla platformda (cihaz, PC, mobil, bulut) veri senkronizasyonu sa\u011flamak i\u00e7in yaz\u0131l\u0131m arac\u0131l\u0131\u011f\u0131yla cihazlar\u0131 \u00e7al\u0131\u015ft\u0131rabilir. Yaz\u0131l\u0131m, veri analizi, spektrum g\u00f6r\u00fcnt\u00fcleme ve rapor yazd\u0131rma gibi i\u015flevlere sahiptir. Cihaz istemcisi, analiz raporlar\u0131n\u0131 e-posta yoluyla g\u00f6nderme \u00f6zelli\u011fine sahiptir,<br \/>\nA\u011f\u0131rl\u0131k \u2264 1,75 kg (pil dahil)<br \/>\nMikrobilgisayar g\u00f6r\u00fcnt\u00fcleme sistemi 1. Yar\u0131 \u015feffaf ve yar\u0131 yans\u0131t\u0131c\u0131 end\u00fcstriyel s\u0131n\u0131f \u00f6zelle\u015ftirilmi\u015f dokunmatik ekran \u2265 5 in\u00e7, standart yap\u0131land\u0131rma: 4G, dahili geni\u015fletilebilir depolama 16GB'\u0131 destekler, b\u00fcy\u00fck verileri depolayabilir.<br \/>\n2. \u00c7\u00f6z\u00fcn\u00fcrl\u00fck 1080 * 720<br \/>\nG\u00fc\u00e7 kayna\u011f\u0131 1. \u015earj edilebilir lityum pil, standart 6800mAh, voltaj: 7.2V, 12 saate kadar s\u00fcrd\u00fcr\u00fclebilir \u00e7al\u0131\u015fma,<br \/>\n2. Cihaz\u0131n \u00e7al\u0131\u015f\u0131rken de\u011fi\u015ftirilebilir fonksiyonu, gecikmeli kapanma ve kapanmadan pil de\u011fi\u015ftirme \u00f6zelli\u011fi vard\u0131r. Pilin kendi g\u00fc\u00e7 g\u00f6stergesi vard\u0131r.<br \/>\n\u015earj modu 1. G\u00f6vdenin yan taraf\u0131nda bir \u015farj aray\u00fcz\u00fc bulunmaktad\u0131r,<br \/>\n2. Ak\u00fc \u015farj\u0131 ara\u00e7 i\u00e7i \u015farj y\u00f6ntemleri ile yap\u0131labilir, (Standart de\u011fil)<br \/>\n3. Evrensel adapt\u00f6r \u015farj\u0131 ve g\u00fc\u00e7 kayna\u011f\u0131,<br \/>\nKolimat\u00f6r, filtre 1. \u00d6zel radyasyona dayan\u0131kl\u0131 malzeme kolimat\u00f6r, i\u00e7 \u00e7ap 3MM<br \/>\n2. Filtre yok, anahtarlama s\u00fcresinden tasarruf sa\u011flar, yaz\u0131l\u0131m arka plan parazitini azalt\u0131r<br \/>\n\u00d6n u\u00e7 test penceresi \u2264 9mm * 5mm \u201cbel\u201d penceresi<br \/>\nKamera Dahili 5 megapiksel y\u00fcksek \u00e7\u00f6z\u00fcn\u00fcrl\u00fckl\u00fc kamera i\u015flevi ile donat\u0131lm\u0131\u015f olup, kolay y\u00f6netim i\u00e7in test edilen nesnenin foto\u011fraflar\u0131n\u0131 \u00e7ekebilir<br \/>\nTest raporu g\u00f6nderme y\u00f6ntemi E-posta g\u00f6nderme, Bluetooth senkron iletim, yaz\u0131l\u0131m senkron iletim<br \/>\nVeri iletim y\u00f6ntemi 3G\/4G, kablolu ba\u011flant\u0131, WiFi, Bluetooth<br \/>\nBak\u0131m y\u00f6ntemi Uzaktan yaz\u0131l\u0131m y\u00fckseltme ve te\u015fhis, yerinde bak\u0131m, te\u015fhis<br \/>\nKullan\u0131c\u0131 Y\u00f6netimi \u00c7ok seviyeli kullan\u0131c\u0131 y\u00f6netimi i\u015flevi (birden fazla hesap olu\u015fturabilir, ilgili ki\u015fi numaralar\u0131na ula\u015fabilir, y\u00f6netimi ve veri izlenebilirli\u011fini kolayla\u015ft\u0131rabilir)<br \/>\nKoruyucu kapak<br \/>\nCihaz, cihaz kalibrasyonu, radyasyon korumas\u0131 ve hasar \u00f6nleme i\u015flevlerine sahip bir koruyucu kapak ile donat\u0131lm\u0131\u015ft\u0131r (standart de\u011fildir)<br \/>\nMalzeme alg\u0131lama ve cihaz durumu istemi 1. G\u00f6vde, \u00f6n\u00fcnde bir test nesnesi olup olmad\u0131\u011f\u0131n\u0131 ak\u0131ll\u0131ca belirleyebilen malzeme alg\u0131lama i\u015flevine sahiptir.<br \/>\n2. Ak\u0131ll\u0131 durum g\u00f6sterge \u0131\u015f\u0131\u011f\u0131 arac\u0131l\u0131\u011f\u0131yla \u00fc\u00e7 \u00e7al\u0131\u015fma durumunu g\u00f6steren ak\u0131ll\u0131 durum g\u00f6sterge \u0131\u015f\u0131\u011f\u0131 (k\u0131rm\u0131z\u0131 yan\u0131p s\u00f6nme alg\u0131lama i\u015fleminin devam etti\u011fini, ye\u015fil yan\u0131p s\u00f6nme ileride test edilecek nesne olmad\u0131\u011f\u0131n\u0131, ye\u015fil uzun s\u00fcre yanma ileride test edilecek nesne oldu\u011funu g\u00f6sterir)<br \/>\n\u00c7al\u0131\u015fma ortam\u0131 s\u0131cakl\u0131\u011f\u0131 ve nemi Nem \u2264 90%<br \/>\n-20\u2103 - +60\u2103<br \/>\nG\u00fcvenlik 1. Cihaz taraf\u0131 \u00f6l\u00e7\u00fcm de\u011feri \u2264 0,2 \u03bc Sv\/h (arka plan d\u00fc\u015f\u00fcld\u00fckten sonra)<br \/>\nNot: Tedarik\u00e7i, ulusal olarak yetkilendirilmi\u015f bir yasal metroloji kurumu veya ulusal test merkezi taraf\u0131ndan verilen \u201cEl Tipi X-ray Analiz Cihaz\u0131 (S\u0131z\u0131nt\u0131) Raporu \u201dnun bir kopyas\u0131n\u0131 kan\u0131t olarak yan\u0131t belgesinde sunmal\u0131d\u0131r.<br \/>\n2. \u00c7oklu g\u00fcvenlik korumalar\u0131, radyasyon testi yok,<br \/>\n\u00c7al\u0131\u015fma s\u0131ras\u0131ndaki radyasyon seviyesi uluslararas\u0131 g\u00fcvenlik standartlar\u0131ndan \u00e7ok daha d\u00fc\u015f\u00fckt\u00fcr ve numunesiz hava \u00f6l\u00e7\u00fcm\u00fc ve X-\u0131\u015f\u0131n\u0131 t\u00fcp\u00fcn\u00fcn otomatik olarak kapat\u0131lmas\u0131 i\u015flevine sahiptir.\t<\/p>","protected":false},"featured_media":22997,"comment_status":"closed","ping_status":"closed","template":"","meta":{"iawp_total_views":20},"etheme_brands":[{"term_id":181,"name":"XRF","slug":"xrf","term_group":0,"term_taxonomy_id":181,"taxonomy":"brand","description":"","parent":0,"count":3,"filter":"raw"}],"product_brand":[],"product_cat":[137],"product_tag":[],"class_list":{"0":"post-22996","1":"product","2":"type-product","3":"status-publish","4":"has-post-thumbnail","6":"brand-xrf","7":"product_cat-x-ray-inspection","9":"first","10":"instock","11":"shipping-taxable","12":"product-type-simple"},"_links":{"self":[{"href":"https:\/\/v2smt.com\/tr\/wp-json\/wp\/v2\/product\/22996","targetHints":{"allow":["GET"]}}],"collection":[{"href":"https:\/\/v2smt.com\/tr\/wp-json\/wp\/v2\/product"}],"about":[{"href":"https:\/\/v2smt.com\/tr\/wp-json\/wp\/v2\/types\/product"}],"replies":[{"embeddable":true,"href":"https:\/\/v2smt.com\/tr\/wp-json\/wp\/v2\/comments?post=22996"}],"version-history":[{"count":0,"href":"https:\/\/v2smt.com\/tr\/wp-json\/wp\/v2\/product\/22996\/revisions"}],"wp:featuredmedia":[{"embeddable":true,"href":"https:\/\/v2smt.com\/tr\/wp-json\/wp\/v2\/media\/22997"}],"wp:attachment":[{"href":"https:\/\/v2smt.com\/tr\/wp-json\/wp\/v2\/media?parent=22996"}],"wp:term":[{"taxonomy":"brand","embeddable":true,"href":"https:\/\/v2smt.com\/tr\/wp-json\/wp\/v2\/etheme_brands?post=22996"},{"taxonomy":"product_brand","embeddable":true,"href":"https:\/\/v2smt.com\/tr\/wp-json\/wp\/v2\/product_brand?post=22996"},{"taxonomy":"product_cat","embeddable":true,"href":"https:\/\/v2smt.com\/tr\/wp-json\/wp\/v2\/product_cat?post=22996"},{"taxonomy":"product_tag","embeddable":true,"href":"https:\/\/v2smt.com\/tr\/wp-json\/wp\/v2\/product_tag?post=22996"}],"curies":[{"name":"wp","href":"https:\/\/api.w.org\/{rel}","templated":true}]}}