{"id":22844,"date":"2025-01-06T02:44:21","date_gmt":"2025-01-06T02:44:21","guid":{"rendered":"https:\/\/v2smt.com\/?post_type=product&#038;p=22844"},"modified":"2025-01-06T03:29:04","modified_gmt":"2025-01-06T03:29:04","slug":"gkg-g-titan-smt-printer","status":"publish","type":"product","link":"https:\/\/v2smt.com\/tr\/products\/gkg-g-titan-smt-printer\/","title":{"rendered":"GKG G-TITAN SMT YAZICI"},"content":{"rendered":"<h2>GKG G-TITAN SMT YAZICI<\/h2>\n<p>Tam Otomatik \u00c7al\u0131\u015fma: Tutarl\u0131 ve hatas\u0131z \u015fablon bask\u0131s\u0131n\u0131 garanti eder.<br \/>\nGeli\u015fmi\u015f \u015eablon Bask\u0131 Teknolojisi: Elektronik bile\u015fenler i\u00e7in y\u00fcksek kaliteli bask\u0131lar elde eder.<br \/>\nKullan\u0131c\u0131 Dostu Aray\u00fcz: Kullan\u0131m\u0131 basitle\u015ftirir ve \u00f6\u011frenme e\u011frisini en aza indirir.<br \/>\nY\u00fcksek Uyumluluk: \u00c7ok \u00e7e\u015fitli \u015fablon boyutlar\u0131n\u0131 ve t\u00fcrlerini destekler.<br \/>\nDayan\u0131kl\u0131 Yap\u0131: End\u00fcstriyel kullan\u0131m taleplerine dayanacak \u015fekilde tasarlanm\u0131\u015ft\u0131r.<\/p>","protected":false},"excerpt":{"rendered":"<h3>GKG G-TITAN SMT YAZICI:<\/h3>\n<p>\u00dcretimin Gelece\u011fine Bir Bak\u0131\u015f \u00dcretim ortam\u0131 End\u00fcstri 4.0'\u0131 giderek daha fazla benimserken, m\u00fc\u015fteriler aras\u0131nda daha fazla \u00fcretkenlik ve rekabet g\u00fcc\u00fc i\u00e7in operasyonlar\u0131n\u0131 d\u00f6n\u00fc\u015ft\u00fcrme beklentisi artmaktad\u0131r. Stratejik olarak OPC (Optimum-Yap\u0131\u015ft\u0131rma Kontrol\u00fc) ile donat\u0131lm\u0131\u015f olan G-TITAN, \u0131\u015f\u0131ks\u0131z \u00fcretime do\u011fru sorunsuz bir ge\u00e7i\u015f sa\u011flar. QPC (Kalite-Bask\u0131 Kontrol\u00fc) ile birlikte G-TITAN, y\u00fcksek kaliteli bask\u0131n\u0131n her \u015feyden \u00f6nemli oldu\u011fu inanc\u0131n\u0131 s\u0131k\u0131 bir \u015fekilde desteklemektedir. SMT yaz\u0131c\u0131n\u0131n temel y\u00f6nlerindeki bu devrim niteli\u011findeki geli\u015fmeler, daha \u00f6nce deneyimlenmemi\u015f bir verimlilik d\u00fczeyi vaat etmektedir.<\/p>\n<h4>Otomatik Macun Da\u011f\u0131t\u0131m\u0131<\/h4>\n<p>Pasta, silece\u011fin t\u00fcm uzunlu\u011fu boyunca e\u015fit olarak da\u011f\u0131t\u0131l\u0131r ve 15 mm'lik tutarl\u0131 bir yuvarlanma \u00e7ap\u0131 sa\u011flan\u0131r. Bu sistem, standart 500 graml\u0131k lehim pastas\u0131 kavanozunu kullan\u0131r ve pastan\u0131n silece\u011fin kenarlar\u0131na ta\u015fmas\u0131ndan kaynaklanan israf\u0131 etkili bir \u015fekilde ortadan kald\u0131r\u0131r.<\/p>\n<h4>Macun Haddeleme \u00c7ap\u0131 \u0130zleme Sistemi ve OPC \u00c7ek\u00e7ek OPC \u00c7ek\u00e7ek<\/h4>\n<p>KALI\u0307TELI\u0307 BASKI KONTROL\u00dc (QPC) - HI\u0307\u00c7BI\u0307R \u015eEY I\u0307YI\u0307 BI\u0307R BASKIDAN DAHA \u00d6NEMLI\u0307 DE\u011eI\u0307LDI\u0307R<\/p>","protected":false},"featured_media":22845,"comment_status":"open","ping_status":"closed","template":"","meta":{"iawp_total_views":150},"etheme_brands":[{"term_id":177,"name":"GKG","slug":"gkg","term_group":0,"term_taxonomy_id":177,"taxonomy":"brand","description":"","parent":0,"count":1,"filter":"raw"}],"product_brand":[],"product_cat":[133],"product_tag":[178],"class_list":{"0":"post-22844","1":"product","2":"type-product","3":"status-publish","4":"has-post-thumbnail","6":"brand-gkg","7":"product_cat-solder-printer","8":"product_tag-gkg-printer","10":"first","11":"instock","12":"shipping-taxable","13":"product-type-simple"},"_links":{"self":[{"href":"https:\/\/v2smt.com\/tr\/wp-json\/wp\/v2\/product\/22844","targetHints":{"allow":["GET"]}}],"collection":[{"href":"https:\/\/v2smt.com\/tr\/wp-json\/wp\/v2\/product"}],"about":[{"href":"https:\/\/v2smt.com\/tr\/wp-json\/wp\/v2\/types\/product"}],"replies":[{"embeddable":true,"href":"https:\/\/v2smt.com\/tr\/wp-json\/wp\/v2\/comments?post=22844"}],"version-history":[{"count":0,"href":"https:\/\/v2smt.com\/tr\/wp-json\/wp\/v2\/product\/22844\/revisions"}],"wp:featuredmedia":[{"embeddable":true,"href":"https:\/\/v2smt.com\/tr\/wp-json\/wp\/v2\/media\/22845"}],"wp:attachment":[{"href":"https:\/\/v2smt.com\/tr\/wp-json\/wp\/v2\/media?parent=22844"}],"wp:term":[{"taxonomy":"brand","embeddable":true,"href":"https:\/\/v2smt.com\/tr\/wp-json\/wp\/v2\/etheme_brands?post=22844"},{"taxonomy":"product_brand","embeddable":true,"href":"https:\/\/v2smt.com\/tr\/wp-json\/wp\/v2\/product_brand?post=22844"},{"taxonomy":"product_cat","embeddable":true,"href":"https:\/\/v2smt.com\/tr\/wp-json\/wp\/v2\/product_cat?post=22844"},{"taxonomy":"product_tag","embeddable":true,"href":"https:\/\/v2smt.com\/tr\/wp-json\/wp\/v2\/product_tag?post=22844"}],"curies":[{"name":"wp","href":"https:\/\/api.w.org\/{rel}","templated":true}]}}