{"id":21946,"date":"2024-07-23T16:52:39","date_gmt":"2024-07-23T16:52:39","guid":{"rendered":"https:\/\/v2smt.com\/?post_type=product&#038;p=21946"},"modified":"2024-08-22T17:03:59","modified_gmt":"2024-08-22T17:03:59","slug":"x-series-temperature-curve-analyzer-bestemp","status":"publish","type":"product","link":"https:\/\/v2smt.com\/tr\/products\/x-series-temperature-curve-analyzer-bestemp\/","title":{"rendered":"X Serisi S\u0131cakl\u0131k E\u011frisi Analiz\u00f6r\u00fc"},"content":{"rendered":"<p>Y\u00fcksek Kapasiteli Bellek: Kapsaml\u0131 analiz i\u00e7in 500.000'e kadar veri noktas\u0131 depolar.<br \/>\n\u00c7oklu Test Kanallar\u0131: Kapsaml\u0131 test yetenekleri i\u00e7in 6 kanal\u0131 destekler.<br \/>\nAyarlanabilir \u00d6rnekleme Frekans\u0131: Esnek veri toplama i\u00e7in 0,05s ile 30 dakika aras\u0131nda de\u011fi\u015fir.<br \/>\nY\u00fcksek Hassasiyet ve Ay\u0131rt Edilebilirlik: G\u00fcvenilir sonu\u00e7lar i\u00e7in \u00b10,5 \u2103 hassasiyet ve 0,1 \u2103 ay\u0131rt edilebilirlik.<br \/>\nKullan\u0131c\u0131 Dostu Yaz\u0131l\u0131m: Kolay kullan\u0131m ve analiz i\u00e7in sezgisel PCC teknik \u00e7izimleri ve veritaban\u0131 y\u00f6netimi.<\/p>","protected":false},"excerpt":{"rendered":"<p>X Serisi S\u0131cakl\u0131k E\u011frisi Analiz\u00f6r\u00fc, hassas s\u0131cakl\u0131k izleme yoluyla \u00fcretim s\u00fcre\u00e7lerini optimize etmek i\u00e7in tasarlanm\u0131\u015f g\u00fc\u00e7l\u00fc bir ara\u00e7t\u0131r. Bu yenilik\u00e7i cihaz, \u00e7ok \u00e7e\u015fitli end\u00fcstriyel uygulamalarda verimlilik, do\u011fruluk ve g\u00fcvenilirlik sa\u011flar.<\/p>","protected":false},"featured_media":21715,"comment_status":"open","ping_status":"closed","template":"","meta":{"iawp_total_views":84},"etheme_brands":[],"product_brand":[],"product_cat":[141,162],"product_tag":[],"class_list":{"0":"post-21946","1":"product","2":"type-product","3":"status-publish","4":"has-post-thumbnail","6":"product_cat-temperature-curve-analyzer","7":"product_cat-tools","9":"first","10":"instock","11":"shipping-taxable","12":"product-type-simple"},"_links":{"self":[{"href":"https:\/\/v2smt.com\/tr\/wp-json\/wp\/v2\/product\/21946","targetHints":{"allow":["GET"]}}],"collection":[{"href":"https:\/\/v2smt.com\/tr\/wp-json\/wp\/v2\/product"}],"about":[{"href":"https:\/\/v2smt.com\/tr\/wp-json\/wp\/v2\/types\/product"}],"replies":[{"embeddable":true,"href":"https:\/\/v2smt.com\/tr\/wp-json\/wp\/v2\/comments?post=21946"}],"version-history":[{"count":0,"href":"https:\/\/v2smt.com\/tr\/wp-json\/wp\/v2\/product\/21946\/revisions"}],"wp:featuredmedia":[{"embeddable":true,"href":"https:\/\/v2smt.com\/tr\/wp-json\/wp\/v2\/media\/21715"}],"wp:attachment":[{"href":"https:\/\/v2smt.com\/tr\/wp-json\/wp\/v2\/media?parent=21946"}],"wp:term":[{"taxonomy":"brand","embeddable":true,"href":"https:\/\/v2smt.com\/tr\/wp-json\/wp\/v2\/etheme_brands?post=21946"},{"taxonomy":"product_brand","embeddable":true,"href":"https:\/\/v2smt.com\/tr\/wp-json\/wp\/v2\/product_brand?post=21946"},{"taxonomy":"product_cat","embeddable":true,"href":"https:\/\/v2smt.com\/tr\/wp-json\/wp\/v2\/product_cat?post=21946"},{"taxonomy":"product_tag","embeddable":true,"href":"https:\/\/v2smt.com\/tr\/wp-json\/wp\/v2\/product_tag?post=21946"}],"curies":[{"name":"wp","href":"https:\/\/api.w.org\/{rel}","templated":true}]}}