{"id":21944,"date":"2024-07-23T16:50:37","date_gmt":"2024-07-23T16:50:37","guid":{"rendered":"https:\/\/v2smt.com\/?post_type=product&#038;p=21944"},"modified":"2024-08-22T17:03:59","modified_gmt":"2024-08-22T17:03:59","slug":"mso-400c-selective-wave-solder-machine","status":"publish","type":"product","link":"https:\/\/v2smt.com\/tr\/products\/mso-400c-selective-wave-solder-machine\/","title":{"rendered":"MSO-400C Se\u00e7ici Dalga Lehim Makinesi"},"content":{"rendered":"<p>Kompakt Hepsi Bir Arada Tasar\u0131m: Alan verimlili\u011fi i\u00e7in flukslama ve lehimlemeyi tek bir \u00fcnitede birle\u015ftirir.<\/p>\n<p>Y\u00fcksek Kaliteli Lehimleme: Hassas makine kontrol\u00fc sayesinde \u00fcst\u00fcn \u63a5 kalitesi sa\u011flar.<\/p>\n<p>Esnek Hat Olu\u015fumu: Talep \u00fczerine lehimleme i\u00e7in \u00fcretim hatt\u0131n\u0131n yan\u0131na kolayca entegre edilebilir.<\/p>\n<p>Tam Bilgisayar Kontrol\u00fc: Tekrarlanabilir kalite i\u00e7in parametreler kolayca ayarlan\u0131r ve bilgisayara kaydedilir.<\/p>\n<p>Geli\u015fmi\u015f Yaz\u0131l\u0131m Sistemi: Windows 10 tabanl\u0131, kullan\u0131c\u0131 dostu \u00e7al\u0131\u015fma ve iyi izlenebilirlik sunar.<\/p>\n<p>XYZ Hareket Tablosu: Hassas PCB hareketi i\u00e7in kademeli motorlar ve s\u00fcr\u00fcc\u00fclerle donat\u0131lm\u0131\u015ft\u0131r.<\/p>\n<p>Se\u00e7ici Flukslama ve Lehimleme: Kontroll\u00fc lehimleme i\u00e7in bir flakslama valfi ve servo motorlu 10-15 kg'l\u0131k bir lehim potas\u0131 i\u00e7erir.<\/p>\n<p>Ger\u00e7ek Zamanl\u0131 \u0130zleme: G\u00f6rsel s\u00fcre\u00e7 g\u00f6zetimi i\u00e7in canl\u0131 monit\u00f6r kameras\u0131 i\u00e7erir.<\/p>\n<p>Mod\u00fcler Yap\u0131: Kolay bak\u0131m ve y\u00fckseltilebilirli\u011fi kolayla\u015ft\u0131r\u0131r.<\/p>\n<p>N2 Inline Is\u0131tma Sistemi: C\u00fcrufu azaltarak ve iyi \u0131slatma sa\u011flayarak lehimleme kalitesini korur.<\/p>","protected":false},"excerpt":{"rendered":"<p>MSO-400C Se\u00e7ici Dalga Lehim Makinesi, \u00fcretim hatlar\u0131nda y\u00fcksek kaliteli lehimleme i\u00e7in hepsi bir arada, kompakt bir \u00e7\u00f6z\u00fcmd\u00fcr. Ayn\u0131 XYZ hareket tablas\u0131 \u00fczerinde entegre se\u00e7ici flukslama ve lehimleme \u00f6zelli\u011fi ile esneklik ve verimlilik sunar. Makine tamamen bir PC taraf\u0131ndan kontrol edilir, parametre ayar\u0131na, kaydetmeye ve izlenebilirli\u011fe izin vererek tutarl\u0131 lehimleme kalitesi sa\u011flar.<\/p>","protected":false},"featured_media":21698,"comment_status":"open","ping_status":"closed","template":"","meta":{"iawp_total_views":148},"etheme_brands":[],"product_brand":[],"product_cat":[139,138],"product_tag":[],"class_list":{"0":"post-21944","1":"product","2":"type-product","3":"status-publish","4":"has-post-thumbnail","6":"product_cat-selective-wave-soldering","7":"product_cat-wave-soldering","9":"first","10":"instock","11":"shipping-taxable","12":"product-type-simple"},"_links":{"self":[{"href":"https:\/\/v2smt.com\/tr\/wp-json\/wp\/v2\/product\/21944","targetHints":{"allow":["GET"]}}],"collection":[{"href":"https:\/\/v2smt.com\/tr\/wp-json\/wp\/v2\/product"}],"about":[{"href":"https:\/\/v2smt.com\/tr\/wp-json\/wp\/v2\/types\/product"}],"replies":[{"embeddable":true,"href":"https:\/\/v2smt.com\/tr\/wp-json\/wp\/v2\/comments?post=21944"}],"version-history":[{"count":0,"href":"https:\/\/v2smt.com\/tr\/wp-json\/wp\/v2\/product\/21944\/revisions"}],"wp:featuredmedia":[{"embeddable":true,"href":"https:\/\/v2smt.com\/tr\/wp-json\/wp\/v2\/media\/21698"}],"wp:attachment":[{"href":"https:\/\/v2smt.com\/tr\/wp-json\/wp\/v2\/media?parent=21944"}],"wp:term":[{"taxonomy":"brand","embeddable":true,"href":"https:\/\/v2smt.com\/tr\/wp-json\/wp\/v2\/etheme_brands?post=21944"},{"taxonomy":"product_brand","embeddable":true,"href":"https:\/\/v2smt.com\/tr\/wp-json\/wp\/v2\/product_brand?post=21944"},{"taxonomy":"product_cat","embeddable":true,"href":"https:\/\/v2smt.com\/tr\/wp-json\/wp\/v2\/product_cat?post=21944"},{"taxonomy":"product_tag","embeddable":true,"href":"https:\/\/v2smt.com\/tr\/wp-json\/wp\/v2\/product_tag?post=21944"}],"curies":[{"name":"wp","href":"https:\/\/api.w.org\/{rel}","templated":true}]}}