{"id":21941,"date":"2024-07-23T16:45:29","date_gmt":"2024-07-23T16:45:29","guid":{"rendered":"https:\/\/v2smt.com\/?post_type=product&#038;p=21941"},"modified":"2024-08-22T17:03:59","modified_gmt":"2024-08-22T17:03:59","slug":"pcb-router-machine-xj-l400z","status":"publish","type":"product","link":"https:\/\/v2smt.com\/tr\/products\/pcb-router-machine-xj-l400z\/","title":{"rendered":"PCB Router Makinesi XJ-L400Z"},"content":{"rendered":"<p>1. Y\u00fcksek H\u0131zl\u0131 Freze Kesicileri: H\u0131zl\u0131 ve do\u011fru PCB ayr\u0131m\u0131 sa\u011flar.<br \/>\n2. \u00dc\u00e7 Eksenli Servo S\u00fcr\u00fcc\u00fc: \u00c7ok y\u00f6nl\u00fc hassas kontrol sa\u011flar.<br \/>\n3. \u0130nsan-Bilgisayar Aray\u00fcz\u00fc: 17 in\u00e7 ekran ile kullan\u0131c\u0131 dostu.<br \/>\n4. WIN10 \u0130\u015fletim Sistemi: Modern, g\u00fcvenilir bir platform sunar.<br \/>\n5. Y\u00fcksek Pikselli CCD Kamera: Yol \u00f6\u011fretimi ve d\u00fczenlemeyi geli\u015ftirir.<br \/>\n6. MAKE Telafi Yaz\u0131l\u0131m\u0131: Hassas programlama ayarlamalar\u0131na izin verir.<br \/>\n7. Dikd\u00f6rtgen \u00c7er\u00e7eve Ekleme: Geometrik hizalama programlamas\u0131n\u0131 basitle\u015ftirir.<br \/>\n8. \u0130\u015f Mili H\u0131z Aral\u0131\u011f\u0131: \u00c7ok y\u00f6nl\u00fcl\u00fck i\u00e7in 2000-60000 rpm.<br \/>\n9. \u00b10,01 mm Konumland\u0131rma Hassasiyeti: Kesimlerde y\u00fcksek hassasiyeti garanti eder.<br \/>\n10. Kesme H\u0131z\u0131 Kontrol\u00fc: 0 ila 100 mm\/sn aras\u0131nda ayarlanabilir.<br \/>\n11. \u00c7ok Y\u00f6nl\u00fc Kesme Fonksiyonlar\u0131: D\u00fcz, L, U, yay ve tam daire dahil olmak \u00fczere \u00e7e\u015fitli kesim modellerini destekler.<br \/>\n12. End\u00fcstriyel Bilgisayar Kontrol\u00fc: Sa\u011flam ve istikrarl\u0131 \u00e7al\u0131\u015fma sa\u011flar.<br \/>\n13. Kompakt Makine Boyutlar\u0131: Alan verimlili\u011fi i\u00e7in L830W1020H1860mm.<br \/>\n14. Opsiyonel Toz Toplama: \u00dcst veya alt toz toplama mevcuttur.<br \/>\n15. HIWIN Vida\/Ray Sistemi: D\u00fczg\u00fcn ve g\u00fcvenilir hareket sa\u011flar.<br \/>\n16. 380V\/3KW G\u00fc\u00e7 Kayna\u011f\u0131: A\u011f\u0131r hizmet operasyonlar\u0131n\u0131 destekler.<br \/>\n17. Makine A\u011f\u0131rl\u0131\u011f\u0131: Sa\u011flaml\u0131k ve dayan\u0131kl\u0131l\u0131k i\u00e7in 240kg.<\/p>","protected":false},"excerpt":{"rendered":"<p>PCB Router XJ-L400Z, y\u00fcksek h\u0131zl\u0131, hassas PCB ay\u0131rma i\u00e7in tasarlanm\u0131\u015f son teknoloji \u00fcr\u00fcn\u00fc, tek istasyonlu bir g\u00f6rsel freze makinesidir. Verimli \u00fcretim i\u00e7in ileri teknolojiden yararlanarak otomatik frezeleme yoluyla \u00fcr\u00fcn kalitesini art\u0131r\u0131r ve israf\u0131 azalt\u0131r.<\/p>","protected":false},"featured_media":21705,"comment_status":"open","ping_status":"closed","template":"","meta":{"iawp_total_views":49},"etheme_brands":[],"product_brand":[],"product_cat":[160],"product_tag":[],"class_list":{"0":"post-21941","1":"product","2":"type-product","3":"status-publish","4":"has-post-thumbnail","6":"product_cat-pcb-router-machine","8":"first","9":"instock","10":"shipping-taxable","11":"product-type-simple"},"_links":{"self":[{"href":"https:\/\/v2smt.com\/tr\/wp-json\/wp\/v2\/product\/21941","targetHints":{"allow":["GET"]}}],"collection":[{"href":"https:\/\/v2smt.com\/tr\/wp-json\/wp\/v2\/product"}],"about":[{"href":"https:\/\/v2smt.com\/tr\/wp-json\/wp\/v2\/types\/product"}],"replies":[{"embeddable":true,"href":"https:\/\/v2smt.com\/tr\/wp-json\/wp\/v2\/comments?post=21941"}],"version-history":[{"count":0,"href":"https:\/\/v2smt.com\/tr\/wp-json\/wp\/v2\/product\/21941\/revisions"}],"wp:featuredmedia":[{"embeddable":true,"href":"https:\/\/v2smt.com\/tr\/wp-json\/wp\/v2\/media\/21705"}],"wp:attachment":[{"href":"https:\/\/v2smt.com\/tr\/wp-json\/wp\/v2\/media?parent=21941"}],"wp:term":[{"taxonomy":"brand","embeddable":true,"href":"https:\/\/v2smt.com\/tr\/wp-json\/wp\/v2\/etheme_brands?post=21941"},{"taxonomy":"product_brand","embeddable":true,"href":"https:\/\/v2smt.com\/tr\/wp-json\/wp\/v2\/product_brand?post=21941"},{"taxonomy":"product_cat","embeddable":true,"href":"https:\/\/v2smt.com\/tr\/wp-json\/wp\/v2\/product_cat?post=21941"},{"taxonomy":"product_tag","embeddable":true,"href":"https:\/\/v2smt.com\/tr\/wp-json\/wp\/v2\/product_tag?post=21941"}],"curies":[{"name":"wp","href":"https:\/\/api.w.org\/{rel}","templated":true}]}}