{"id":21939,"date":"2024-07-23T16:44:21","date_gmt":"2024-07-23T16:44:21","guid":{"rendered":"https:\/\/v2smt.com\/?post_type=product&#038;p=21939"},"modified":"2024-08-22T17:03:59","modified_gmt":"2024-08-22T17:03:59","slug":"pcb-router-machine-l400","status":"publish","type":"product","link":"https:\/\/v2smt.com\/tr\/products\/pcb-router-machine-l400\/","title":{"rendered":"PCB Router Makinesi L400"},"content":{"rendered":"<p>1. Y\u00fcksek H\u0131zl\u0131 Frezeleme: H\u0131zl\u0131 PCB ay\u0131rma i\u00e7in freze b\u0131\u00e7aklar\u0131n\u0131 kullan\u0131r.<br \/>\n2. \u00dc\u00e7 Eksenli Servo S\u00fcr\u00fcc\u00fc: Hassas \u00e7ok y\u00f6nl\u00fc kontrol sa\u011flar.<br \/>\n3. \u0130nsan-Bilgisayar Aray\u00fcz\u00fc: 17 in\u00e7 ekran ile kullan\u0131c\u0131 dostu.<br \/>\n4. WIN7 Sistem \u0130\u015fletimi: \u0130stikrarl\u0131 ve tan\u0131d\u0131k bir platform sa\u011flar.<br \/>\n5. Y\u00fcksek Pikselli CCD Kamera: Yol \u00f6\u011fretme ve d\u00fczenleme do\u011frulu\u011funu art\u0131r\u0131r.<br \/>\n6. MAKE Telafi Yaz\u0131l\u0131m\u0131: Hassas programlama ayarlamalar\u0131n\u0131 kolayla\u015ft\u0131r\u0131r.<br \/>\n7. Dikd\u00f6rtgen \u00c7er\u00e7eve Ekleme: Geometrik hizalama programlamas\u0131n\u0131 basitle\u015ftirir.<br \/>\n8. \u0130\u015f Mili H\u0131z De\u011fi\u015fkenli\u011fi: 2000 ila 60000 rpm aras\u0131nda de\u011fi\u015fir.<br \/>\n9. Konumland\u0131rma Hassasiyeti: Y\u00fcksek hassasiyetli kesimler i\u00e7in \u00b10,01 mm.<br \/>\n10. Kesme H\u0131z\u0131 Kontrol\u00fc: 0 ila 100 mm\/sn aras\u0131nda ayarlanabilir.<br \/>\n11. \u00c7ok Y\u00f6nl\u00fc Kesme Fonksiyonlar\u0131: \u00c7e\u015fitli kesim modellerine uyum sa\u011flar.<br \/>\n12. End\u00fcstriyel Bilgisayar Kontrol\u00fc: G\u00fcvenilir \u00e7al\u0131\u015fma sa\u011flar.<br \/>\n13. Kompakt Boyut: Alan verimlili\u011fi i\u00e7in L830W1020H1400mm.<br \/>\n14. Opsiyonel Toz Toplama: \u00dcst veya alt toz toplama mevcuttur.<br \/>\n15. HIWIN Vida\/Ray Sistemi: Sorunsuz ve g\u00fcvenilir hareket sa\u011flar.<br \/>\n16. 380V\/3KW G\u00fc\u00e7 Kayna\u011f\u0131: A\u011f\u0131r hizmet operasyonlar\u0131n\u0131 destekler.<br \/>\n17. Makine A\u011f\u0131rl\u0131\u011f\u0131: Sa\u011flaml\u0131k ve dayan\u0131kl\u0131l\u0131k i\u00e7in 240kg.<\/p>","protected":false},"excerpt":{"rendered":"<p>PCB Router Machine L400, y\u00fcksek h\u0131zl\u0131, hassas PCB ay\u0131rma i\u00e7in tasarlanm\u0131\u015f son teknoloji \u00fcr\u00fcn\u00fc, tek istasyonlu bir g\u00f6rsel freze makinesidir. Kesme i\u015flemini otomatikle\u015ftirmek i\u00e7in geli\u015fmi\u015f servo motorlar ve y\u00fcksek pikselli bir CCD kamera kullan\u0131r, \u00fcr\u00fcn kalitesini \u00f6nemli \u00f6l\u00e7\u00fcde art\u0131r\u0131r ve israf\u0131 azalt\u0131r. Bu makine, \u00fcretim verimlili\u011fini optimize etmek i\u00e7in kullan\u0131c\u0131 dostu bir aray\u00fcz ve sa\u011flam \u00f6zelliklerle donat\u0131lm\u0131\u015ft\u0131r.<\/p>","protected":false},"featured_media":21704,"comment_status":"open","ping_status":"closed","template":"","meta":{"iawp_total_views":39},"etheme_brands":[],"product_brand":[],"product_cat":[160],"product_tag":[],"class_list":{"0":"post-21939","1":"product","2":"type-product","3":"status-publish","4":"has-post-thumbnail","6":"product_cat-pcb-router-machine","8":"first","9":"instock","10":"shipping-taxable","11":"product-type-simple"},"_links":{"self":[{"href":"https:\/\/v2smt.com\/tr\/wp-json\/wp\/v2\/product\/21939","targetHints":{"allow":["GET"]}}],"collection":[{"href":"https:\/\/v2smt.com\/tr\/wp-json\/wp\/v2\/product"}],"about":[{"href":"https:\/\/v2smt.com\/tr\/wp-json\/wp\/v2\/types\/product"}],"replies":[{"embeddable":true,"href":"https:\/\/v2smt.com\/tr\/wp-json\/wp\/v2\/comments?post=21939"}],"version-history":[{"count":0,"href":"https:\/\/v2smt.com\/tr\/wp-json\/wp\/v2\/product\/21939\/revisions"}],"wp:featuredmedia":[{"embeddable":true,"href":"https:\/\/v2smt.com\/tr\/wp-json\/wp\/v2\/media\/21704"}],"wp:attachment":[{"href":"https:\/\/v2smt.com\/tr\/wp-json\/wp\/v2\/media?parent=21939"}],"wp:term":[{"taxonomy":"brand","embeddable":true,"href":"https:\/\/v2smt.com\/tr\/wp-json\/wp\/v2\/etheme_brands?post=21939"},{"taxonomy":"product_brand","embeddable":true,"href":"https:\/\/v2smt.com\/tr\/wp-json\/wp\/v2\/product_brand?post=21939"},{"taxonomy":"product_cat","embeddable":true,"href":"https:\/\/v2smt.com\/tr\/wp-json\/wp\/v2\/product_cat?post=21939"},{"taxonomy":"product_tag","embeddable":true,"href":"https:\/\/v2smt.com\/tr\/wp-json\/wp\/v2\/product_tag?post=21939"}],"curies":[{"name":"wp","href":"https:\/\/api.w.org\/{rel}","templated":true}]}}