{"id":21936,"date":"2024-07-23T16:36:17","date_gmt":"2024-07-23T16:36:17","guid":{"rendered":"https:\/\/v2smt.com\/?post_type=product&#038;p=21936"},"modified":"2024-08-22T17:03:59","modified_gmt":"2024-08-22T17:03:59","slug":"x-ray-parts-counter-xc-01","status":"publish","type":"product","link":"https:\/\/v2smt.com\/tr\/products\/x-ray-parts-counter-xc-01\/","title":{"rendered":"X-Ray Par\u00e7a Sayac\u0131 XC-01"},"content":{"rendered":"<p>80kV Kapal\u0131 Tip X-Ray T\u00fcp\u00fc: Uzun \u00f6m\u00fcrl\u00fc ve neredeyse bak\u0131m gerektirmeyen \u00e7al\u0131\u015fma.<\/p>\n<p>17\u201d S\u00fcper \u00c7\u00f6z\u00fcn\u00fcrl\u00fckl\u00fc FPD: Hassas say\u0131m i\u00e7in y\u00fcksek \u00e7\u00f6z\u00fcn\u00fcrl\u00fckl\u00fc g\u00f6r\u00fcnt\u00fcleme sa\u011flar.<\/p>\n<p>Ultra H\u0131zl\u0131 Sayma H\u0131z\u0131: D\u00f6rt adet 7\u201d makaray\u0131 veya bir adet 15\u201d makaray\u0131 10 saniyenin alt\u0131nda sayar.<\/p>\n<p>AI Derin \u00d6\u011frenme Algoritmas\u0131: MES, ERP, WMS sistemleri ile \u00fccretsiz g\u00fcncelleme ve uyumluluk.<\/p>\n<p>Otomatik Kod Tarama ve Etiketleme: \u0130\u015f ak\u0131\u015f\u0131n\u0131 kolayla\u015ft\u0131r\u0131r ve kullan\u0131c\u0131 \u00e7abas\u0131n\u0131 azalt\u0131r.<\/p>\n<p>Mod De\u011fi\u015ftirmeye Gerek Yok: Manuel ge\u00e7i\u015f yapmadan tekli\/\u00e7oklu makara say\u0131m\u0131 i\u00e7in sezgisel tasar\u0131m.<\/p>\n<p>\u0130\u015f Emri Numaras\u0131 Fonksiyonu: \u0130\u015f emirlerinin kaydedilmesini ve kolay takibini destekler.<\/p>\n<p>G\u00fcvenlik Kilit Sistemleri: Kap\u0131 a\u00e7\u0131ld\u0131\u011f\u0131nda an\u0131nda g\u00fc\u00e7 kapatma ile kullan\u0131c\u0131 g\u00fcvenli\u011fini sa\u011flar.<\/p>\n<p>Bulut Veritaban\u0131 Ba\u011flant\u0131s\u0131: Payla\u015f\u0131lan veriler sayesinde say\u0131m do\u011frulu\u011funu ve verimlili\u011fini art\u0131r\u0131r.<\/p>\n<p>Acil Durdurma ve S\u0131k\u0131\u015fma \u00d6nleme G\u00fcvenli\u011fi: An\u0131nda m\u00fcdahale g\u00fcvenlik \u00f6nlemleri sa\u011flar.<\/p>","protected":false},"excerpt":{"rendered":"<p>Microfocus X-Ray Par\u00e7a Sayac\u0131 XC-01, elektronik end\u00fcstrisinde bile\u015fen say\u0131m\u0131nda devrim yaratmak i\u00e7in tasarlanm\u0131\u015f yenilik\u00e7i bir denetim sistemidir. Geli\u015fmi\u015f AI derin \u00f6\u011frenme algoritmas\u0131 ve y\u00fcksek \u00e7\u00f6z\u00fcn\u00fcrl\u00fckl\u00fc dijital d\u00fcz panel dedekt\u00f6r\u00fc ile XC-01, ola\u011fan\u00fcst\u00fc do\u011frulukta ultra h\u0131zl\u0131 say\u0131m yetenekleri sunar. Bu sistem, mevcut y\u00f6netim altyap\u0131s\u0131yla sorunsuz bir \u015fekilde entegre olarak bile\u015fen envanteri ve kalite kontrol\u00fc i\u00e7in kapsaml\u0131 bir \u00e7\u00f6z\u00fcm sunar.<\/p>","protected":false},"featured_media":21716,"comment_status":"open","ping_status":"closed","template":"","meta":{"iawp_total_views":120},"etheme_brands":[],"product_brand":[],"product_cat":[155],"product_tag":[],"class_list":{"0":"post-21936","1":"product","2":"type-product","3":"status-publish","4":"has-post-thumbnail","6":"product_cat-x-ray-parts-counter","8":"first","9":"instock","10":"shipping-taxable","11":"product-type-simple"},"_links":{"self":[{"href":"https:\/\/v2smt.com\/tr\/wp-json\/wp\/v2\/product\/21936","targetHints":{"allow":["GET"]}}],"collection":[{"href":"https:\/\/v2smt.com\/tr\/wp-json\/wp\/v2\/product"}],"about":[{"href":"https:\/\/v2smt.com\/tr\/wp-json\/wp\/v2\/types\/product"}],"replies":[{"embeddable":true,"href":"https:\/\/v2smt.com\/tr\/wp-json\/wp\/v2\/comments?post=21936"}],"version-history":[{"count":0,"href":"https:\/\/v2smt.com\/tr\/wp-json\/wp\/v2\/product\/21936\/revisions"}],"wp:featuredmedia":[{"embeddable":true,"href":"https:\/\/v2smt.com\/tr\/wp-json\/wp\/v2\/media\/21716"}],"wp:attachment":[{"href":"https:\/\/v2smt.com\/tr\/wp-json\/wp\/v2\/media?parent=21936"}],"wp:term":[{"taxonomy":"brand","embeddable":true,"href":"https:\/\/v2smt.com\/tr\/wp-json\/wp\/v2\/etheme_brands?post=21936"},{"taxonomy":"product_brand","embeddable":true,"href":"https:\/\/v2smt.com\/tr\/wp-json\/wp\/v2\/product_brand?post=21936"},{"taxonomy":"product_cat","embeddable":true,"href":"https:\/\/v2smt.com\/tr\/wp-json\/wp\/v2\/product_cat?post=21936"},{"taxonomy":"product_tag","embeddable":true,"href":"https:\/\/v2smt.com\/tr\/wp-json\/wp\/v2\/product_tag?post=21936"}],"curies":[{"name":"wp","href":"https:\/\/api.w.org\/{rel}","templated":true}]}}