{"id":21934,"date":"2024-07-23T16:30:23","date_gmt":"2024-07-23T16:30:23","guid":{"rendered":"https:\/\/v2smt.com\/?post_type=product&#038;p=21934"},"modified":"2024-08-22T17:03:59","modified_gmt":"2024-08-22T17:03:59","slug":"dx-temperature-curve-analyzer","status":"publish","type":"product","link":"https:\/\/v2smt.com\/tr\/products\/dx-temperature-curve-analyzer\/","title":{"rendered":"DX S\u0131cakl\u0131k E\u011frisi Analiz\u00f6r\u00fc"},"content":{"rendered":"<p>Sezgisel Kullan\u0131m: T\u00fcm veriler i\u00e7in veritaban\u0131 y\u00f6netimi ile basit ve kullan\u0131m\u0131 kolay aray\u00fcz.<\/p>\n<p>Y\u00fcksek \u00d6rnekleme Frekans\u0131: 0,05s ile 30Min aras\u0131nda de\u011fi\u015fir ve \u00e7e\u015fitli test ihtiya\u00e7lar\u0131n\u0131 kar\u015f\u0131lar.<\/p>\n<p>B\u00fcy\u00fck Bellek Kapasitesi: Kapsaml\u0131 analiz i\u00e7in 500.000 veri noktas\u0131na kadar depolama.<\/p>\n<p>\u00c7oklu Test Kanallar\u0131: Kapsaml\u0131 testler i\u00e7in 6, 10 veya 15 kanal se\u00e7enekleri.<\/p>\n<p>Y\u00fcksek Hassasiyet: G\u00fcvenilir s\u0131cakl\u0131k \u00f6l\u00e7\u00fcmleri i\u00e7in \u00b10,6 \u2103 hassasiyet.<\/p>\n<p>Ay\u0131rt edilebilirlik: \u0130nce taneli termal veriler i\u00e7in 0,1 \u2103 \u00e7\u00f6z\u00fcn\u00fcrl\u00fck.<\/p>\n<p>Ak\u0131ll\u0131 Analiz: Veri indirmeden s\u00fcre\u00e7 uygunlu\u011funun otomatik olarak belirlenmesi.<\/p>\n<p>Yaz\u0131l\u0131m Analizi: Veri analizi i\u00e7in y\u00fcksek verimli, kullan\u0131m\u0131 kolay bir yaz\u0131l\u0131m ile donat\u0131lm\u0131\u015ft\u0131r.<\/p>\n<p>H\u0131zl\u0131 \u015earj \u00d6zelli\u011fi: 10 dakikal\u0131k \u015farj, daha uzun kullan\u0131m s\u00fcresi sa\u011flar.<\/p>\n<p>LED G\u00f6sterge Ekran\u0131: Pil durumu, veri depolama ve y\u00fcksek s\u0131cakl\u0131k alarmlar\u0131 i\u00e7in net g\u00f6stergeler.<\/p>\n<p>Y\u00fcksek S\u0131cakl\u0131k Kendini Koruma: Hasar\u0131 \u00f6nlemek i\u00e7in 70\u00b0C'de otomatik kapanma.<\/p>","protected":false},"excerpt":{"rendered":"<p>BESTEMP'in DX Serisi S\u0131cakl\u0131k E\u011frisi Analiz\u00f6r\u00fc, \u00e7e\u015fitli end\u00fcstrilerde y\u00fcksek hassasiyetli s\u0131cakl\u0131k profili olu\u015fturmak i\u00e7in tasarlanm\u0131\u015f geli\u015fmi\u015f bir termal analiz cihaz\u0131d\u0131r. Kullan\u0131c\u0131 dostu kullan\u0131m\u0131 ve sa\u011flam veritaban\u0131 y\u00f6netimi ile DX Serisi, termal verileri yakalama ve analiz etme s\u00fcrecini basitle\u015ftirerek elektronik, seramik, g\u0131da, otomotiv ve daha bir\u00e7ok alanda kalite g\u00fcvencesi i\u00e7in vazge\u00e7ilmez bir ara\u00e7 haline getirir.<\/p>","protected":false},"featured_media":21715,"comment_status":"open","ping_status":"closed","template":"","meta":{"iawp_total_views":115},"etheme_brands":[],"product_brand":[],"product_cat":[141,162],"product_tag":[],"class_list":{"0":"post-21934","1":"product","2":"type-product","3":"status-publish","4":"has-post-thumbnail","6":"product_cat-temperature-curve-analyzer","7":"product_cat-tools","9":"first","10":"instock","11":"shipping-taxable","12":"product-type-simple"},"_links":{"self":[{"href":"https:\/\/v2smt.com\/tr\/wp-json\/wp\/v2\/product\/21934","targetHints":{"allow":["GET"]}}],"collection":[{"href":"https:\/\/v2smt.com\/tr\/wp-json\/wp\/v2\/product"}],"about":[{"href":"https:\/\/v2smt.com\/tr\/wp-json\/wp\/v2\/types\/product"}],"replies":[{"embeddable":true,"href":"https:\/\/v2smt.com\/tr\/wp-json\/wp\/v2\/comments?post=21934"}],"version-history":[{"count":0,"href":"https:\/\/v2smt.com\/tr\/wp-json\/wp\/v2\/product\/21934\/revisions"}],"wp:featuredmedia":[{"embeddable":true,"href":"https:\/\/v2smt.com\/tr\/wp-json\/wp\/v2\/media\/21715"}],"wp:attachment":[{"href":"https:\/\/v2smt.com\/tr\/wp-json\/wp\/v2\/media?parent=21934"}],"wp:term":[{"taxonomy":"brand","embeddable":true,"href":"https:\/\/v2smt.com\/tr\/wp-json\/wp\/v2\/etheme_brands?post=21934"},{"taxonomy":"product_brand","embeddable":true,"href":"https:\/\/v2smt.com\/tr\/wp-json\/wp\/v2\/product_brand?post=21934"},{"taxonomy":"product_cat","embeddable":true,"href":"https:\/\/v2smt.com\/tr\/wp-json\/wp\/v2\/product_cat?post=21934"},{"taxonomy":"product_tag","embeddable":true,"href":"https:\/\/v2smt.com\/tr\/wp-json\/wp\/v2\/product_tag?post=21934"}],"curies":[{"name":"wp","href":"https:\/\/api.w.org\/{rel}","templated":true}]}}