{"id":21929,"date":"2024-07-23T16:10:11","date_gmt":"2024-07-23T16:10:11","guid":{"rendered":"https:\/\/v2smt.com\/?post_type=product&#038;p=21929"},"modified":"2024-08-22T17:03:59","modified_gmt":"2024-08-22T17:03:59","slug":"lead-free-reflow-oven-ty-tech-8020","status":"publish","type":"product","link":"https:\/\/v2smt.com\/tr\/products\/lead-free-reflow-oven-ty-tech-8020\/","title":{"rendered":"Kur\u015funsuz Yeniden Ak\u0131\u015f F\u0131r\u0131n\u0131 TY-Tech 8020"},"content":{"rendered":"<p>1. Siemens PLC Ak\u0131ll\u0131 Kontrol<br \/>\n2. Windows XP \u0130\u015fletim Aray\u00fcz\u00fc<br \/>\n3. Otomatik Silindir G\u00f6vdesi Kald\u0131rma<br \/>\n4. Sorunsuz Ta\u015f\u0131ma i\u00e7in \u00d6rg\u00fc Kemer<br \/>\n5. Is\u0131tma B\u00f6lgeleri i\u00e7in PID Kontrol\u00fc<br \/>\n6. A\u011f\/Zincir \u0130letim Kontrol\u00fc<br \/>\n7. Ar\u0131za Alarm\u0131 ve Ka\u00e7ak Koruyucu<br \/>\n8. UPS ve Gecikmeli Kapatma Sistemi<br \/>\n9. ERSA Mikrosirk\u00fclasyon Is\u0131tma Modu<br \/>\n10. Ba\u011f\u0131ms\u0131z Hava Mikrosirk\u00fclasyon Sistemi<\/p>","protected":false},"excerpt":{"rendered":"<p>TY-Tech 8020 yeniden ak\u0131\u015f f\u0131r\u0131n\u0131, s\u0131cakl\u0131k kontrol\u00fcnde \u00b11-2 \u2103 hassasiyet sa\u011flayan Siemens PLC ile ak\u0131ll\u0131 bir kontrol sistemine sahiptir. 8 b\u00f6lgeli \u0131s\u0131tma sistemi, bas\u0131n\u00e7l\u0131 hava so\u011futmas\u0131 ve 500 mm a\u011f band\u0131 ile donat\u0131lm\u0131\u015f olan f\u0131r\u0131n, y\u00fcksek verimle daha b\u00fcy\u00fck PCB'lere hitap eder. Geli\u015fmi\u015f g\u00fcvenlik \u00f6zellikleri ve kullan\u0131c\u0131 dostu aray\u00fcz\u00fc, lehimleme s\u00fcrecindeki sa\u011flam performans\u0131n\u0131 vurgular.<\/p>","protected":false},"featured_media":21689,"comment_status":"open","ping_status":"closed","template":"","meta":{"iawp_total_views":47},"etheme_brands":[],"product_brand":[],"product_cat":[140],"product_tag":[],"class_list":{"0":"post-21929","1":"product","2":"type-product","3":"status-publish","4":"has-post-thumbnail","6":"product_cat-reflow-soldering","8":"first","9":"instock","10":"shipping-taxable","11":"product-type-simple"},"_links":{"self":[{"href":"https:\/\/v2smt.com\/tr\/wp-json\/wp\/v2\/product\/21929","targetHints":{"allow":["GET"]}}],"collection":[{"href":"https:\/\/v2smt.com\/tr\/wp-json\/wp\/v2\/product"}],"about":[{"href":"https:\/\/v2smt.com\/tr\/wp-json\/wp\/v2\/types\/product"}],"replies":[{"embeddable":true,"href":"https:\/\/v2smt.com\/tr\/wp-json\/wp\/v2\/comments?post=21929"}],"version-history":[{"count":0,"href":"https:\/\/v2smt.com\/tr\/wp-json\/wp\/v2\/product\/21929\/revisions"}],"wp:featuredmedia":[{"embeddable":true,"href":"https:\/\/v2smt.com\/tr\/wp-json\/wp\/v2\/media\/21689"}],"wp:attachment":[{"href":"https:\/\/v2smt.com\/tr\/wp-json\/wp\/v2\/media?parent=21929"}],"wp:term":[{"taxonomy":"brand","embeddable":true,"href":"https:\/\/v2smt.com\/tr\/wp-json\/wp\/v2\/etheme_brands?post=21929"},{"taxonomy":"product_brand","embeddable":true,"href":"https:\/\/v2smt.com\/tr\/wp-json\/wp\/v2\/product_brand?post=21929"},{"taxonomy":"product_cat","embeddable":true,"href":"https:\/\/v2smt.com\/tr\/wp-json\/wp\/v2\/product_cat?post=21929"},{"taxonomy":"product_tag","embeddable":true,"href":"https:\/\/v2smt.com\/tr\/wp-json\/wp\/v2\/product_tag?post=21929"}],"curies":[{"name":"wp","href":"https:\/\/api.w.org\/{rel}","templated":true}]}}