{"id":21927,"date":"2024-07-23T16:06:16","date_gmt":"2024-07-23T16:06:16","guid":{"rendered":"https:\/\/v2smt.com\/?post_type=product&#038;p=21927"},"modified":"2024-08-22T17:03:59","modified_gmt":"2024-08-22T17:03:59","slug":"sh2012-wire-bonding-machine","status":"publish","type":"product","link":"https:\/\/v2smt.com\/tr\/products\/sh2012-wire-bonding-machine\/","title":{"rendered":"SH2012 Tel Ba\u011flama Makinesi"},"content":{"rendered":"<p>Alt\u0131n Tel Bilyal\u0131 Yap\u0131\u015ft\u0131rma: Y\u00fcksek g\u00fc\u00e7l\u00fc LED'lerde ve di\u011fer yar\u0131 iletkenlerde i\u00e7 kur\u015fun kayna\u011f\u0131 i\u00e7in idealdir.<\/p>\n<p>\u00c7ok Y\u00f6nl\u00fc Uygulamalar: LED'ler, lazer t\u00fcpleri, g\u00fc\u00e7 diyotlar\u0131, triyotlar ve entegre devreler i\u00e7in uygundur.<\/p>\n<p>Ayarlanabilir Ultrasonik G\u00fc\u00e7: Hassas kontrol i\u00e7in 0~3W s\u00fcrekli ayarl\u0131 4 kanal.<\/p>\n<p>Kaynak S\u00fcresi 0~200ms: \u0130ki kanal de\u011fi\u015fken ba\u011flama s\u00fcrelerine izin verir.<\/p>\n<p>Kaynak Bas\u0131nc\u0131 35~180g: Farkl\u0131 yap\u0131\u015ft\u0131rma ihtiya\u00e7lar\u0131 i\u00e7in ayarlanabilir bas\u0131n\u00e7l\u0131 iki kanal.<\/p>\n<p>Minimum Kaynak S\u00fcresi 0,4s\/Line: Y\u00fcksek hacimli \u00fcretim i\u00e7in verimli i\u015fleme.<\/p>\n<p>Kuyruk Teli Uzunlu\u011fu 0~2mm: \u00d6zel ba\u011flama gereksinimleri i\u00e7in \u00f6zelle\u015ftirilebilir.<\/p>\n<p>Ayarlanabilir Alt\u0131n Top Boyutu: \u00c7ok y\u00f6nl\u00fc yap\u0131\u015ft\u0131rma i\u00e7in tel \u00e7ap\u0131n\u0131n 2 ~ 4 kat\u0131.<\/p>\n<p>Fikst\u00fcr\u00fcn Hareket Aral\u0131\u011f\u0131 \u03a625mm: Hassas bile\u015fenler i\u00e7in hassas konumland\u0131rma sa\u011flar.<\/p>\n<p>\u0130ki Di\u015fli Mikroskop (15x ve 30x): Do\u011fru yap\u0131\u015ft\u0131rma i\u00e7in net g\u00f6rselle\u015ftirme sa\u011flar.<\/p>","protected":false},"excerpt":{"rendered":"<p>SH2012 Tel Yap\u0131\u015ft\u0131rma Makinesi, yar\u0131 iletken end\u00fcstrisindeki y\u00fcksek hassasiyetli yap\u0131\u015ft\u0131rma uygulamalar\u0131 i\u00e7in tasarlanm\u0131\u015f \u00f6zel bir cihazd\u0131r. Geli\u015fmi\u015f \u00f6zellikleri, \u00e7e\u015fitli elektronik bile\u015fenlerin ihtiya\u00e7lar\u0131n\u0131 kar\u015f\u0131layarak onu y\u00fcksek kaliteli montaj s\u00fcre\u00e7leri i\u00e7in \u00f6nemli bir ara\u00e7 haline getirir.<\/p>","protected":false},"featured_media":21709,"comment_status":"open","ping_status":"closed","template":"","meta":{"iawp_total_views":57},"etheme_brands":[],"product_brand":[],"product_cat":[158,159],"product_tag":[],"class_list":{"0":"post-21927","1":"product","2":"type-product","3":"status-publish","4":"has-post-thumbnail","6":"product_cat-cob-bonding-machine","7":"product_cat-flexible-circuit-bonding-machine","9":"first","10":"instock","11":"shipping-taxable","12":"product-type-simple"},"_links":{"self":[{"href":"https:\/\/v2smt.com\/tr\/wp-json\/wp\/v2\/product\/21927","targetHints":{"allow":["GET"]}}],"collection":[{"href":"https:\/\/v2smt.com\/tr\/wp-json\/wp\/v2\/product"}],"about":[{"href":"https:\/\/v2smt.com\/tr\/wp-json\/wp\/v2\/types\/product"}],"replies":[{"embeddable":true,"href":"https:\/\/v2smt.com\/tr\/wp-json\/wp\/v2\/comments?post=21927"}],"version-history":[{"count":0,"href":"https:\/\/v2smt.com\/tr\/wp-json\/wp\/v2\/product\/21927\/revisions"}],"wp:featuredmedia":[{"embeddable":true,"href":"https:\/\/v2smt.com\/tr\/wp-json\/wp\/v2\/media\/21709"}],"wp:attachment":[{"href":"https:\/\/v2smt.com\/tr\/wp-json\/wp\/v2\/media?parent=21927"}],"wp:term":[{"taxonomy":"brand","embeddable":true,"href":"https:\/\/v2smt.com\/tr\/wp-json\/wp\/v2\/etheme_brands?post=21927"},{"taxonomy":"product_brand","embeddable":true,"href":"https:\/\/v2smt.com\/tr\/wp-json\/wp\/v2\/product_brand?post=21927"},{"taxonomy":"product_cat","embeddable":true,"href":"https:\/\/v2smt.com\/tr\/wp-json\/wp\/v2\/product_cat?post=21927"},{"taxonomy":"product_tag","embeddable":true,"href":"https:\/\/v2smt.com\/tr\/wp-json\/wp\/v2\/product_tag?post=21927"}],"curies":[{"name":"wp","href":"https:\/\/api.w.org\/{rel}","templated":true}]}}