{"id":21925,"date":"2024-07-23T16:04:21","date_gmt":"2024-07-23T16:04:21","guid":{"rendered":"https:\/\/v2smt.com\/?post_type=product&#038;p=21925"},"modified":"2024-08-22T17:03:58","modified_gmt":"2024-08-22T17:03:58","slug":"automatic-screw-locking-machine-5430","status":"publish","type":"product","link":"https:\/\/v2smt.com\/tr\/products\/automatic-screw-locking-machine-5430\/","title":{"rendered":"Otomatik Vida Kilitleme Makinesi 5430"},"content":{"rendered":"<p>Step Motor veya Servo S\u00fcr\u00fcc\u00fc: G\u00fcvenilir ve hassas hareket sa\u011flar.<\/p>\n<p>4 Eksenli Kontrol: \u00c7ok y\u00f6nl\u00fc vida kilitleme \u00f6zelli\u011fi sunar.<\/p>\n<p>54033080mm \u00c7al\u0131\u015fma Alan\u0131: \u00c7ok \u00e7e\u015fitli \u00fcr\u00fcn boyutlar\u0131n\u0131 bar\u0131nd\u0131r\u0131r.<\/p>\n<p>Y\u00fcksek H\u0131zl\u0131 Hareket (0,1-800 mm\/sn): \u00dcretkenli\u011fi en \u00fcst d\u00fczeye \u00e7\u0131kar\u0131r.<\/p>\n<p>\u00b10,02 mm Tekrarlanabilirlik Do\u011frulu\u011fu: Vida yerle\u015ftirmede hassasiyeti garanti eder.<\/p>\n<p>0,01 mm \u00c7\u00f6z\u00fcn\u00fcrl\u00fck: Karma\u015f\u0131k g\u00f6revler i\u00e7in ince ayarl\u0131 kontrol sa\u011flar.<\/p>\n<p>999 Dosya i\u00e7in Bellek Depolama: \u00dcretimde esnekli\u011fi ve organizasyonu art\u0131r\u0131r.<\/p>\n<p>Y\u00fcksek Tutu\u015flu \u00d6\u011fretim Programlay\u0131c\u0131 Kutusu: Programlama ve \u00e7al\u0131\u015ft\u0131rmay\u0131 basitle\u015ftirir.<\/p>\n<p>8Kg Maksimum Y\u00fck Kapasitesi: A\u011f\u0131r hizmet uygulamalar\u0131n\u0131 destekler.<\/p>\n<p>770720720mm \u00d6l\u00e7\u00fcm Aral\u0131\u011f\u0131: Farkl\u0131 g\u00f6revler i\u00e7in geni\u015f \u00e7al\u0131\u015fma alanlar\u0131n\u0131 kapsar.<\/p>","protected":false},"excerpt":{"rendered":"<p>Otomatik Vida Kilitleme Makinesi 5430, \u00fcretim verimlili\u011fini art\u0131rmak ve i\u015f\u00e7ilik ve malzeme maliyetlerini azaltmak i\u00e7in tasarlanm\u0131\u015f devrim niteli\u011finde bir otomasyon \u00e7\u00f6z\u00fcm\u00fcd\u00fcr. Geli\u015fmi\u015f \u00f6zellikleri ve kabiliyetleriyle, \u00fcretim roboti\u011finin gelece\u011finin bir kan\u0131t\u0131 olarak duruyor.<\/p>","protected":false},"featured_media":21677,"comment_status":"open","ping_status":"closed","template":"","meta":{"iawp_total_views":66},"etheme_brands":[],"product_brand":[],"product_cat":[152],"product_tag":[],"class_list":{"0":"post-21925","1":"product","2":"type-product","3":"status-publish","4":"has-post-thumbnail","6":"product_cat-automatic-screw-locking-machine","8":"first","9":"instock","10":"shipping-taxable","11":"product-type-simple"},"_links":{"self":[{"href":"https:\/\/v2smt.com\/tr\/wp-json\/wp\/v2\/product\/21925","targetHints":{"allow":["GET"]}}],"collection":[{"href":"https:\/\/v2smt.com\/tr\/wp-json\/wp\/v2\/product"}],"about":[{"href":"https:\/\/v2smt.com\/tr\/wp-json\/wp\/v2\/types\/product"}],"replies":[{"embeddable":true,"href":"https:\/\/v2smt.com\/tr\/wp-json\/wp\/v2\/comments?post=21925"}],"version-history":[{"count":0,"href":"https:\/\/v2smt.com\/tr\/wp-json\/wp\/v2\/product\/21925\/revisions"}],"wp:featuredmedia":[{"embeddable":true,"href":"https:\/\/v2smt.com\/tr\/wp-json\/wp\/v2\/media\/21677"}],"wp:attachment":[{"href":"https:\/\/v2smt.com\/tr\/wp-json\/wp\/v2\/media?parent=21925"}],"wp:term":[{"taxonomy":"brand","embeddable":true,"href":"https:\/\/v2smt.com\/tr\/wp-json\/wp\/v2\/etheme_brands?post=21925"},{"taxonomy":"product_brand","embeddable":true,"href":"https:\/\/v2smt.com\/tr\/wp-json\/wp\/v2\/product_brand?post=21925"},{"taxonomy":"product_cat","embeddable":true,"href":"https:\/\/v2smt.com\/tr\/wp-json\/wp\/v2\/product_cat?post=21925"},{"taxonomy":"product_tag","embeddable":true,"href":"https:\/\/v2smt.com\/tr\/wp-json\/wp\/v2\/product_tag?post=21925"}],"curies":[{"name":"wp","href":"https:\/\/api.w.org\/{rel}","templated":true}]}}