{"id":21923,"date":"2024-07-23T16:02:17","date_gmt":"2024-07-23T16:02:17","guid":{"rendered":"https:\/\/v2smt.com\/?post_type=product&#038;p=21923"},"modified":"2024-08-22T17:03:58","modified_gmt":"2024-08-22T17:03:58","slug":"lcd-laser-repair-machine-512s","status":"publish","type":"product","link":"https:\/\/v2smt.com\/tr\/products\/lcd-laser-repair-machine-512s\/","title":{"rendered":"LCD Lazer Onar\u0131m Makinesi 512S"},"content":{"rendered":"<p>Y\u00fcksek Enerjili Lazer Oda\u011f\u0131: Etkili onar\u0131mlar i\u00e7in lazer \u00f6zelliklerinden yararlan\u0131r.<\/p>\n<p>De\u011fi\u015fken Dalga Boylar\u0131 (1064nm, 532nm): Farkl\u0131 onar\u0131m ihtiya\u00e7lar\u0131na uyum sa\u011flar.<\/p>\n<p>Maksimum 43 in\u00e7 Paneli destekler: \u00c7e\u015fitli panel boyutlar\u0131 i\u00e7in uygundur.<\/p>\n<p>Yar\u0131 \u0130letken Lazer ND-YAG: Y\u00fcksek kaliteli lazer \u00e7\u0131k\u0131\u015f\u0131 sa\u011flar.<\/p>\n<p>Su So\u011futmal\u0131 Sistem: Optimum lazer performans\u0131n\u0131 korur.<\/p>\n<p>Lazer G\u00fcc\u00fc 0,5-2mJ\/Nab\u0131z: \u00c7e\u015fitli onar\u0131m g\u00f6revleri i\u00e7in ayarlanabilir.<\/p>\n<p>Titre\u015fim Frekans\u0131 1-10 Hz\/Saniye: Lazer uygulamas\u0131 \u00fczerinde hassas kontrol.<\/p>\n<p>Tepe G\u00fcc\u00fc 1MW: Karma\u015f\u0131k onar\u0131mlar i\u00e7in yo\u011fun lazer enerjisi sa\u011flar.<\/p>\n<p>Noktalama ve \u0130\u015faretleme Yetenekleri: \u00c7ok y\u00f6nl\u00fc i\u015fleme y\u00f6ntemleri.<\/p>\n<p>Boyutlar 1360mm \u00d7 1200mm \u00d7 760mm: Alan verimlili\u011fi i\u00e7in kompakt tasar\u0131m.<\/p>","protected":false},"excerpt":{"rendered":"<p>LCD Lazer Onar\u0131m Makinesi 512S, TFT-LCD ve OLED s\u00fcre\u00e7lerindeki k\u0131sa devre kusurlar\u0131n\u0131 onarmak i\u00e7in lazer teknolojisinin g\u00fcc\u00fcnden yararlanan sofistike bir ara\u00e7t\u0131r. Y\u00fcksek enerjili lazer oda\u011f\u0131 ve de\u011fi\u015fken dalga boylar\u0131 ile ekran panelleri i\u00e7in hassas ve verimli bir \u00e7\u00f6z\u00fcm sunar.<\/p>","protected":false},"featured_media":21687,"comment_status":"open","ping_status":"closed","template":"","meta":{"iawp_total_views":102},"etheme_brands":[],"product_brand":[],"product_cat":[157],"product_tag":[],"class_list":{"0":"post-21923","1":"product","2":"type-product","3":"status-publish","4":"has-post-thumbnail","6":"product_cat-lcd-laser-repair-machine","8":"first","9":"instock","10":"shipping-taxable","11":"product-type-simple"},"_links":{"self":[{"href":"https:\/\/v2smt.com\/tr\/wp-json\/wp\/v2\/product\/21923","targetHints":{"allow":["GET"]}}],"collection":[{"href":"https:\/\/v2smt.com\/tr\/wp-json\/wp\/v2\/product"}],"about":[{"href":"https:\/\/v2smt.com\/tr\/wp-json\/wp\/v2\/types\/product"}],"replies":[{"embeddable":true,"href":"https:\/\/v2smt.com\/tr\/wp-json\/wp\/v2\/comments?post=21923"}],"version-history":[{"count":0,"href":"https:\/\/v2smt.com\/tr\/wp-json\/wp\/v2\/product\/21923\/revisions"}],"wp:featuredmedia":[{"embeddable":true,"href":"https:\/\/v2smt.com\/tr\/wp-json\/wp\/v2\/media\/21687"}],"wp:attachment":[{"href":"https:\/\/v2smt.com\/tr\/wp-json\/wp\/v2\/media?parent=21923"}],"wp:term":[{"taxonomy":"brand","embeddable":true,"href":"https:\/\/v2smt.com\/tr\/wp-json\/wp\/v2\/etheme_brands?post=21923"},{"taxonomy":"product_brand","embeddable":true,"href":"https:\/\/v2smt.com\/tr\/wp-json\/wp\/v2\/product_brand?post=21923"},{"taxonomy":"product_cat","embeddable":true,"href":"https:\/\/v2smt.com\/tr\/wp-json\/wp\/v2\/product_cat?post=21923"},{"taxonomy":"product_tag","embeddable":true,"href":"https:\/\/v2smt.com\/tr\/wp-json\/wp\/v2\/product_tag?post=21923"}],"curies":[{"name":"wp","href":"https:\/\/api.w.org\/{rel}","templated":true}]}}