{"id":21921,"date":"2024-07-23T16:00:41","date_gmt":"2024-07-23T16:00:41","guid":{"rendered":"https:\/\/v2smt.com\/?post_type=product&#038;p=21921"},"modified":"2024-08-22T17:03:58","modified_gmt":"2024-08-22T17:03:58","slug":"lcd-laser-repair-machine-512d","status":"publish","type":"product","link":"https:\/\/v2smt.com\/tr\/products\/lcd-laser-repair-machine-512d\/","title":{"rendered":"LCD Lazer Onar\u0131m Makinesi 512D"},"content":{"rendered":"<p>S\u00fcspansiyonlu Hava Presleme Sistemi: Do\u011fru onar\u0131mlar i\u00e7in \u00e7evresel titre\u015fimleri en aza indirir.<\/p>\n<p>MITUTOYO Optik Mod\u00fcl: Y\u00fcksek hassasiyetli lazer hedefleme sa\u011flar.<\/p>\n<p>RUICONG Su So\u011futmal\u0131 Lazer Sistemi: Kararl\u0131 ve tutarl\u0131 lazer \u00e7\u0131k\u0131\u015f\u0131 sa\u011flar.<\/p>\n<p>Maksimum 85 in\u00e7 Ekran\u0131 destekler: \u00c7e\u015fitli panel boyutlar\u0131 i\u00e7in \u00e7ok y\u00f6nl\u00fcd\u00fcr.<\/p>\n<p>Su So\u011futmal\u0131\/Hava So\u011futmal\u0131 Se\u00e7enekler: Farkl\u0131 ortamlar i\u00e7in so\u011futma y\u00f6ntemlerinde esneklik.<\/p>\n<p>Lazer G\u00fcc\u00fc 0.5-2mJ\/Nab\u0131z: Farkl\u0131 onar\u0131m gereksinimleri i\u00e7in ayarlanabilir.<\/p>\n<p>Titre\u015fim Frekans\u0131 1-5 Hz\/Saniye: Hassas kontrol i\u00e7in \u00f6zelle\u015ftirilebilir.<\/p>\n<p>Tepe G\u00fcc\u00fc 1MW: Etkili onar\u0131mlar i\u00e7in g\u00fc\u00e7l\u00fc lazer enerjisi sa\u011flar.<\/p>\n<p>Renk \u00c7izgilerini ve Parlak Noktalar\u0131 Onar\u0131r: Belirli yayg\u0131n panel kusurlar\u0131n\u0131 hedefler.<\/p>\n<p>Boyutlar 2003mm \u00d7 1650mm \u00d7 1860mm: \u00c7al\u0131\u015fma alanlar\u0131na kolay entegrasyon i\u00e7in kompakt tasar\u0131m.<\/p>","protected":false},"excerpt":{"rendered":"<p>LCD Lazer Onar\u0131m Makinesi 512D, LCD panellerin onar\u0131m ihtiya\u00e7lar\u0131n\u0131 hassasiyet ve verimlilikle kar\u015f\u0131lamak i\u00e7in tasarlanm\u0131\u015f son teknoloji bir cihazd\u0131r. Geli\u015fmi\u015f s\u00fcspansiyonlu hava presleme sistemi ve son teknoloji lazer teknolojisi, optimum performans sa\u011flayarak y\u00fcksek kaliteli panel bak\u0131m\u0131 i\u00e7in vazge\u00e7ilmez bir ara\u00e7 haline getirir.<\/p>","protected":false},"featured_media":21685,"comment_status":"open","ping_status":"closed","template":"","meta":{"iawp_total_views":72},"etheme_brands":[],"product_brand":[],"product_cat":[157],"product_tag":[],"class_list":{"0":"post-21921","1":"product","2":"type-product","3":"status-publish","4":"has-post-thumbnail","6":"product_cat-lcd-laser-repair-machine","8":"first","9":"instock","10":"shipping-taxable","11":"product-type-simple"},"_links":{"self":[{"href":"https:\/\/v2smt.com\/tr\/wp-json\/wp\/v2\/product\/21921","targetHints":{"allow":["GET"]}}],"collection":[{"href":"https:\/\/v2smt.com\/tr\/wp-json\/wp\/v2\/product"}],"about":[{"href":"https:\/\/v2smt.com\/tr\/wp-json\/wp\/v2\/types\/product"}],"replies":[{"embeddable":true,"href":"https:\/\/v2smt.com\/tr\/wp-json\/wp\/v2\/comments?post=21921"}],"version-history":[{"count":0,"href":"https:\/\/v2smt.com\/tr\/wp-json\/wp\/v2\/product\/21921\/revisions"}],"wp:featuredmedia":[{"embeddable":true,"href":"https:\/\/v2smt.com\/tr\/wp-json\/wp\/v2\/media\/21685"}],"wp:attachment":[{"href":"https:\/\/v2smt.com\/tr\/wp-json\/wp\/v2\/media?parent=21921"}],"wp:term":[{"taxonomy":"brand","embeddable":true,"href":"https:\/\/v2smt.com\/tr\/wp-json\/wp\/v2\/etheme_brands?post=21921"},{"taxonomy":"product_brand","embeddable":true,"href":"https:\/\/v2smt.com\/tr\/wp-json\/wp\/v2\/product_brand?post=21921"},{"taxonomy":"product_cat","embeddable":true,"href":"https:\/\/v2smt.com\/tr\/wp-json\/wp\/v2\/product_cat?post=21921"},{"taxonomy":"product_tag","embeddable":true,"href":"https:\/\/v2smt.com\/tr\/wp-json\/wp\/v2\/product_tag?post=21921"}],"curies":[{"name":"wp","href":"https:\/\/api.w.org\/{rel}","templated":true}]}}