{"id":21919,"date":"2024-07-23T15:57:16","date_gmt":"2024-07-23T15:57:16","guid":{"rendered":"https:\/\/v2smt.com\/?post_type=product&#038;p=21919"},"modified":"2024-08-22T17:03:58","modified_gmt":"2024-08-22T17:03:58","slug":"automatic-glue-filling-machine-3030c","status":"publish","type":"product","link":"https:\/\/v2smt.com\/tr\/products\/automatic-glue-filling-machine-3030c\/","title":{"rendered":"Otomatik Tutkal Dolum Makinesi 3030C"},"content":{"rendered":"<p>Otomatik Da\u011f\u0131t\u0131m: Her t\u00fcrl\u00fc iki bile\u015fenli yap\u0131\u015ft\u0131r\u0131c\u0131 i\u00e7in.<\/p>\n<p>Geni\u015f Uygulama Alan\u0131: Elektrik, elektronik ve otomotiv end\u00fcstrileri i\u00e7in uygundur.<\/p>\n<p>Y\u00fcksek Hareket H\u0131z\u0131: H\u0131zl\u0131 i\u015fleme i\u00e7in 0-300mm\/sn.<\/p>\n<p>Y\u00fcksek Oranlama Do\u011frulu\u011fu: Tutarl\u0131 kar\u0131\u015f\u0131mlar i\u00e7in \u00b12%.<\/p>\n<p>Ayarlanabilir Kar\u0131\u015ft\u0131rma Oran\u0131: 100:100 ila 100:20 veya 100:20 ila 100:10 aras\u0131nda.<\/p>\n<p>De\u011fi\u015fken T\u00fck\u00fcrme H\u0131z\u0131: 1g\/sn ila 15g\/sn veya 5g\/sn ila 30g\/sn.<\/p>\n<p>D\u00fc\u015f\u00fck Viskozite S\u0131n\u0131r\u0131: &lt;100000CPS viskozitelerde \u00e7al\u0131\u015f\u0131r.<\/p>\n<p>Kullan\u0131c\u0131 Dostu Aray\u00fcz: Dokunmatik ekranl\u0131 Shichun hareket kontrol\u00f6r\u00fc.<\/p>\n<p>Step Motor \u00d6l\u00e7\u00fcm\u00fc: Hassas yap\u0131\u015ft\u0131r\u0131c\u0131 ak\u0131\u015f\u0131 sa\u011flar.<\/p>\n<p>Kompakt Makine Boyutu: Kolay entegrasyon i\u00e7in 1300(L) \u25731250(W)\u25731600(H)mm.<\/p>","protected":false},"excerpt":{"rendered":"<p>3030C Otomatik Tutkal Dolum Makinesi, iki bile\u015fenli yap\u0131\u015ft\u0131r\u0131c\u0131lar\u0131n otomatik olarak da\u011f\u0131t\u0131lmas\u0131 i\u00e7in tasarlanm\u0131\u015f \u00f6zel bir ekipmand\u0131r. Elektronik, otomotiv ve ev aletleri dahil olmak \u00fczere \u00e7e\u015fitli end\u00fcstrilerde yayg\u0131n olarak uygulanabilir, hassas ve verimli yap\u0131\u015ft\u0131r\u0131c\u0131 uygulamas\u0131 sunar.<\/p>","protected":false},"featured_media":21675,"comment_status":"open","ping_status":"closed","template":"","meta":{"iawp_total_views":143},"etheme_brands":[],"product_brand":[],"product_cat":[147],"product_tag":[],"class_list":{"0":"post-21919","1":"product","2":"type-product","3":"status-publish","4":"has-post-thumbnail","6":"product_cat-automatic-dispensing-machine","8":"first","9":"instock","10":"shipping-taxable","11":"product-type-simple"},"_links":{"self":[{"href":"https:\/\/v2smt.com\/tr\/wp-json\/wp\/v2\/product\/21919","targetHints":{"allow":["GET"]}}],"collection":[{"href":"https:\/\/v2smt.com\/tr\/wp-json\/wp\/v2\/product"}],"about":[{"href":"https:\/\/v2smt.com\/tr\/wp-json\/wp\/v2\/types\/product"}],"replies":[{"embeddable":true,"href":"https:\/\/v2smt.com\/tr\/wp-json\/wp\/v2\/comments?post=21919"}],"version-history":[{"count":0,"href":"https:\/\/v2smt.com\/tr\/wp-json\/wp\/v2\/product\/21919\/revisions"}],"wp:featuredmedia":[{"embeddable":true,"href":"https:\/\/v2smt.com\/tr\/wp-json\/wp\/v2\/media\/21675"}],"wp:attachment":[{"href":"https:\/\/v2smt.com\/tr\/wp-json\/wp\/v2\/media?parent=21919"}],"wp:term":[{"taxonomy":"brand","embeddable":true,"href":"https:\/\/v2smt.com\/tr\/wp-json\/wp\/v2\/etheme_brands?post=21919"},{"taxonomy":"product_brand","embeddable":true,"href":"https:\/\/v2smt.com\/tr\/wp-json\/wp\/v2\/product_brand?post=21919"},{"taxonomy":"product_cat","embeddable":true,"href":"https:\/\/v2smt.com\/tr\/wp-json\/wp\/v2\/product_cat?post=21919"},{"taxonomy":"product_tag","embeddable":true,"href":"https:\/\/v2smt.com\/tr\/wp-json\/wp\/v2\/product_tag?post=21919"}],"curies":[{"name":"wp","href":"https:\/\/api.w.org\/{rel}","templated":true}]}}