{"id":21917,"date":"2024-07-23T15:55:58","date_gmt":"2024-07-23T15:55:58","guid":{"rendered":"https:\/\/v2smt.com\/?post_type=product&#038;p=21917"},"modified":"2024-08-22T17:03:58","modified_gmt":"2024-08-22T17:03:58","slug":"tabletop-dispensing-machine-300ed","status":"publish","type":"product","link":"https:\/\/v2smt.com\/tr\/products\/tabletop-dispensing-machine-300ed\/","title":{"rendered":"Masa\u00fcst\u00fc Da\u011f\u0131t\u0131m Makinesi 300ED"},"content":{"rendered":"<p>Ak\u0131\u015fkan Tutkallar i\u00e7in uygundur: UV, AB tutkal, COB, beyaz tutkal ve daha fazlas\u0131n\u0131 i\u015fler.<\/p>\n<p>Geni\u015f \u00c7al\u0131\u015fma Aral\u0131\u011f\u0131: Geni\u015f kapsama alan\u0131 i\u00e7in 300(X)\u2573300(Y)\u2573100(Z)mm.<\/p>\n<p>Y\u00fcksek Hareket H\u0131z\u0131: H\u0131zl\u0131 i\u015flemler i\u00e7in 400mm\/sn(XY)\/200mm\/sn(Z).<\/p>\n<p>Kademeli Motor S\u00fcr\u00fcc\u00fcs\u00fc: Hassas kontrol ve do\u011fruluk sa\u011flar.<\/p>\n<p>XYZ Tekrarlanabilirlik: Tutarl\u0131 sonu\u00e7lar i\u00e7in \u00b10,025 mm.<\/p>\n<p>Program Kapasitesi: Her biri 65535 noktaya kadar 999 parametre dosyas\u0131 depolar.<\/p>\n<p>LCD Panel Aray\u00fcz\u00fc: Kullan\u0131c\u0131 dostu kullan\u0131m ve programlama.<\/p>\n<p>Japonya Mikro Ad\u0131mlama Motoru: Y\u00fcksek kaliteli hareket kontrol\u00fc.<\/p>\n<p>3 Eksenli Hareket Modeli: Noktadan noktaya, s\u00fcrekli \u00e7izgi ve yay hareketleri yapabilir.<\/p>\n<p>I\/O Sinyal Portlar\u0131: Esnek entegrasyon i\u00e7in 4 giri\u015f\/4 \u00e7\u0131k\u0131\u015f.<\/p>","protected":false},"excerpt":{"rendered":"<p>300ED, tekrarlanabilirlik ve hassasiyete odaklanan \u00e7ok y\u00f6nl\u00fc, kullan\u0131m\u0131 kolay bir masa \u00fcst\u00fc da\u011f\u0131t\u0131m makinesidir. K\u00fc\u00e7\u00fck \u00f6l\u00e7ekli projeler i\u00e7in ideal olan bu makine, kullan\u0131c\u0131 dostu bir aray\u00fcz ve \u00e7e\u015fitli yap\u0131\u015ft\u0131r\u0131c\u0131 uygulamalar\u0131 i\u00e7in sa\u011flam bir dizi \u00f6zellik sunar.<\/p>","protected":false},"featured_media":21713,"comment_status":"open","ping_status":"closed","template":"","meta":{"iawp_total_views":51},"etheme_brands":[],"product_brand":[],"product_cat":[147,148],"product_tag":[],"class_list":{"0":"post-21917","1":"product","2":"type-product","3":"status-publish","4":"has-post-thumbnail","6":"product_cat-automatic-dispensing-machine","7":"product_cat-glue-dispenser","9":"first","10":"instock","11":"shipping-taxable","12":"product-type-simple"},"_links":{"self":[{"href":"https:\/\/v2smt.com\/tr\/wp-json\/wp\/v2\/product\/21917","targetHints":{"allow":["GET"]}}],"collection":[{"href":"https:\/\/v2smt.com\/tr\/wp-json\/wp\/v2\/product"}],"about":[{"href":"https:\/\/v2smt.com\/tr\/wp-json\/wp\/v2\/types\/product"}],"replies":[{"embeddable":true,"href":"https:\/\/v2smt.com\/tr\/wp-json\/wp\/v2\/comments?post=21917"}],"version-history":[{"count":0,"href":"https:\/\/v2smt.com\/tr\/wp-json\/wp\/v2\/product\/21917\/revisions"}],"wp:featuredmedia":[{"embeddable":true,"href":"https:\/\/v2smt.com\/tr\/wp-json\/wp\/v2\/media\/21713"}],"wp:attachment":[{"href":"https:\/\/v2smt.com\/tr\/wp-json\/wp\/v2\/media?parent=21917"}],"wp:term":[{"taxonomy":"brand","embeddable":true,"href":"https:\/\/v2smt.com\/tr\/wp-json\/wp\/v2\/etheme_brands?post=21917"},{"taxonomy":"product_brand","embeddable":true,"href":"https:\/\/v2smt.com\/tr\/wp-json\/wp\/v2\/product_brand?post=21917"},{"taxonomy":"product_cat","embeddable":true,"href":"https:\/\/v2smt.com\/tr\/wp-json\/wp\/v2\/product_cat?post=21917"},{"taxonomy":"product_tag","embeddable":true,"href":"https:\/\/v2smt.com\/tr\/wp-json\/wp\/v2\/product_tag?post=21917"}],"curies":[{"name":"wp","href":"https:\/\/api.w.org\/{rel}","templated":true}]}}