{"id":21915,"date":"2024-07-23T15:52:14","date_gmt":"2024-07-23T15:52:14","guid":{"rendered":"https:\/\/v2smt.com\/?post_type=product&#038;p=21915"},"modified":"2024-08-22T17:03:58","modified_gmt":"2024-08-22T17:03:58","slug":"t350-wave-soldering-machine","status":"publish","type":"product","link":"https:\/\/v2smt.com\/tr\/products\/t350-wave-soldering-machine\/","title":{"rendered":"T350 Dalga Lehimleme Makinesi"},"content":{"rendered":"<p>1. Verimli ve \u00c7evre Dostu Tasar\u0131m - Enerji tasarruflu, kur\u015funsuz, g\u00fcvenli.<br \/>\n2. Otomatik G\u00fc\u00e7 Sistemi - Frekans d\u00f6n\u00fc\u015ft\u00fcr\u00fcc\u00fc, otomatik pano giri\u015fi.<br \/>\n3. Geli\u015fmi\u015f Flux P\u00fcsk\u00fcrtme Sistemi - Tarama nozullar\u0131, Japon nozullar\u0131, PLC kontrol\u00fc.<br \/>\n4. Ba\u011f\u0131ms\u0131z S\u0131cakl\u0131k Kontrol\u00fc - D\u00fczg\u00fcn \u0131s\u0131, \u00b12\u00baC hassasiyet.<br \/>\n5. \u00d6zel Ala\u015f\u0131ml\u0131 Zincir T\u0131rnaklar\u0131 - Yap\u0131\u015fmaz, lehim kalitesi sa\u011flar.<br \/>\n6. Y\u00fcksek Frekansl\u0131 Lehim Motoru - \u0130thal, istikrarl\u0131 performans.<br \/>\n7. Kur\u015funsuz Lehim F\u0131r\u0131n\u0131 - Temizlemesi kolay, \u00e7evre koruma.<br \/>\n8. PID &amp; IR Is\u0131tma Kontrol\u00fc - 90 dakikal\u0131k \u0131s\u0131nma, \u00f6nceden ayarlanm\u0131\u015f fonksiyonlar.<br \/>\n9. Kara Kutu Haf\u0131za Fonksiyonu - \u00dcretim kay\u0131tlar\u0131n\u0131, verimlili\u011fi depolar.<br \/>\n10. Otomatik Pen\u00e7e Temizli\u011fi - S\u00fcrekli temizlik sa\u011flar.<br \/>\n11. Ar\u0131za G\u00fcvenlik Alarm Sistemi - Hassas, performans ve g\u00fcvenlik sa\u011flar.<\/p>","protected":false},"excerpt":{"rendered":"<p>T350 dalga lehimleme makinesi, \u00e7evre dostu ve bak\u0131m\u0131 kolay, verimli, enerji tasarruflu ve kur\u015funsuz bir lehimleme \u00e7\u00f6z\u00fcm\u00fc sunar. Otomatik g\u00fc\u00e7 sistemi, hassas flux uygulamas\u0131 ve kaliteli PCB lehimleme i\u00e7in \u00f6zel ala\u015f\u0131ml\u0131 ta\u015f\u0131ma zincirine sahiptir. Kullan\u0131c\u0131 dostu tasar\u0131m\u0131 ve geli\u015fmi\u015f kontrol sistemleri ile g\u00fcvenli ve g\u00fcvenilir bir \u00e7al\u0131\u015fma sa\u011flar.<\/p>","protected":false},"featured_media":21712,"comment_status":"open","ping_status":"closed","template":"","meta":{"iawp_total_views":66},"etheme_brands":[],"product_brand":[],"product_cat":[138],"product_tag":[],"class_list":{"0":"post-21915","1":"product","2":"type-product","3":"status-publish","4":"has-post-thumbnail","6":"product_cat-wave-soldering","8":"first","9":"instock","10":"shipping-taxable","11":"product-type-simple"},"_links":{"self":[{"href":"https:\/\/v2smt.com\/tr\/wp-json\/wp\/v2\/product\/21915","targetHints":{"allow":["GET"]}}],"collection":[{"href":"https:\/\/v2smt.com\/tr\/wp-json\/wp\/v2\/product"}],"about":[{"href":"https:\/\/v2smt.com\/tr\/wp-json\/wp\/v2\/types\/product"}],"replies":[{"embeddable":true,"href":"https:\/\/v2smt.com\/tr\/wp-json\/wp\/v2\/comments?post=21915"}],"version-history":[{"count":0,"href":"https:\/\/v2smt.com\/tr\/wp-json\/wp\/v2\/product\/21915\/revisions"}],"wp:featuredmedia":[{"embeddable":true,"href":"https:\/\/v2smt.com\/tr\/wp-json\/wp\/v2\/media\/21712"}],"wp:attachment":[{"href":"https:\/\/v2smt.com\/tr\/wp-json\/wp\/v2\/media?parent=21915"}],"wp:term":[{"taxonomy":"brand","embeddable":true,"href":"https:\/\/v2smt.com\/tr\/wp-json\/wp\/v2\/etheme_brands?post=21915"},{"taxonomy":"product_brand","embeddable":true,"href":"https:\/\/v2smt.com\/tr\/wp-json\/wp\/v2\/product_brand?post=21915"},{"taxonomy":"product_cat","embeddable":true,"href":"https:\/\/v2smt.com\/tr\/wp-json\/wp\/v2\/product_cat?post=21915"},{"taxonomy":"product_tag","embeddable":true,"href":"https:\/\/v2smt.com\/tr\/wp-json\/wp\/v2\/product_tag?post=21915"}],"curies":[{"name":"wp","href":"https:\/\/api.w.org\/{rel}","templated":true}]}}