{"id":21913,"date":"2024-07-23T15:48:36","date_gmt":"2024-07-23T15:48:36","guid":{"rendered":"https:\/\/v2smt.com\/?post_type=product&#038;p=21913"},"modified":"2024-08-22T17:03:58","modified_gmt":"2024-08-22T17:03:58","slug":"aoi-600-automated-optical-inspection-machine","status":"publish","type":"product","link":"https:\/\/v2smt.com\/tr\/products\/aoi-600-automated-optical-inspection-machine\/","title":{"rendered":"AOI 600 Otomatik Optik Muayene Makinesi"},"content":{"rendered":"<p>1. 5M Y\u00fcksek H\u0131zl\u0131 Kamera: Global pozlama ile ayr\u0131nt\u0131l\u0131 g\u00f6r\u00fcnt\u00fcler yakalar.<br \/>\n2. Telesentrik Lens: 5M piksel netli\u011fi, 8-10mm alan derinli\u011fi.<br \/>\n3. RGB LED Ayd\u0131nlatma: \u00c7ok a\u00e7\u0131l\u0131 ayd\u0131nlatma ile g\u00f6r\u00fcn\u00fcrl\u00fc\u011f\u00fc art\u0131r\u0131r.<br \/>\n4. Dijital Kontrol Sistemi: I\u015f\u0131k ve alg\u0131lama parametrelerini y\u00f6netir.<br \/>\n5. Geli\u015fmi\u015f Alg\u0131lama Algoritmalar\u0131: \u015eablon e\u015fle\u015ftirme, ak\u0131ll\u0131 alg\u0131lama i\u00e7erir.<br \/>\n6. IPE Teknolojisi: Geli\u015fmi\u015f do\u011fruluk i\u00e7in \u00f6zelle\u015ftirilebilir g\u00f6r\u00fcnt\u00fc i\u015fleme.<br \/>\n7. H\u0131zl\u0131 \u0130\u015fleme H\u0131z\u0131: FOV ba\u015f\u0131na 170 ms'nin alt\u0131nda.<br \/>\n8. Verimli Alg\u0131lama H\u0131z\u0131: Kalite kontrol i\u00e7in 3500mm\u00b2\/s.<br \/>\n9. \u00c7evrimd\u0131\u015f\u0131 Programlama: Uzaktan hata ay\u0131klama i\u00e7in grafik aray\u00fcz.<br \/>\n10. \u00c7oklu \u0130\u015faret Noktalar\u0131: En fazla iki ortak veya daha fazla se\u00e7imi destekler.<br \/>\n11. Kapsaml\u0131 Hata Tespiti: Lehim pastas\u0131, SMT, yeniden ak\u0131\u015f, dalga lehimlemeyi kapsar.<br \/>\n12. Anti-Statik \u00d6nlemler: Anti-statik soket ve halka ile donat\u0131lm\u0131\u015ft\u0131r.<br \/>\n13. Esnek PCB Ta\u015f\u0131ma: 50\u00d750mm ila 500\u00d7325mm boyutlar\u0131 i\u00e7in ayarlanabilir.<br \/>\n14. Hassas Konumland\u0131rma: Servo motor sistemi ile \u22648um hassasiyet.<br \/>\n15. G\u00fc\u00e7l\u00fc Donan\u0131m: G\u00fcvenilir \u00e7al\u0131\u015fma i\u00e7in I3 CPU, 8GB GPU, 16GB RAM.<\/p>","protected":false},"excerpt":{"rendered":"<p>AOI 600, 5M y\u00fcksek h\u0131zl\u0131 ak\u0131ll\u0131 dijital end\u00fcstriyel kamera ve telesentrik lens ile donat\u0131lm\u0131\u015f sofistike bir otomatik optik denetim makinesidir. Geli\u015fmi\u015f alg\u0131lama algoritmalar\u0131, \u00f6zelle\u015ftirilmi\u015f g\u00f6r\u00fcnt\u00fc i\u015fleme i\u00e7in IPE teknolojisi ve sa\u011flam bir mekanik sistem sunar. 500\u00d7325 mm'ye kadar PCB'leri i\u015fleyebilen bu makine, FOV ba\u015f\u0131na 170 ms'den daha d\u00fc\u015f\u00fck i\u015fleme h\u0131z\u0131 ve 3500 mm\u00b2\/s alg\u0131lama h\u0131z\u0131 ile y\u00fcksek h\u0131zl\u0131, do\u011fru denetimler sa\u011flar.<\/p>","protected":false},"featured_media":21674,"comment_status":"open","ping_status":"closed","template":"","meta":{"iawp_total_views":66},"etheme_brands":[],"product_brand":[],"product_cat":[136],"product_tag":[],"class_list":{"0":"post-21913","1":"product","2":"type-product","3":"status-publish","4":"has-post-thumbnail","6":"product_cat-automated-optical-inspection","8":"first","9":"instock","10":"shipping-taxable","11":"product-type-simple"},"_links":{"self":[{"href":"https:\/\/v2smt.com\/tr\/wp-json\/wp\/v2\/product\/21913","targetHints":{"allow":["GET"]}}],"collection":[{"href":"https:\/\/v2smt.com\/tr\/wp-json\/wp\/v2\/product"}],"about":[{"href":"https:\/\/v2smt.com\/tr\/wp-json\/wp\/v2\/types\/product"}],"replies":[{"embeddable":true,"href":"https:\/\/v2smt.com\/tr\/wp-json\/wp\/v2\/comments?post=21913"}],"version-history":[{"count":0,"href":"https:\/\/v2smt.com\/tr\/wp-json\/wp\/v2\/product\/21913\/revisions"}],"wp:featuredmedia":[{"embeddable":true,"href":"https:\/\/v2smt.com\/tr\/wp-json\/wp\/v2\/media\/21674"}],"wp:attachment":[{"href":"https:\/\/v2smt.com\/tr\/wp-json\/wp\/v2\/media?parent=21913"}],"wp:term":[{"taxonomy":"brand","embeddable":true,"href":"https:\/\/v2smt.com\/tr\/wp-json\/wp\/v2\/etheme_brands?post=21913"},{"taxonomy":"product_brand","embeddable":true,"href":"https:\/\/v2smt.com\/tr\/wp-json\/wp\/v2\/product_brand?post=21913"},{"taxonomy":"product_cat","embeddable":true,"href":"https:\/\/v2smt.com\/tr\/wp-json\/wp\/v2\/product_cat?post=21913"},{"taxonomy":"product_tag","embeddable":true,"href":"https:\/\/v2smt.com\/tr\/wp-json\/wp\/v2\/product_tag?post=21913"}],"curies":[{"name":"wp","href":"https:\/\/api.w.org\/{rel}","templated":true}]}}