{"id":21911,"date":"2024-07-23T15:46:57","date_gmt":"2024-07-23T15:46:57","guid":{"rendered":"https:\/\/v2smt.com\/?post_type=product&#038;p=21911"},"modified":"2024-08-22T17:03:58","modified_gmt":"2024-08-22T17:03:58","slug":"aoi-500-automated-optical-inspection-machine","status":"publish","type":"product","link":"https:\/\/v2smt.com\/tr\/products\/aoi-500-automated-optical-inspection-machine\/","title":{"rendered":"AOI 500 Otomatik Optik Muayene Makinesi"},"content":{"rendered":"<p>1. Y\u00fcksek H\u0131zl\u0131 Kamera: Detayl\u0131 incelemeler i\u00e7in 5M piksel ak\u0131ll\u0131 kamera.<br \/>\n2. Telesentrik Lens: 8-10 mm alan derinli\u011fi ile 5M piksel netli\u011fi sa\u011flar.<br \/>\n3. RGB LED Ayd\u0131nlatma: Tutarl\u0131 g\u00f6r\u00fcn\u00fcrl\u00fck i\u00e7in \u00e7ok a\u00e7\u0131l\u0131 ayd\u0131nlatma.<br \/>\n4. Dijital Kontrol Sistemi: Geli\u015fmi\u015f \u0131\u015f\u0131k ve alg\u0131lama parametre y\u00f6netimi.<br \/>\n5. Alg\u0131lama Algoritmalar\u0131: \u015eablon e\u015fle\u015ftirme, ak\u0131ll\u0131 alg\u0131lama ve daire alg\u0131lama.<br \/>\n6. IPE Teknolojisi: Geli\u015fmi\u015f alg\u0131lama i\u00e7in \u00f6zelle\u015ftirilebilir g\u00f6r\u00fcnt\u00fc i\u015fleme.<br \/>\n7. Y\u00fcksek \u0130\u015fleme H\u0131z\u0131: H\u0131zl\u0131 analiz i\u00e7in FOV ba\u015f\u0131na 170 ms'nin alt\u0131nda.<br \/>\n8. Do\u011fru Alg\u0131lama H\u0131z\u0131: Etkin kalite kontrol\u00fc i\u00e7in 3500 mm\u00b2\/sn.<br \/>\n9. \u00c7evrimd\u0131\u015f\u0131 Programlama: Hassas, uzaktan hata ay\u0131klama i\u00e7in grafik aray\u00fcz.<br \/>\n10. \u0130\u015faret Noktas\u0131 Se\u00e7imi: Do\u011fruluk i\u00e7in birden fazla referans noktas\u0131 se\u00e7in.<br \/>\n11. Kapsaml\u0131 Test Kapsam\u0131: Lehim pastas\u0131, SMT, yeniden ak\u0131\u015f, dalga lehimlemedeki kusurlar\u0131 tespit eder.<br \/>\n12. Anti-Statik \u00d6nlemler: Anti-statik soket ve halka ile donat\u0131lm\u0131\u015ft\u0131r.<br \/>\n13. Esnek PCB Ta\u015f\u0131ma: 35\u00d735mm ila 450\u00d7330mm boyutlar\u0131 i\u00e7in ayarlanabilir.<br \/>\n14. Sa\u011flam Mekanik Tasar\u0131m: Servo motor sistemi \u22648um hassasiyet sa\u011flar.<br \/>\n15. G\u00fc\u00e7l\u00fc Donan\u0131m: G\u00fcvenilir \u00e7al\u0131\u015fma i\u00e7in I3 CPU, 8GB GPU, 16GB RAM.<\/p>","protected":false},"excerpt":{"rendered":"<p>AOI 500, \u00fcretimde y\u00fcksek h\u0131zl\u0131, hassas kalite kontrol\u00fc i\u00e7in tasarlanm\u0131\u015f geli\u015fmi\u015f bir otomatik optik denetim makinesidir. 15 mikron \u00e7\u00f6z\u00fcn\u00fcrl\u00fc\u011fe sahip 5M y\u00fcksek h\u0131zl\u0131 ak\u0131ll\u0131 dijital end\u00fcstriyel kameraya, telesentrik lense ve RGB LED ayd\u0131nlatmaya sahiptir. Sistem, \u015fablon e\u015fle\u015ftirme, ak\u0131ll\u0131 alg\u0131lama, daire alg\u0131lama ve karakter tan\u0131ma dahil olmak \u00fczere \u00e7e\u015fitli alg\u0131lama algoritmalar\u0131n\u0131 destekler. FOV ba\u015f\u0131na 170 ms'den az g\u00f6r\u00fcnt\u00fc i\u015fleme h\u0131z\u0131 ve 3500 mm\u00b2\/s alg\u0131lama h\u0131z\u0131 ile AOI 500, verimli ve do\u011fru denetimler sa\u011flar. Ayr\u0131ca \u00f6zel g\u00f6r\u00fcnt\u00fc i\u015fleme i\u00e7in IPE sunar ve sa\u011flam bir donan\u0131m kurulumuyla Windows 10-64Bit \u00fczerinde \u00e7al\u0131\u015f\u0131r.<\/p>","protected":false},"featured_media":21673,"comment_status":"open","ping_status":"closed","template":"","meta":{"iawp_total_views":136},"etheme_brands":[],"product_brand":[],"product_cat":[136],"product_tag":[],"class_list":{"0":"post-21911","1":"product","2":"type-product","3":"status-publish","4":"has-post-thumbnail","6":"product_cat-automated-optical-inspection","8":"first","9":"instock","10":"shipping-taxable","11":"product-type-simple"},"_links":{"self":[{"href":"https:\/\/v2smt.com\/tr\/wp-json\/wp\/v2\/product\/21911","targetHints":{"allow":["GET"]}}],"collection":[{"href":"https:\/\/v2smt.com\/tr\/wp-json\/wp\/v2\/product"}],"about":[{"href":"https:\/\/v2smt.com\/tr\/wp-json\/wp\/v2\/types\/product"}],"replies":[{"embeddable":true,"href":"https:\/\/v2smt.com\/tr\/wp-json\/wp\/v2\/comments?post=21911"}],"version-history":[{"count":0,"href":"https:\/\/v2smt.com\/tr\/wp-json\/wp\/v2\/product\/21911\/revisions"}],"wp:featuredmedia":[{"embeddable":true,"href":"https:\/\/v2smt.com\/tr\/wp-json\/wp\/v2\/media\/21673"}],"wp:attachment":[{"href":"https:\/\/v2smt.com\/tr\/wp-json\/wp\/v2\/media?parent=21911"}],"wp:term":[{"taxonomy":"brand","embeddable":true,"href":"https:\/\/v2smt.com\/tr\/wp-json\/wp\/v2\/etheme_brands?post=21911"},{"taxonomy":"product_brand","embeddable":true,"href":"https:\/\/v2smt.com\/tr\/wp-json\/wp\/v2\/product_brand?post=21911"},{"taxonomy":"product_cat","embeddable":true,"href":"https:\/\/v2smt.com\/tr\/wp-json\/wp\/v2\/product_cat?post=21911"},{"taxonomy":"product_tag","embeddable":true,"href":"https:\/\/v2smt.com\/tr\/wp-json\/wp\/v2\/product_tag?post=21911"}],"curies":[{"name":"wp","href":"https:\/\/api.w.org\/{rel}","templated":true}]}}