{"id":21909,"date":"2024-07-23T15:44:20","date_gmt":"2024-07-23T15:44:20","guid":{"rendered":"https:\/\/v2smt.com\/?post_type=product&#038;p=21909"},"modified":"2024-08-22T17:03:58","modified_gmt":"2024-08-22T17:03:58","slug":"yrh10-hybrid-mounting-machine","status":"publish","type":"product","link":"https:\/\/v2smt.com\/tr\/products\/yrh10-hybrid-mounting-machine\/","title":{"rendered":"YRH10 Hibrit Montaj Makinesi"},"content":{"rendered":"<p>Hibrit Montaj \u00d6zelli\u011fi: Yar\u0131 iletken ve SMD bile\u015fen yerle\u015ftirmeyi tek bir i\u015flemde birle\u015ftirir.<br \/>\nY\u00fcksek Yerle\u015ftirme H\u0131z\u0131: Optimum ko\u015fullar alt\u0131nda 10.800 CPH'ye kadar ula\u015f\u0131r.<br \/>\nHassas Yerle\u015ftirme: 1,0 veya daha y\u00fcksek bir Cpk de\u011feri ile \u00b115\u03bcm yerle\u015ftirme do\u011frulu\u011fu sa\u011flar.<br \/>\nGeli\u015fmi\u015f Kamera Sistemi: Y\u00fcksek hassasiyetli bile\u015fen tan\u0131ma i\u00e7in \u00e7ok i\u015flevli bir kamera ile donat\u0131lm\u0131\u015ft\u0131r.<br \/>\nEsnek Besleyici Se\u00e7enekleri: Farkl\u0131 bile\u015fen t\u00fcrleri ve boyutlar\u0131 i\u00e7in \u00e7ok \u00e7e\u015fitli besleyicileri destekler.<br \/>\nElektrikli Besleyici Deste\u011fi: Daha fazla verimlilik i\u00e7in elektrikli ak\u0131ll\u0131 besleyicilerle uyumludur.<br \/>\n\u00d6zelle\u015ftirilebilir D\u00fczen: \u00d6zelle\u015ftirilebilir d\u00fczen yap\u0131s\u0131 ile \u00e7e\u015fitli \u00fcretim s\u00fcre\u00e7lerine uyarlanabilir.<br \/>\nMontaj Sonras\u0131 Denetim: Bile\u015fen yerle\u015ftirme sonras\u0131 kalite g\u00fcvencesi i\u00e7in standart \u00f6zellik. 9 Sa\u011flam G\u00fc\u00e7 Kayna\u011f\u0131 Gereksinimleri: K\u00fcresel kullan\u0131m i\u00e7in \u00e7ok \u00e7e\u015fitli voltaj ve frekanslarla uyumludur.<br \/>\nKompakt Tasar\u0131m: \u00dcretim hatt\u0131nda k\u00fc\u00e7\u00fck bir ayak izi ile alan a\u00e7\u0131s\u0131ndan verimli bir \u00e7\u00f6z\u00fcm sunar<\/p>","protected":false},"excerpt":{"rendered":"<p>YAMAHA MOTOR'un hibrit montaj ekipman\u0131 olan YRH10, y\u00fcksek hassasiyetli yar\u0131 iletken ve SMD bile\u015fen yerle\u015ftirme taleplerini kar\u015f\u0131lamak i\u00e7in tasarlanm\u0131\u015ft\u0131r. \u00c7ok y\u00f6nl\u00fc ve verimli tasar\u0131m\u0131yla YRH10, \u00e7e\u015fitli bile\u015fen boyutlar\u0131n\u0131 ve t\u00fcrlerini i\u015fleyebildi\u011finden modern elektronik \u00fcretimi i\u00e7in ideal bir \u00e7\u00f6z\u00fcmd\u00fcr.<\/p>","protected":false},"featured_media":21964,"comment_status":"open","ping_status":"closed","template":"","meta":{"iawp_total_views":116},"etheme_brands":[],"product_brand":[],"product_cat":[131],"product_tag":[],"class_list":{"0":"post-21909","1":"product","2":"type-product","3":"status-publish","4":"has-post-thumbnail","6":"product_cat-pick-and-place","8":"first","9":"instock","10":"shipping-taxable","11":"product-type-simple"},"_links":{"self":[{"href":"https:\/\/v2smt.com\/tr\/wp-json\/wp\/v2\/product\/21909","targetHints":{"allow":["GET"]}}],"collection":[{"href":"https:\/\/v2smt.com\/tr\/wp-json\/wp\/v2\/product"}],"about":[{"href":"https:\/\/v2smt.com\/tr\/wp-json\/wp\/v2\/types\/product"}],"replies":[{"embeddable":true,"href":"https:\/\/v2smt.com\/tr\/wp-json\/wp\/v2\/comments?post=21909"}],"version-history":[{"count":0,"href":"https:\/\/v2smt.com\/tr\/wp-json\/wp\/v2\/product\/21909\/revisions"}],"wp:featuredmedia":[{"embeddable":true,"href":"https:\/\/v2smt.com\/tr\/wp-json\/wp\/v2\/media\/21964"}],"wp:attachment":[{"href":"https:\/\/v2smt.com\/tr\/wp-json\/wp\/v2\/media?parent=21909"}],"wp:term":[{"taxonomy":"brand","embeddable":true,"href":"https:\/\/v2smt.com\/tr\/wp-json\/wp\/v2\/etheme_brands?post=21909"},{"taxonomy":"product_brand","embeddable":true,"href":"https:\/\/v2smt.com\/tr\/wp-json\/wp\/v2\/product_brand?post=21909"},{"taxonomy":"product_cat","embeddable":true,"href":"https:\/\/v2smt.com\/tr\/wp-json\/wp\/v2\/product_cat?post=21909"},{"taxonomy":"product_tag","embeddable":true,"href":"https:\/\/v2smt.com\/tr\/wp-json\/wp\/v2\/product_tag?post=21909"}],"curies":[{"name":"wp","href":"https:\/\/api.w.org\/{rel}","templated":true}]}}