{"id":21905,"date":"2024-07-23T15:33:53","date_gmt":"2024-07-23T15:33:53","guid":{"rendered":"https:\/\/v2smt.com\/?post_type=product&#038;p=21905"},"modified":"2024-08-22T17:03:58","modified_gmt":"2024-08-22T17:03:58","slug":"intelligent-material-rack","status":"publish","type":"product","link":"https:\/\/v2smt.com\/tr\/products\/intelligent-material-rack\/","title":{"rendered":"Ak\u0131ll\u0131 Malzeme Raf\u0131"},"content":{"rendered":"<p>Ak\u0131ll\u0131 Depolama Sistemi Entegrasyonu: Veri senkronizasyonu ile malzeme haz\u0131rl\u0131\u011f\u0131n\u0131 geli\u015ftirir.<\/p>\n<p>Elektronik Etiket I\u015f\u0131k K\u0131lavuzlu Toplama: Toplama do\u011frulu\u011funu ve verimlili\u011fini art\u0131r\u0131r.<\/p>\n<p>\u00c7oklu \u0130\u015f Emri \u00d6zelli\u011fi: E\u015f zamanl\u0131 i\u015f emirlerini kolayl\u0131kla y\u00f6netir.<\/p>\n<p>\u00c7e\u015fitli Makara Boyutlar\u0131 ile Uyumludur: 7 in\u00e7, 13 in\u00e7 ve 15 in\u00e7 makaralar\u0131 bar\u0131nd\u0131r\u0131r.<\/p>\n<p>WIFI \u0130leti\u015fim: 1-300 metre aral\u0131\u011f\u0131nda sa\u011flam kablosuz ba\u011flant\u0131 \u00f6zelli\u011fine sahiptir.<\/p>\n<p>H\u0131zl\u0131 Malzeme Konumu i\u00e7in Barkod Tarama: Malzemenin tan\u0131mlanmas\u0131n\u0131 ve geri al\u0131nmas\u0131n\u0131 kolayla\u015ft\u0131r\u0131r.<\/p>\n<p>Uzun \u00d6m\u00fcrl\u00fc Pil \u00d6mr\u00fc: 48 saate kadar kesintisiz \u00e7al\u0131\u015fmay\u0131 destekler.<\/p>\n<p>A\u00e7\u0131k \u0130leti\u015fim Aray\u00fcz\u00fc: SEAMARK sayma makinesi sistemi ile entegrasyonu kolayla\u015ft\u0131r\u0131r.<\/p>\n<p>MES ve WMS\/ERP Entegrasyonu: Ger\u00e7ek zamanl\u0131 malzeme durum g\u00fcncellemelerini ve envanter hesaplamalar\u0131n\u0131 destekler.<\/p>\n<p>RGB LED Ayd\u0131nlatma: \u00c7ok y\u00f6nl\u00fc ayd\u0131nlatma ihtiya\u00e7lar\u0131 i\u00e7in birden fazla renk se\u00e7ene\u011fi sunar.<\/p>","protected":false},"excerpt":{"rendered":"<p>Sensor Ak\u0131ll\u0131 Malzeme Raf\u0131, SMT \u00fcretim ortamlar\u0131nda malzeme kullan\u0131m\u0131n\u0131 optimize etmek i\u00e7in tasarlanm\u0131\u015f son teknoloji \u00fcr\u00fcn\u00fc bir depolama \u00e7\u00f6z\u00fcm\u00fcd\u00fcr. Bu ak\u0131ll\u0131 depolama sistemi, montaj hatlar\u0131yla sorunsuz bir \u015fekilde entegre olarak otomatik X-Ray SMD bile\u015fen sayma ve depolama \u00f6zellikleri sunar. K\u00fc\u00e7\u00fckten b\u00fcy\u00fc\u011fe de\u011fi\u015fen \u015firketlerin \u00e7e\u015fitli depolama ihtiya\u00e7lar\u0131n\u0131 kar\u015f\u0131lamak \u00fczere tasarlanm\u0131\u015ft\u0131r.<\/p>","protected":false},"featured_media":21682,"comment_status":"open","ping_status":"closed","template":"","meta":{"iawp_total_views":137},"etheme_brands":[],"product_brand":[],"product_cat":[156],"product_tag":[],"class_list":{"0":"post-21905","1":"product","2":"type-product","3":"status-publish","4":"has-post-thumbnail","6":"product_cat-intelligent-material-rack","8":"first","9":"instock","10":"shipping-taxable","11":"product-type-simple"},"_links":{"self":[{"href":"https:\/\/v2smt.com\/tr\/wp-json\/wp\/v2\/product\/21905","targetHints":{"allow":["GET"]}}],"collection":[{"href":"https:\/\/v2smt.com\/tr\/wp-json\/wp\/v2\/product"}],"about":[{"href":"https:\/\/v2smt.com\/tr\/wp-json\/wp\/v2\/types\/product"}],"replies":[{"embeddable":true,"href":"https:\/\/v2smt.com\/tr\/wp-json\/wp\/v2\/comments?post=21905"}],"version-history":[{"count":0,"href":"https:\/\/v2smt.com\/tr\/wp-json\/wp\/v2\/product\/21905\/revisions"}],"wp:featuredmedia":[{"embeddable":true,"href":"https:\/\/v2smt.com\/tr\/wp-json\/wp\/v2\/media\/21682"}],"wp:attachment":[{"href":"https:\/\/v2smt.com\/tr\/wp-json\/wp\/v2\/media?parent=21905"}],"wp:term":[{"taxonomy":"brand","embeddable":true,"href":"https:\/\/v2smt.com\/tr\/wp-json\/wp\/v2\/etheme_brands?post=21905"},{"taxonomy":"product_brand","embeddable":true,"href":"https:\/\/v2smt.com\/tr\/wp-json\/wp\/v2\/product_brand?post=21905"},{"taxonomy":"product_cat","embeddable":true,"href":"https:\/\/v2smt.com\/tr\/wp-json\/wp\/v2\/product_cat?post=21905"},{"taxonomy":"product_tag","embeddable":true,"href":"https:\/\/v2smt.com\/tr\/wp-json\/wp\/v2\/product_tag?post=21905"}],"curies":[{"name":"wp","href":"https:\/\/api.w.org\/{rel}","templated":true}]}}