{"id":21903,"date":"2024-07-23T15:33:53","date_gmt":"2024-07-23T15:33:53","guid":{"rendered":"https:\/\/v2smt.com\/?post_type=product&#038;p=21903"},"modified":"2024-08-22T17:03:57","modified_gmt":"2024-08-22T17:03:57","slug":"microfocus-x-ray-inspection-system-x6800","status":"publish","type":"product","link":"https:\/\/v2smt.com\/tr\/products\/microfocus-x-ray-inspection-system-x6800\/","title":{"rendered":"Microfocus X-Ray \u0130nceleme Sistemi X6800"},"content":{"rendered":"<ol>\n<li><strong>Geli\u015fmi\u015f X-ray T\u00fcp\u00fc<\/strong>: Bak\u0131m gerektirmeyen 10.000 saatten fazla \u00e7al\u0131\u015fma i\u00e7in Japon Hamamatsu'nun en \u00fcst d\u00fczey kapal\u0131 mikrofokus X-\u0131\u015f\u0131n\u0131 t\u00fcp\u00fc ile donat\u0131lm\u0131\u015ft\u0131r.<\/li>\n<li><strong>Y\u00fcksek \u00c7\u00f6z\u00fcn\u00fcrl\u00fckl\u00fc Dedekt\u00f6r<\/strong>: 20fps'de 1536\u00d71536 \u00e7\u00f6z\u00fcn\u00fcrl\u00fckle ayr\u0131nt\u0131l\u0131 g\u00f6r\u00fcnt\u00fcleme i\u00e7in yeni nesil 5\u201d HD dijital d\u00fcz panel dedekt\u00f6re sahiptir.<\/li>\n<li><strong>Esnek Denetim Platformu<\/strong>: B\u00fcy\u00fctme kayb\u0131 olmadan \u00e7ok y\u00f6nl\u00fc inceleme a\u00e7\u0131lar\u0131 i\u00e7in 10KG y\u00fck kapasitesine ve 60\u00b0 e\u011filebilir a\u00e7\u0131ya sahip 530*530mm masa.<\/li>\n<li><strong>Otomatik ve Kullan\u0131c\u0131 Dostu<\/strong>: H\u0131z ayarl\u0131 5 eksenli ba\u011flant\u0131 sistemi ve minimum e\u011fitim gerektiren kullan\u0131m\u0131 kolay bir aray\u00fcz ile otomatik navigasyon sunar.<\/li>\n<li class=\"last-node\"><strong>Kapsaml\u0131 Yaz\u0131l\u0131m Paketi<\/strong>: Bo\u015fluk oran\u0131 \u00f6l\u00e7\u00fcm\u00fc, otomatik denetim ve hassas hata tespiti ve analizi i\u00e7in bir dizi \u00f6l\u00e7\u00fcm arac\u0131 i\u00e7erir.<\/li>\n<\/ol>","protected":false},"excerpt":{"rendered":"<p>Microfocus X-Ray Kontrol Sistemi X6800, benzersiz hassasiyet ve verimlilik sunan son teknoloji \u00fcr\u00fcn\u00fc bir kontrol \u00e7\u00f6z\u00fcm\u00fcd\u00fcr. Japon Hamamatsu X-ray t\u00fcp\u00fc ve yeni nesil HD dijital d\u00fcz panel dedekt\u00f6r ile donat\u0131lm\u0131\u015f olan X6800, y\u00fcksek \u00e7\u00f6z\u00fcn\u00fcrl\u00fckl\u00fc g\u00f6r\u00fcnt\u00fcleme ve geni\u015f bir alg\u0131lanabilir alan sa\u011flar. Kullan\u0131c\u0131 dostu tasar\u0131m\u0131 ve otomatik kontrol \u00f6zellikleri, onu \u00e7e\u015fitli sekt\u00f6rlerde kalite g\u00fcvencesi i\u00e7in vazge\u00e7ilmez bir ara\u00e7 haline getirir.<\/p>","protected":false},"featured_media":21692,"comment_status":"open","ping_status":"closed","template":"","meta":{"iawp_total_views":120},"etheme_brands":[],"product_brand":[],"product_cat":[137],"product_tag":[],"class_list":{"0":"post-21903","1":"product","2":"type-product","3":"status-publish","4":"has-post-thumbnail","6":"product_cat-x-ray-inspection","8":"first","9":"instock","10":"shipping-taxable","11":"product-type-simple"},"_links":{"self":[{"href":"https:\/\/v2smt.com\/tr\/wp-json\/wp\/v2\/product\/21903","targetHints":{"allow":["GET"]}}],"collection":[{"href":"https:\/\/v2smt.com\/tr\/wp-json\/wp\/v2\/product"}],"about":[{"href":"https:\/\/v2smt.com\/tr\/wp-json\/wp\/v2\/types\/product"}],"replies":[{"embeddable":true,"href":"https:\/\/v2smt.com\/tr\/wp-json\/wp\/v2\/comments?post=21903"}],"version-history":[{"count":0,"href":"https:\/\/v2smt.com\/tr\/wp-json\/wp\/v2\/product\/21903\/revisions"}],"wp:featuredmedia":[{"embeddable":true,"href":"https:\/\/v2smt.com\/tr\/wp-json\/wp\/v2\/media\/21692"}],"wp:attachment":[{"href":"https:\/\/v2smt.com\/tr\/wp-json\/wp\/v2\/media?parent=21903"}],"wp:term":[{"taxonomy":"brand","embeddable":true,"href":"https:\/\/v2smt.com\/tr\/wp-json\/wp\/v2\/etheme_brands?post=21903"},{"taxonomy":"product_brand","embeddable":true,"href":"https:\/\/v2smt.com\/tr\/wp-json\/wp\/v2\/product_brand?post=21903"},{"taxonomy":"product_cat","embeddable":true,"href":"https:\/\/v2smt.com\/tr\/wp-json\/wp\/v2\/product_cat?post=21903"},{"taxonomy":"product_tag","embeddable":true,"href":"https:\/\/v2smt.com\/tr\/wp-json\/wp\/v2\/product_tag?post=21903"}],"curies":[{"name":"wp","href":"https:\/\/api.w.org\/{rel}","templated":true}]}}