{"id":21901,"date":"2024-07-23T15:33:53","date_gmt":"2024-07-23T15:33:53","guid":{"rendered":"https:\/\/v2smt.com\/?post_type=product&#038;p=21901"},"modified":"2024-08-22T17:03:57","modified_gmt":"2024-08-22T17:03:57","slug":"mso-600-heavy-duty-offline-selective-soldering-machine","status":"publish","type":"product","link":"https:\/\/v2smt.com\/tr\/products\/mso-600-heavy-duty-offline-selective-soldering-machine\/","title":{"rendered":"MSO-600 A\u011f\u0131r Hizmet Tipi \u00c7evrimd\u0131\u015f\u0131 Se\u00e7ici Lehimleme Makinesi"},"content":{"rendered":"<p>Entegre Hareket Platformu: P\u00fcsk\u00fcrtme ve kayna\u011f\u0131 kompakt bir alanda birle\u015ftirir.<\/p>\n<p>PCB Plakas\u0131 Sabit Pozisyon: Sprey ve kaynak platformu hareket ederken denge sa\u011flar.<\/p>\n<p>Y\u00fcksek Kaynak Kalitesi: Hassas kontrol ile kaynak ge\u00e7i\u015f oran\u0131n\u0131 art\u0131r\u0131r.<\/p>\n<p>Mod\u00fcler Tasar\u0131m: Esnek hat olu\u015fumunu ve \u00e7evrimd\u0131\u015f\u0131 ta\u015f\u0131may\u0131 kolayla\u015ft\u0131r\u0131r.<\/p>\n<p>Tam PC Kontrol\u00fc: Kolay izlenebilirlik i\u00e7in parametreler ayarlan\u0131r ve bir PC'ye kaydedilir.<\/p>\n<p>Geli\u015fmi\u015f Yaz\u0131l\u0131m Sistemi: Kullan\u0131c\u0131 dostu \u00e7al\u0131\u015fma i\u00e7in Windows 10 tabanl\u0131d\u0131r.<\/p>\n<p>XYZ Hareket Tablosu: Hassas hareket i\u00e7in vidal\u0131 miller, lineer k\u0131lavuzlar ve servo motorlar ile donat\u0131lm\u0131\u015ft\u0131r.<\/p>\n<p>\u0130thal Fluxing Jetting Valfi: Verimli ve hassas fluks uygulamas\u0131 sa\u011flar.<\/p>\n<p>K\u0131z\u0131l\u00f6tesi \u00d6n Is\u0131tma Sistemi: PCB'yi optimum lehimleme ko\u015fullar\u0131 i\u00e7in haz\u0131rlar.<\/p>\n<p>15KG Lehim Potas\u0131: Tutarl\u0131 lehim ak\u0131\u015f\u0131 ve s\u0131cakl\u0131k kontrol\u00fc i\u00e7in bir servo motor ve pervane ile.<\/p>","protected":false},"excerpt":{"rendered":"<p>MSO-600, kompakt ve mod\u00fcler bir sistemle y\u00fcksek kaliteli kaynak i\u00e7in tasarlanm\u0131\u015f a\u011f\u0131r hizmet tipi bir \u00e7evrimd\u0131\u015f\u0131 se\u00e7ici lehimleme makinesidir. Entegre sprey ve kayna\u011fa sahip bir hareket platformu da dahil olmak \u00fczere bir dizi i\u015flevi entegre ederek y\u00fcksek bir kaynak ge\u00e7i\u015f oran\u0131 ve esnek \u00fcretim hatt\u0131 olu\u015fumu sa\u011flar. Makine tamamen bir bilgisayar taraf\u0131ndan kontrol edilir ve t\u00fcm parametrelerin ayarlanmas\u0131na ve kaydedilmesine olanak tan\u0131yarak lehimleme kalitesinin izlenebilirli\u011fini ve tekrarlanabilirli\u011fini art\u0131r\u0131r.<\/p>","protected":false},"featured_media":21700,"comment_status":"open","ping_status":"closed","template":"","meta":{"iawp_total_views":55},"etheme_brands":[],"product_brand":[],"product_cat":[139,138],"product_tag":[],"class_list":{"0":"post-21901","1":"product","2":"type-product","3":"status-publish","4":"has-post-thumbnail","6":"product_cat-selective-wave-soldering","7":"product_cat-wave-soldering","9":"first","10":"instock","11":"shipping-taxable","12":"product-type-simple"},"_links":{"self":[{"href":"https:\/\/v2smt.com\/tr\/wp-json\/wp\/v2\/product\/21901","targetHints":{"allow":["GET"]}}],"collection":[{"href":"https:\/\/v2smt.com\/tr\/wp-json\/wp\/v2\/product"}],"about":[{"href":"https:\/\/v2smt.com\/tr\/wp-json\/wp\/v2\/types\/product"}],"replies":[{"embeddable":true,"href":"https:\/\/v2smt.com\/tr\/wp-json\/wp\/v2\/comments?post=21901"}],"version-history":[{"count":0,"href":"https:\/\/v2smt.com\/tr\/wp-json\/wp\/v2\/product\/21901\/revisions"}],"wp:featuredmedia":[{"embeddable":true,"href":"https:\/\/v2smt.com\/tr\/wp-json\/wp\/v2\/media\/21700"}],"wp:attachment":[{"href":"https:\/\/v2smt.com\/tr\/wp-json\/wp\/v2\/media?parent=21901"}],"wp:term":[{"taxonomy":"brand","embeddable":true,"href":"https:\/\/v2smt.com\/tr\/wp-json\/wp\/v2\/etheme_brands?post=21901"},{"taxonomy":"product_brand","embeddable":true,"href":"https:\/\/v2smt.com\/tr\/wp-json\/wp\/v2\/product_brand?post=21901"},{"taxonomy":"product_cat","embeddable":true,"href":"https:\/\/v2smt.com\/tr\/wp-json\/wp\/v2\/product_cat?post=21901"},{"taxonomy":"product_tag","embeddable":true,"href":"https:\/\/v2smt.com\/tr\/wp-json\/wp\/v2\/product_tag?post=21901"}],"curies":[{"name":"wp","href":"https:\/\/api.w.org\/{rel}","templated":true}]}}