{"id":21899,"date":"2024-07-23T15:33:53","date_gmt":"2024-07-23T15:33:53","guid":{"rendered":"https:\/\/v2smt.com\/?post_type=product&#038;p=21899"},"modified":"2024-08-22T17:03:57","modified_gmt":"2024-08-22T17:03:57","slug":"mso-450-offline-selective-soldering-machine","status":"publish","type":"product","link":"https:\/\/v2smt.com\/tr\/products\/mso-450-offline-selective-soldering-machine\/","title":{"rendered":"MSO-450 \u00c7evrimd\u0131\u015f\u0131 Se\u00e7ici Lehimleme Makinesi"},"content":{"rendered":"<p>Kompakt \u00c7evrimd\u0131\u015f\u0131 Tasar\u0131m: \u00dcretim hatlar\u0131n\u0131n yan\u0131na kolay entegrasyon i\u00e7in yerden tasarruf sa\u011flar.<\/p>\n<p>Sabit Platformlar ile PCB Hareketi: Sabit bir p\u00fcsk\u00fcrtme, \u00f6n \u0131s\u0131tma ve kaynak platformu ile lehimlemede hassasiyeti art\u0131r\u0131r.<\/p>\n<p>Y\u00fcksek Kaliteli Kaynak: Geli\u015fmi\u015f kontrol sistemleri sayesinde \u00fcst\u00fcn lehimleme sonu\u00e7lar\u0131 sa\u011flar.<\/p>\n<p>Esnek Hat Olu\u015fumu: \u00c7e\u015fitli \u00fcretim hatt\u0131 konfig\u00fcrasyonlar\u0131 i\u00e7in uyarlanabilir.<\/p>\n<p>Tam Bilgisayar Kontrol\u00fc: Parametreler tekrarlanabilirlik i\u00e7in bir bilgisayarda ayarlan\u0131r ve kaydedilir.<\/p>\n<p>Kullan\u0131c\u0131 Dostu Yaz\u0131l\u0131m: Kolay kullan\u0131m ve izlenebilirlik i\u00e7in Windows 10 tabanl\u0131d\u0131r.<\/p>\n<p>XYZ Hareket Platformu: Do\u011fru PCB hareketi i\u00e7in vidal\u0131 miller, lineer k\u0131lavuzlar ve servo motorlar ile donat\u0131lm\u0131\u015ft\u0131r.<\/p>\n<p>Se\u00e7ici P\u00fcsk\u00fcrtme Sistemi: Hassas flux uygulamas\u0131 i\u00e7in Alman yap\u0131m\u0131 bir piezoelektrik valf kullan\u0131r.<\/p>\n<p>\u00d6n Is\u0131tma Sistemi: Bilgisayar taraf\u0131ndan ayarlanabilen \u00fcst ve alt \u00f6n \u0131s\u0131tma i\u00e7in k\u0131z\u0131l\u00f6tesi lambalara sahiptir.<\/p>\n<p>Se\u00e7ici Lehimleme Potas\u0131: E\u015fit \u0131s\u0131 da\u011f\u0131l\u0131m\u0131 ve s\u0131z\u0131nt\u0131 olmamas\u0131 i\u00e7in harici \u0131s\u0131tmal\u0131 titanyum ala\u015f\u0131ml\u0131 i\u00e7 k\u0131s\u0131m.<\/p>","protected":false},"excerpt":{"rendered":"<p>MSO-450, kompakt ve esnek bir sistemle y\u00fcksek kaliteli kaynak i\u00e7in tasarlanm\u0131\u015f \u00e7evrimd\u0131\u015f\u0131 bir se\u00e7ici lehimleme makinesidir. Parametrelerin ayarlanmas\u0131na ve kaydedilmesine olanak tan\u0131yan, lehimleme i\u015fleminin izlenebilirli\u011fini ve tekrarlanabilirli\u011fini sa\u011flayan tam bir bilgisayar kontrol sistemine sahiptir. Makine, PCB hareketi i\u00e7in \u00fc\u00e7 eksenli bir hareket platformu, se\u00e7ici bir p\u00fcsk\u00fcrtme sistemi, bir \u00f6n \u0131s\u0131tma sistemi ve se\u00e7ici bir lehim potas\u0131 i\u00e7erir ve bunlar\u0131n t\u00fcm\u00fc stabilite ve hassasiyet i\u00e7in sa\u011flam bir \u00e7elik yap\u0131ya entegre edilmi\u015ftir.<\/p>","protected":false},"featured_media":21699,"comment_status":"open","ping_status":"closed","template":"","meta":{"iawp_total_views":48},"etheme_brands":[],"product_brand":[],"product_cat":[139,138],"product_tag":[],"class_list":{"0":"post-21899","1":"product","2":"type-product","3":"status-publish","4":"has-post-thumbnail","6":"product_cat-selective-wave-soldering","7":"product_cat-wave-soldering","9":"first","10":"instock","11":"shipping-taxable","12":"product-type-simple"},"_links":{"self":[{"href":"https:\/\/v2smt.com\/tr\/wp-json\/wp\/v2\/product\/21899","targetHints":{"allow":["GET"]}}],"collection":[{"href":"https:\/\/v2smt.com\/tr\/wp-json\/wp\/v2\/product"}],"about":[{"href":"https:\/\/v2smt.com\/tr\/wp-json\/wp\/v2\/types\/product"}],"replies":[{"embeddable":true,"href":"https:\/\/v2smt.com\/tr\/wp-json\/wp\/v2\/comments?post=21899"}],"version-history":[{"count":0,"href":"https:\/\/v2smt.com\/tr\/wp-json\/wp\/v2\/product\/21899\/revisions"}],"wp:featuredmedia":[{"embeddable":true,"href":"https:\/\/v2smt.com\/tr\/wp-json\/wp\/v2\/media\/21699"}],"wp:attachment":[{"href":"https:\/\/v2smt.com\/tr\/wp-json\/wp\/v2\/media?parent=21899"}],"wp:term":[{"taxonomy":"brand","embeddable":true,"href":"https:\/\/v2smt.com\/tr\/wp-json\/wp\/v2\/etheme_brands?post=21899"},{"taxonomy":"product_brand","embeddable":true,"href":"https:\/\/v2smt.com\/tr\/wp-json\/wp\/v2\/product_brand?post=21899"},{"taxonomy":"product_cat","embeddable":true,"href":"https:\/\/v2smt.com\/tr\/wp-json\/wp\/v2\/product_cat?post=21899"},{"taxonomy":"product_tag","embeddable":true,"href":"https:\/\/v2smt.com\/tr\/wp-json\/wp\/v2\/product_tag?post=21899"}],"curies":[{"name":"wp","href":"https:\/\/api.w.org\/{rel}","templated":true}]}}