{"id":21897,"date":"2024-07-23T15:33:53","date_gmt":"2024-07-23T15:33:53","guid":{"rendered":"https:\/\/v2smt.com\/?post_type=product&#038;p=21897"},"modified":"2024-08-22T17:03:57","modified_gmt":"2024-08-22T17:03:57","slug":"msi-400to-selective-wave-solder-machine","status":"publish","type":"product","link":"https:\/\/v2smt.com\/tr\/products\/msi-400to-selective-wave-solder-machine\/","title":{"rendered":"MSI-400TO Se\u00e7ici Dalga Lehim Makinesi"},"content":{"rendered":"<p>Hepsi Bir Arada \u0130\u015flevsellik: Daha fazla \u00fcretkenlik i\u00e7in farkl\u0131 a\u015famalarda \u00fc\u00e7 PCB kart\u0131 bar\u0131nd\u0131r\u0131r.<\/p>\n<p>Ba\u011f\u0131ms\u0131z Fluxing ve Lehimleme Platformlar\u0131: Her i\u015flem i\u00e7in \u00f6zel i\u015flem sa\u011flar.<\/p>\n<p>Y\u00fcksek Lehimleme Kalitesi: Hassas kontrol ile lehimlemenin do\u011frudan ge\u00e7i\u015f oran\u0131n\u0131 art\u0131r\u0131r.<\/p>\n<p>SMEMA Online Ba\u011flant\u0131: Esnek hat olu\u015fumunu ve mevcut \u00fcretim sistemlerine entegrasyonu destekler.<\/p>\n<p>Tam Bilgisayar Kontrol\u00fc: Parametreler, kolay izlenebilirlik ve tekrarlanabilirlik i\u00e7in bir bilgisayarda ayarlan\u0131r ve kaydedilir.<\/p>\n<p>\u00d6zelle\u015ftirilebilir Yaz\u0131l\u0131m: Windows 7 tabanl\u0131, kullan\u0131c\u0131 dostu \u00e7al\u0131\u015fma ve iyi izlenebilirlik sunar.<\/p>\n<p>Canl\u0131 Lehim \u0130\u015flemi Ekran\u0131: Lehimleme s\u00fcrecini bir kamera beslemesi arac\u0131l\u0131\u011f\u0131yla ger\u00e7ek zamanl\u0131 olarak izler.<\/p>\n<p>Kritik Parametre \u0130zleme: Yaz\u0131l\u0131m s\u0131cakl\u0131k, h\u0131z, bas\u0131n\u00e7 ve daha fazlas\u0131n\u0131 izler.<\/p>\n<p>Otomatik Dalga Y\u00fcksekli\u011fi Kalibrasyonu: Tutarl\u0131 dalga kararl\u0131l\u0131\u011f\u0131 i\u00e7in y\u00fckseltilebilir \u00f6zellik.<\/p>\n<p>Entegre Konvey\u00f6r Sistemi: Ayarlanabilir geni\u015flik ve bas\u0131n\u00e7 ile PCB'lerin sorunsuz ta\u015f\u0131nmas\u0131.<\/p>","protected":false},"excerpt":{"rendered":"<p>MSI-400TO, y\u00fcksek verimli \u00fcretim i\u00e7in tasarlanm\u0131\u015f son teknoloji \u00fcr\u00fcn\u00fc bir se\u00e7ici lehimleme makinesidir. Flakslama, \u00f6n \u0131s\u0131tma ve lehimleme i\u015flemlerinde ayn\u0131 anda \u00fc\u00e7 PCB kart\u0131 veya paleti bar\u0131nd\u0131rabilen tek bir \u00fcnite i\u00e7inde \u00e7ok \u00e7e\u015fitli i\u015flevleri entegre eder. Verimlilik, kalite ve esneklik i\u00e7in tasarlanan makine, SMEMA \u00e7evrimi\u00e7i ta\u015f\u0131may\u0131 destekler ve parametre ayar\u0131 ve izlenebilirlik i\u00e7in tam PC kontrol\u00fc sunar.<\/p>","protected":false},"featured_media":21695,"comment_status":"open","ping_status":"closed","template":"","meta":{"iawp_total_views":59},"etheme_brands":[],"product_brand":[],"product_cat":[139,138],"product_tag":[],"class_list":{"0":"post-21897","1":"product","2":"type-product","3":"status-publish","4":"has-post-thumbnail","6":"product_cat-selective-wave-soldering","7":"product_cat-wave-soldering","9":"first","10":"instock","11":"shipping-taxable","12":"product-type-simple"},"_links":{"self":[{"href":"https:\/\/v2smt.com\/tr\/wp-json\/wp\/v2\/product\/21897","targetHints":{"allow":["GET"]}}],"collection":[{"href":"https:\/\/v2smt.com\/tr\/wp-json\/wp\/v2\/product"}],"about":[{"href":"https:\/\/v2smt.com\/tr\/wp-json\/wp\/v2\/types\/product"}],"replies":[{"embeddable":true,"href":"https:\/\/v2smt.com\/tr\/wp-json\/wp\/v2\/comments?post=21897"}],"version-history":[{"count":0,"href":"https:\/\/v2smt.com\/tr\/wp-json\/wp\/v2\/product\/21897\/revisions"}],"wp:featuredmedia":[{"embeddable":true,"href":"https:\/\/v2smt.com\/tr\/wp-json\/wp\/v2\/media\/21695"}],"wp:attachment":[{"href":"https:\/\/v2smt.com\/tr\/wp-json\/wp\/v2\/media?parent=21897"}],"wp:term":[{"taxonomy":"brand","embeddable":true,"href":"https:\/\/v2smt.com\/tr\/wp-json\/wp\/v2\/etheme_brands?post=21897"},{"taxonomy":"product_brand","embeddable":true,"href":"https:\/\/v2smt.com\/tr\/wp-json\/wp\/v2\/product_brand?post=21897"},{"taxonomy":"product_cat","embeddable":true,"href":"https:\/\/v2smt.com\/tr\/wp-json\/wp\/v2\/product_cat?post=21897"},{"taxonomy":"product_tag","embeddable":true,"href":"https:\/\/v2smt.com\/tr\/wp-json\/wp\/v2\/product_tag?post=21897"}],"curies":[{"name":"wp","href":"https:\/\/api.w.org\/{rel}","templated":true}]}}