{"id":21895,"date":"2024-07-23T15:33:52","date_gmt":"2024-07-23T15:33:52","guid":{"rendered":"https:\/\/v2smt.com\/?post_type=product&#038;p=21895"},"modified":"2024-08-22T17:03:57","modified_gmt":"2024-08-22T17:03:57","slug":"msi-400-selective-soldering-machine","status":"publish","type":"product","link":"https:\/\/v2smt.com\/tr\/products\/msi-400-selective-soldering-machine\/","title":{"rendered":"MSI-400 Se\u00e7ici Lehimleme Makinesi"},"content":{"rendered":"<p>Entegre Hareket Platformu: Kombine p\u00fcsk\u00fcrtme ve kaynak \u00f6zelliklerine sahip kompakt tasar\u0131m.<\/p>\n<p>Sabit PCB Plakas\u0131: Do\u011fru lehimleme i\u015flemleri i\u00e7in stabilite sa\u011flar.<\/p>\n<p>Y\u00fcksek Kaliteli Kaynak: Hassas kontrol sayesinde lehimleme ge\u00e7i\u015f oran\u0131n\u0131 art\u0131r\u0131r.<\/p>\n<p>Mod\u00fcler ve Esnek: SMEMA uyumlulu\u011fu ile \u00e7e\u015fitli \u00fcretim hatlar\u0131na kolay entegrasyon sa\u011flar.<\/p>\n<p>Tam Bilgisayar Kontrol\u00fc: Tutarl\u0131 sonu\u00e7lar i\u00e7in parametreler kolayca ayarlan\u0131r ve bir PC'ye kaydedilir.<\/p>\n<p>Kullan\u0131c\u0131 Dostu Yaz\u0131l\u0131m: Sezgisel kullan\u0131m ve izlenebilirlik i\u00e7in Windows 10 tabanl\u0131.<\/p>\n<p>XYZ Hareket Tablosu: Y\u00fcksek hassasiyetli hareket i\u00e7in vidal\u0131 miller, lineer k\u0131lavuzlar ve servo motorlar ile donat\u0131lm\u0131\u015ft\u0131r.<\/p>\n<p>Geli\u015fmi\u015f Fluxing Sistemi: Hassas flaks uygulamas\u0131 i\u00e7in ithal bir p\u00fcsk\u00fcrtme valfine sahiptir.<\/p>\n<p>K\u0131z\u0131l\u00f6tesi \u00d6n Is\u0131tma: Optimum lehimleme ko\u015fullar\u0131 i\u00e7in alttan \u00f6n \u0131s\u0131tma.<\/p>\n<p>Servo Sistemli Lehim Potas\u0131: Kontroll\u00fc lehim ak\u0131\u015f\u0131 i\u00e7in servo motorlu 15 kg kapasiteli lehim potas\u0131.<\/p>","protected":false},"excerpt":{"rendered":"<p>MSI-400, elektronik \u00fcretimde hassasiyet ve verimlilik i\u00e7in tasarlanm\u0131\u015f geli\u015fmi\u015f bir se\u00e7ici lehimleme makinesidir. Bu entegre sistem, t\u00fcm i\u015flevleri tek bir hareket platformunda bir araya getirerek alan k\u0131s\u0131tlamas\u0131 olan ortamlar i\u00e7in kompakt bir \u00e7\u00f6z\u00fcm sunar. Sabit PCB plakas\u0131 ve hareketli p\u00fcsk\u00fcrtme ve kaynak platformlar\u0131 ile y\u00fcksek kaynak kalitesi ve lehimleme ge\u00e7i\u015f oran\u0131nda \u00f6nemli bir iyile\u015fme sa\u011flar. Makine, mod\u00fcler tasar\u0131m, SMEMA \u00e7evrimi\u00e7i ta\u015f\u0131ma ve parametre ayar\u0131 ve tasarrufu i\u00e7in tam bilgisayar kontrol\u00fc \u00f6zelliklerine sahiptir ve lehimleme kalitesinin en iyi izlenebilirli\u011fini ve tekrarlanabilirli\u011fini sa\u011flar.<\/p>","protected":false},"featured_media":21694,"comment_status":"open","ping_status":"closed","template":"","meta":{"iawp_total_views":97},"etheme_brands":[],"product_brand":[],"product_cat":[139,138],"product_tag":[],"class_list":{"0":"post-21895","1":"product","2":"type-product","3":"status-publish","4":"has-post-thumbnail","6":"product_cat-selective-wave-soldering","7":"product_cat-wave-soldering","9":"first","10":"instock","11":"shipping-taxable","12":"product-type-simple"},"_links":{"self":[{"href":"https:\/\/v2smt.com\/tr\/wp-json\/wp\/v2\/product\/21895","targetHints":{"allow":["GET"]}}],"collection":[{"href":"https:\/\/v2smt.com\/tr\/wp-json\/wp\/v2\/product"}],"about":[{"href":"https:\/\/v2smt.com\/tr\/wp-json\/wp\/v2\/types\/product"}],"replies":[{"embeddable":true,"href":"https:\/\/v2smt.com\/tr\/wp-json\/wp\/v2\/comments?post=21895"}],"version-history":[{"count":0,"href":"https:\/\/v2smt.com\/tr\/wp-json\/wp\/v2\/product\/21895\/revisions"}],"wp:featuredmedia":[{"embeddable":true,"href":"https:\/\/v2smt.com\/tr\/wp-json\/wp\/v2\/media\/21694"}],"wp:attachment":[{"href":"https:\/\/v2smt.com\/tr\/wp-json\/wp\/v2\/media?parent=21895"}],"wp:term":[{"taxonomy":"brand","embeddable":true,"href":"https:\/\/v2smt.com\/tr\/wp-json\/wp\/v2\/etheme_brands?post=21895"},{"taxonomy":"product_brand","embeddable":true,"href":"https:\/\/v2smt.com\/tr\/wp-json\/wp\/v2\/product_brand?post=21895"},{"taxonomy":"product_cat","embeddable":true,"href":"https:\/\/v2smt.com\/tr\/wp-json\/wp\/v2\/product_cat?post=21895"},{"taxonomy":"product_tag","embeddable":true,"href":"https:\/\/v2smt.com\/tr\/wp-json\/wp\/v2\/product_tag?post=21895"}],"curies":[{"name":"wp","href":"https:\/\/api.w.org\/{rel}","templated":true}]}}