{"id":21893,"date":"2024-07-23T15:33:52","date_gmt":"2024-07-23T15:33:52","guid":{"rendered":"https:\/\/v2smt.com\/?post_type=product&#038;p=21893"},"modified":"2024-08-22T17:03:57","modified_gmt":"2024-08-22T17:03:57","slug":"mso-300b-offline-selective-soldering-machine","status":"publish","type":"product","link":"https:\/\/v2smt.com\/tr\/products\/mso-300b-offline-selective-soldering-machine\/","title":{"rendered":"MSO-300B \u00c7evrimd\u0131\u015f\u0131 Se\u00e7ici Lehimleme Makinesi"},"content":{"rendered":"<p>Hepsi Bir Arada Makine Tasar\u0131m\u0131: Yer tasarrufu sa\u011flayan operasyonlar i\u00e7in kompakt ve tamamen i\u015flevsel.<\/p>\n<p>Sabit Nozullar ile PCB Hareketi: Sabit bir fluxer ve lehim potas\u0131 ile lehimlemede hassasiyet sa\u011flar.<\/p>\n<p>Y\u00fcksek Kaliteli Lehimleme: Geli\u015fmi\u015f kontrol sistemleri sayesinde m\u00fckemmel kaynak sonu\u00e7lar\u0131 sunar.<\/p>\n<p>Esnek \u00dcretim Hatt\u0131 Entegrasyonu: Rahat kullan\u0131m i\u00e7in \u00fcretim hatt\u0131n\u0131n yan\u0131na kolayca yerle\u015ftirilebilir.<\/p>\n<p>Tam Bilgisayar Kontrol\u00fc: Tekrarlanabilirlik ve izlenebilirlik i\u00e7in t\u00fcm parametreler ayarlan\u0131r ve bir bilgisayara kaydedilir.<\/p>\n<p>Windows 10 Tabanl\u0131 Yaz\u0131l\u0131m: Kullan\u0131c\u0131 dostu \u00e7al\u0131\u015fma ve iyi izlenebilirlik sunar.<\/p>\n<p>XYZ Hareket Tablosu: Hassas PCB hareketi i\u00e7in servo ve ad\u0131m motorlar\u0131 ile donat\u0131lm\u0131\u015ft\u0131r.<\/p>\n<p>\u0130thal Fluxing Jetting Valfi: G\u00fcvenilir performans i\u00e7in \u00e7e\u015fitli flaks t\u00fcrlerine uyum sa\u011flar.<\/p>\n<p>Titanyum Ala\u015f\u0131ml\u0131 Paslanmaz \u00c7elik Lehim Potas\u0131: S\u0131z\u0131nt\u0131 olmamas\u0131n\u0131 ve e\u015fit \u0131s\u0131 transferi sa\u011flar.<\/p>\n<p>N2 Online Is\u0131tma Sistemi: Lehim c\u00fcrufunu azalt\u0131r ve \u0131slatma m\u00fckemmelli\u011fini art\u0131r\u0131r.<\/p>","protected":false},"excerpt":{"rendered":"<p>MSO-300B, y\u00fcksek kaliteli lehimleme uygulamalar\u0131 i\u00e7in ideal olan tam i\u015flevselli\u011fi kompakt bir tasar\u0131mla birle\u015ftiren \u00e7evrimd\u0131\u015f\u0131 bir se\u00e7ici lehimleme makinesidir. PCB hareketi i\u00e7in bir hareket tablas\u0131, sabit bir fluxer nozulu ve bir lehim potas\u0131na sahiptir ve hepsi hassas parametre ayar\u0131 ve tasarrufu i\u00e7in bir bilgisayar sistemi taraf\u0131ndan kontrol edilir. Makine, \u00fcretim hatt\u0131 olu\u015fumunda esneklik sa\u011flar ve yap\u0131land\u0131rma dosyas\u0131 olu\u015fturma \u00f6zelli\u011fi ile izlenebilirli\u011fi kolayla\u015ft\u0131r\u0131r.<\/p>","protected":false},"featured_media":21697,"comment_status":"open","ping_status":"closed","template":"","meta":{"iawp_total_views":122},"etheme_brands":[],"product_brand":[],"product_cat":[139,138],"product_tag":[],"class_list":{"0":"post-21893","1":"product","2":"type-product","3":"status-publish","4":"has-post-thumbnail","6":"product_cat-selective-wave-soldering","7":"product_cat-wave-soldering","9":"first","10":"instock","11":"shipping-taxable","12":"product-type-simple"},"_links":{"self":[{"href":"https:\/\/v2smt.com\/tr\/wp-json\/wp\/v2\/product\/21893","targetHints":{"allow":["GET"]}}],"collection":[{"href":"https:\/\/v2smt.com\/tr\/wp-json\/wp\/v2\/product"}],"about":[{"href":"https:\/\/v2smt.com\/tr\/wp-json\/wp\/v2\/types\/product"}],"replies":[{"embeddable":true,"href":"https:\/\/v2smt.com\/tr\/wp-json\/wp\/v2\/comments?post=21893"}],"version-history":[{"count":0,"href":"https:\/\/v2smt.com\/tr\/wp-json\/wp\/v2\/product\/21893\/revisions"}],"wp:featuredmedia":[{"embeddable":true,"href":"https:\/\/v2smt.com\/tr\/wp-json\/wp\/v2\/media\/21697"}],"wp:attachment":[{"href":"https:\/\/v2smt.com\/tr\/wp-json\/wp\/v2\/media?parent=21893"}],"wp:term":[{"taxonomy":"brand","embeddable":true,"href":"https:\/\/v2smt.com\/tr\/wp-json\/wp\/v2\/etheme_brands?post=21893"},{"taxonomy":"product_brand","embeddable":true,"href":"https:\/\/v2smt.com\/tr\/wp-json\/wp\/v2\/product_brand?post=21893"},{"taxonomy":"product_cat","embeddable":true,"href":"https:\/\/v2smt.com\/tr\/wp-json\/wp\/v2\/product_cat?post=21893"},{"taxonomy":"product_tag","embeddable":true,"href":"https:\/\/v2smt.com\/tr\/wp-json\/wp\/v2\/product_tag?post=21893"}],"curies":[{"name":"wp","href":"https:\/\/api.w.org\/{rel}","templated":true}]}}