{"id":21891,"date":"2024-07-23T15:33:52","date_gmt":"2024-07-23T15:33:52","guid":{"rendered":"https:\/\/v2smt.com\/?post_type=product&#038;p=21891"},"modified":"2024-08-22T17:03:57","modified_gmt":"2024-08-22T17:03:57","slug":"mso-300-high-speed-offline-selective-soldering-machine","status":"publish","type":"product","link":"https:\/\/v2smt.com\/tr\/products\/mso-300-high-speed-offline-selective-soldering-machine\/","title":{"rendered":"MSO-300 Y\u00fcksek H\u0131zl\u0131 \u00c7evrimd\u0131\u015f\u0131 Se\u00e7ici Lehimleme Makinesi"},"content":{"rendered":"<p>Hepsi Bir Arada Tasar\u0131m: Yer tasarrufu sa\u011flayan \u00fcretim ortamlar\u0131 i\u00e7in kompakt makine.<\/p>\n<p>PCB Kart\u0131 Hareketi: Fluxer nozulu ve lehim potas\u0131 sabit kal\u0131rken, hassasiyeti art\u0131r\u0131r.<\/p>\n<p>Y\u00fcksek Kaliteli Lehimleme: Y\u00fcksek standartta kaynak \u00e7\u0131kt\u0131s\u0131 sa\u011flar.<\/p>\n<p>Esnek Hat Olu\u015fumu: \u00dcretim hatt\u0131n\u0131n yan\u0131na rahatl\u0131kla yerle\u015ftirilebilir.<\/p>\n<p>Tam Bilgisayar Kontrol\u00fc: Parametreler tekrarlanabilirlik i\u00e7in bir bilgisayarda ayarlan\u0131r ve kaydedilir.<\/p>\n<p>Kullan\u0131c\u0131 Dostu Yaz\u0131l\u0131m: Kolay kullan\u0131m ve izlenebilirlik i\u00e7in Windows 10 tabanl\u0131d\u0131r.<\/p>\n<p>XYZ Hareket Tablosu: Do\u011fru PCB hareketi i\u00e7in vidal\u0131 miller ve lineer k\u0131lavuzlarla donat\u0131lm\u0131\u015ft\u0131r.<\/p>\n<p>Servo ve Step Motorlar: Hassas konumland\u0131rma ile hareket i\u00e7in kararl\u0131 g\u00fc\u00e7 sa\u011flar.<\/p>\n<p>\u0130thal Fluxing Jetting Valfi: G\u00fcvenilir performans i\u00e7in \u00e7e\u015fitli flaks t\u00fcrlerine uyum sa\u011flar.<\/p>\n<p>Ger\u00e7ek Zamanl\u0131 \u0130zleme: Canl\u0131 kamera beslemesi, g\u00f6rsel s\u00fcre\u00e7 g\u00f6zetimine olanak tan\u0131r.<\/p>","protected":false},"excerpt":{"rendered":"<p>MSO-300, hepsi bir arada kompakt bir makine ile ola\u011fan\u00fcst\u00fc kaynak kalitesi sunmak i\u00e7in tasarlanm\u0131\u015f y\u00fcksek h\u0131zl\u0131 \u00e7evrimd\u0131\u015f\u0131 se\u00e7ici lehimleme makinesidir. Se\u00e7ici flukslama ve lehimlemeyi ayn\u0131 XYZ hareket tablas\u0131 \u00fczerinde birle\u015ftirerek \u00fcretim hatt\u0131 entegrasyonunda esneklik ve verimlilik sunar. Sistem tamamen bir PC taraf\u0131ndan kontrol edilir, kolay parametre ayar\u0131, kaydetme ve izlenebilirlik sa\u011flayarak tutarl\u0131 lehimleme kalitesi sa\u011flar.<\/p>","protected":false},"featured_media":21696,"comment_status":"open","ping_status":"closed","template":"","meta":{"iawp_total_views":91},"etheme_brands":[],"product_brand":[],"product_cat":[139,138],"product_tag":[],"class_list":{"0":"post-21891","1":"product","2":"type-product","3":"status-publish","4":"has-post-thumbnail","6":"product_cat-selective-wave-soldering","7":"product_cat-wave-soldering","9":"first","10":"instock","11":"shipping-taxable","12":"product-type-simple"},"_links":{"self":[{"href":"https:\/\/v2smt.com\/tr\/wp-json\/wp\/v2\/product\/21891","targetHints":{"allow":["GET"]}}],"collection":[{"href":"https:\/\/v2smt.com\/tr\/wp-json\/wp\/v2\/product"}],"about":[{"href":"https:\/\/v2smt.com\/tr\/wp-json\/wp\/v2\/types\/product"}],"replies":[{"embeddable":true,"href":"https:\/\/v2smt.com\/tr\/wp-json\/wp\/v2\/comments?post=21891"}],"version-history":[{"count":0,"href":"https:\/\/v2smt.com\/tr\/wp-json\/wp\/v2\/product\/21891\/revisions"}],"wp:featuredmedia":[{"embeddable":true,"href":"https:\/\/v2smt.com\/tr\/wp-json\/wp\/v2\/media\/21696"}],"wp:attachment":[{"href":"https:\/\/v2smt.com\/tr\/wp-json\/wp\/v2\/media?parent=21891"}],"wp:term":[{"taxonomy":"brand","embeddable":true,"href":"https:\/\/v2smt.com\/tr\/wp-json\/wp\/v2\/etheme_brands?post=21891"},{"taxonomy":"product_brand","embeddable":true,"href":"https:\/\/v2smt.com\/tr\/wp-json\/wp\/v2\/product_brand?post=21891"},{"taxonomy":"product_cat","embeddable":true,"href":"https:\/\/v2smt.com\/tr\/wp-json\/wp\/v2\/product_cat?post=21891"},{"taxonomy":"product_tag","embeddable":true,"href":"https:\/\/v2smt.com\/tr\/wp-json\/wp\/v2\/product_tag?post=21891"}],"curies":[{"name":"wp","href":"https:\/\/api.w.org\/{rel}","templated":true}]}}