{"id":21889,"date":"2024-07-23T15:33:52","date_gmt":"2024-07-23T15:33:52","guid":{"rendered":"https:\/\/v2smt.com\/?post_type=product&#038;p=21889"},"modified":"2024-08-22T17:03:57","modified_gmt":"2024-08-22T17:03:57","slug":"sm-sp300p-solder-paste-cabinet","status":"publish","type":"product","link":"https:\/\/v2smt.com\/tr\/products\/sm-sp300p-solder-paste-cabinet\/","title":{"rendered":"SM-SP300P Lehim Pastas\u0131 Dolab\u0131"},"content":{"rendered":"<p>Otomatik S\u0131cakl\u0131k Y\u00f6netimi: Lehim pastas\u0131n\u0131n korunmas\u0131 i\u00e7in optimum ko\u015fullar\u0131 korur.<\/p>\n<p>Parmak \u0130zi G\u00fcvenlik Eri\u015fimi: Yaln\u0131zca yetkili personel i\u00e7in biyometrik tan\u0131mlama ile g\u00fcvenli\u011fi art\u0131r\u0131r.<\/p>\n<p>Ak\u0131ll\u0131 Depolama Sistemi: 300'e kadar lehim pastas\u0131 \u015fi\u015fesinin d\u00fczenli ve katmanl\u0131 depolanmas\u0131 i\u00e7in bir \u00e7ekmece tasar\u0131m\u0131na sahiptir.<\/p>\n<p>MES\/SFCS Entegrasyonu: Geli\u015fmi\u015f \u00fcretim takibi ve verimlilik i\u00e7in ger\u00e7ek zamanl\u0131 veri al\u0131\u015fveri\u015fini kolayla\u015ft\u0131r\u0131r.<\/p>\n<p>Otomatik Alarm Sistemi: Anormallik durumunda an\u0131nda uyar\u0131 i\u00e7in \u00fc\u00e7 renkli alarm \u0131\u015f\u0131\u011f\u0131 ve sesli uyar\u0131 ile donat\u0131lm\u0131\u015ft\u0131r.<\/p>\n<p>Bulut Uygulama Ba\u011flant\u0131s\u0131: Bulut tabanl\u0131 uygulamalar arac\u0131l\u0131\u011f\u0131yla uzaktan izleme ve kontrol sa\u011flar.<\/p>\n<p>Geli\u015fmi\u015f \u0130\u015f Ak\u0131\u015f\u0131 Y\u00f6netimi: \u0130nsan hatas\u0131n\u0131 \u00f6nlemek i\u00e7in otomatik denetim ile beslemeden toplamaya kadar i\u015flemleri kolayla\u015ft\u0131r\u0131r.<\/p>\n<p>\u00c7evre Dostu Tasar\u0131m: Ak\u0131ll\u0131 sistemleri ile enerji verimlili\u011fi ve minimum \u00e7evresel etki sa\u011flar.<\/p>\n<p>\u00d6zelle\u015ftirilebilir Kullan\u0131c\u0131 Aray\u00fcz\u00fc: Kullan\u0131m kolayl\u0131\u011f\u0131 ve h\u0131zl\u0131 gezinme i\u00e7in basitle\u015ftirilmi\u015f bir \u00c7ince aray\u00fcz sunar.<\/p>\n<p>IoT \u00d6zelli\u011fi: Veri kayd\u0131, y\u00fckleme ve kapsaml\u0131 izlenebilirlik y\u00f6netimi i\u00e7in MES ile entegrasyon i\u00e7in IoT'yi destekler.<\/p>","protected":false},"excerpt":{"rendered":"<p>Shenzhen Shanmu Automation Equipment Co. Ltd. taraf\u0131ndan \u00fcretilen SM-SP300P Lehim Pastas\u0131 Dolab\u0131, SMT end\u00fcstrilerinde lehim pastas\u0131 y\u00f6netimini optimize etmek i\u00e7in tasarlanm\u0131\u015f son teknoloji \u00fcr\u00fcn\u00fc bir depolama \u00e7\u00f6z\u00fcm\u00fcd\u00fcr. Bu ak\u0131ll\u0131 kabin, otomatik s\u0131cakl\u0131k kontrol\u00fc, hassas depolama ve geli\u015fmi\u015f g\u00fcvenlik \u00f6zellikleri ile sorunsuz bir i\u015f ak\u0131\u015f\u0131 sa\u011flar ve y\u00fcksek teknolojili \u00fcretim ortamlar\u0131n\u0131n taleplerini kar\u015f\u0131lar.<\/p>","protected":false},"featured_media":21710,"comment_status":"open","ping_status":"closed","template":"","meta":{"iawp_total_views":254},"etheme_brands":[],"product_brand":[],"product_cat":[134],"product_tag":[],"class_list":{"0":"post-21889","1":"product","2":"type-product","3":"status-publish","4":"has-post-thumbnail","6":"product_cat-solder-paste-cabinet","8":"first","9":"instock","10":"shipping-taxable","11":"product-type-simple"},"_links":{"self":[{"href":"https:\/\/v2smt.com\/tr\/wp-json\/wp\/v2\/product\/21889","targetHints":{"allow":["GET"]}}],"collection":[{"href":"https:\/\/v2smt.com\/tr\/wp-json\/wp\/v2\/product"}],"about":[{"href":"https:\/\/v2smt.com\/tr\/wp-json\/wp\/v2\/types\/product"}],"replies":[{"embeddable":true,"href":"https:\/\/v2smt.com\/tr\/wp-json\/wp\/v2\/comments?post=21889"}],"version-history":[{"count":0,"href":"https:\/\/v2smt.com\/tr\/wp-json\/wp\/v2\/product\/21889\/revisions"}],"wp:featuredmedia":[{"embeddable":true,"href":"https:\/\/v2smt.com\/tr\/wp-json\/wp\/v2\/media\/21710"}],"wp:attachment":[{"href":"https:\/\/v2smt.com\/tr\/wp-json\/wp\/v2\/media?parent=21889"}],"wp:term":[{"taxonomy":"brand","embeddable":true,"href":"https:\/\/v2smt.com\/tr\/wp-json\/wp\/v2\/etheme_brands?post=21889"},{"taxonomy":"product_brand","embeddable":true,"href":"https:\/\/v2smt.com\/tr\/wp-json\/wp\/v2\/product_brand?post=21889"},{"taxonomy":"product_cat","embeddable":true,"href":"https:\/\/v2smt.com\/tr\/wp-json\/wp\/v2\/product_cat?post=21889"},{"taxonomy":"product_tag","embeddable":true,"href":"https:\/\/v2smt.com\/tr\/wp-json\/wp\/v2\/product_tag?post=21889"}],"curies":[{"name":"wp","href":"https:\/\/api.w.org\/{rel}","templated":true}]}}