{"id":21887,"date":"2024-07-23T15:33:52","date_gmt":"2024-07-23T15:33:52","guid":{"rendered":"https:\/\/v2smt.com\/?post_type=product&#038;p=21887"},"modified":"2024-08-22T17:03:57","modified_gmt":"2024-08-22T17:03:57","slug":"i-glazer-sl-nl-fully-automatic-selective-coating-machine","status":"publish","type":"product","link":"https:\/\/v2smt.com\/tr\/products\/i-glazer-sl-nl-fully-automatic-selective-coating-machine\/","title":{"rendered":"i-Glazer SL\/NL tam otomatik Se\u00e7ici kaplama Makinesi"},"content":{"rendered":"<p>Temel \u00d6zellikler:<br \/>\n- Tam Otomatik \u00c7al\u0131\u015fma: Minimum manuel m\u00fcdahale ile kaplama s\u00fcrecini kolayla\u015ft\u0131r\u0131r.<br \/>\n- Se\u00e7ici Kaplama Yetene\u011fi: Belirli alanlar i\u00e7in \u00f6zel uygulama, \u00fcr\u00fcn kalitesini art\u0131r\u0131r.<br \/>\n- Y\u00fcksek Hassasiyetli Da\u011f\u0131t\u0131m: Her seferinde tutarl\u0131 ve do\u011fru kaplama sa\u011flar.<br \/>\n- Kullan\u0131c\u0131 Dostu Aray\u00fcz: Sorunsuz bir kullan\u0131c\u0131 deneyimi i\u00e7in kullan\u0131m\u0131 basitle\u015ftirir.<br \/>\n- \u00c7ok Y\u00f6nl\u00fc Uygulama: \u00c7ok \u00e7e\u015fitli malzemeler ve end\u00fcstriler i\u00e7in uygundur.<\/p>","protected":false},"excerpt":{"rendered":"<p>DESEN'in i-Glazer SL\/NL modeli, kaplama end\u00fcstrisinde hassasiyet ve verimlilik i\u00e7in tasarlanm\u0131\u015f son teknoloji \u00fcr\u00fcn\u00fc tam otomatik bir se\u00e7ici kaplama makinesidir. Sa\u011flam tasar\u0131m\u0131 ve geli\u015fmi\u015f \u00f6zellikleriyle, modern \u00fcretim s\u00fcre\u00e7lerinin ihtiya\u00e7lar\u0131n\u0131 kar\u015f\u0131layarak \u00e7e\u015fitli alt tabakalar \u00fczerinde tek tip ve y\u00fcksek kaliteli bir y\u00fczey sa\u011flar.<\/p>","protected":false},"featured_media":21680,"comment_status":"open","ping_status":"closed","template":"","meta":{"iawp_total_views":136},"etheme_brands":[],"product_brand":[],"product_cat":[149],"product_tag":[],"class_list":{"0":"post-21887","1":"product","2":"type-product","3":"status-publish","4":"has-post-thumbnail","6":"product_cat-coating-machine","8":"first","9":"instock","10":"shipping-taxable","11":"product-type-simple"},"_links":{"self":[{"href":"https:\/\/v2smt.com\/tr\/wp-json\/wp\/v2\/product\/21887","targetHints":{"allow":["GET"]}}],"collection":[{"href":"https:\/\/v2smt.com\/tr\/wp-json\/wp\/v2\/product"}],"about":[{"href":"https:\/\/v2smt.com\/tr\/wp-json\/wp\/v2\/types\/product"}],"replies":[{"embeddable":true,"href":"https:\/\/v2smt.com\/tr\/wp-json\/wp\/v2\/comments?post=21887"}],"version-history":[{"count":0,"href":"https:\/\/v2smt.com\/tr\/wp-json\/wp\/v2\/product\/21887\/revisions"}],"wp:featuredmedia":[{"embeddable":true,"href":"https:\/\/v2smt.com\/tr\/wp-json\/wp\/v2\/media\/21680"}],"wp:attachment":[{"href":"https:\/\/v2smt.com\/tr\/wp-json\/wp\/v2\/media?parent=21887"}],"wp:term":[{"taxonomy":"brand","embeddable":true,"href":"https:\/\/v2smt.com\/tr\/wp-json\/wp\/v2\/etheme_brands?post=21887"},{"taxonomy":"product_brand","embeddable":true,"href":"https:\/\/v2smt.com\/tr\/wp-json\/wp\/v2\/product_brand?post=21887"},{"taxonomy":"product_cat","embeddable":true,"href":"https:\/\/v2smt.com\/tr\/wp-json\/wp\/v2\/product_cat?post=21887"},{"taxonomy":"product_tag","embeddable":true,"href":"https:\/\/v2smt.com\/tr\/wp-json\/wp\/v2\/product_tag?post=21887"}],"curies":[{"name":"wp","href":"https:\/\/api.w.org\/{rel}","templated":true}]}}