{"id":21885,"date":"2024-07-23T15:33:52","date_gmt":"2024-07-23T15:33:52","guid":{"rendered":"https:\/\/v2smt.com\/?post_type=product&#038;p=21885"},"modified":"2024-08-22T17:03:57","modified_gmt":"2024-08-22T17:03:57","slug":"jds-x7-automatic-flying-probe-fai-machine","status":"publish","type":"product","link":"https:\/\/v2smt.com\/tr\/products\/jds-x7-automatic-flying-probe-fai-machine\/","title":{"rendered":"JDS-X7 Otomatik U\u00e7an Prob FAI Makinesi"},"content":{"rendered":"<p>1. Tam Otomatik \u00c7al\u0131\u015fma: Y\u00fcksek h\u0131zl\u0131 ve do\u011fru denetimler i\u00e7in geli\u015fmi\u015f u\u00e7an i\u011fne teknolojisi.<br \/>\n2. Kullan\u0131c\u0131 Dostu Tasar\u0131m: Mevcut \u00fcretim hatlar\u0131na sorunsuz entegrasyon i\u00e7in sezgisel aray\u00fcz.<br \/>\n3. Y\u00fcksek \u00c7\u00f6z\u00fcn\u00fcrl\u00fckl\u00fc Tarama: En k\u00fc\u00e7\u00fck kusurlar\u0131n net bir \u015fekilde tespit edilmesini ve \u00fcr\u00fcn b\u00fct\u00fcnl\u00fc\u011f\u00fcn\u00fcn korunmas\u0131n\u0131 sa\u011flar.<br \/>\n4. Verimli \u0130\u015f Ak\u0131\u015f\u0131: \u0130lk \u00fcr\u00fcn denetim s\u00fcrecini kolayla\u015ft\u0131rarak duru\u015f s\u00fcresini azalt\u0131r ve \u00e7\u0131kt\u0131y\u0131 art\u0131r\u0131r.<br \/>\n5. \u00d6zelle\u015ftirilebilir Yap\u0131land\u0131rma: \u00c7e\u015fitli PCB boyutlar\u0131na ve denetim gereksinimlerine uyum sa\u011flayarak yat\u0131r\u0131m\u0131n\u0131z\u0131 gelece\u011fe d\u00f6n\u00fck hale getirir.<\/p>","protected":false},"excerpt":{"rendered":"<p>JDS-X7, yeni end\u00fcstri standartlar\u0131n\u0131 belirleyen son teknoloji \u00fcr\u00fcn\u00fc tam otomatik u\u00e7an i\u011fneli ilk \u00fcr\u00fcn kontrol makinesidir. Hassasiyet ve verimlilik i\u00e7in tasarlanan JDS-X7, benzersiz kalite kontrol\u00fc sunarak \u00fcretim s\u00fcre\u00e7lerinizin rakipsiz olmas\u0131n\u0131 sa\u011flar.<\/p>","protected":false},"featured_media":21684,"comment_status":"open","ping_status":"closed","template":"","meta":{"iawp_total_views":258},"etheme_brands":[],"product_brand":[],"product_cat":[151],"product_tag":[],"class_list":{"0":"post-21885","1":"product","2":"type-product","3":"status-publish","4":"has-post-thumbnail","6":"product_cat-pcba-testing-equipment","8":"first","9":"instock","10":"shipping-taxable","11":"product-type-simple"},"_links":{"self":[{"href":"https:\/\/v2smt.com\/tr\/wp-json\/wp\/v2\/product\/21885","targetHints":{"allow":["GET"]}}],"collection":[{"href":"https:\/\/v2smt.com\/tr\/wp-json\/wp\/v2\/product"}],"about":[{"href":"https:\/\/v2smt.com\/tr\/wp-json\/wp\/v2\/types\/product"}],"replies":[{"embeddable":true,"href":"https:\/\/v2smt.com\/tr\/wp-json\/wp\/v2\/comments?post=21885"}],"version-history":[{"count":0,"href":"https:\/\/v2smt.com\/tr\/wp-json\/wp\/v2\/product\/21885\/revisions"}],"wp:featuredmedia":[{"embeddable":true,"href":"https:\/\/v2smt.com\/tr\/wp-json\/wp\/v2\/media\/21684"}],"wp:attachment":[{"href":"https:\/\/v2smt.com\/tr\/wp-json\/wp\/v2\/media?parent=21885"}],"wp:term":[{"taxonomy":"brand","embeddable":true,"href":"https:\/\/v2smt.com\/tr\/wp-json\/wp\/v2\/etheme_brands?post=21885"},{"taxonomy":"product_brand","embeddable":true,"href":"https:\/\/v2smt.com\/tr\/wp-json\/wp\/v2\/product_brand?post=21885"},{"taxonomy":"product_cat","embeddable":true,"href":"https:\/\/v2smt.com\/tr\/wp-json\/wp\/v2\/product_cat?post=21885"},{"taxonomy":"product_tag","embeddable":true,"href":"https:\/\/v2smt.com\/tr\/wp-json\/wp\/v2\/product_tag?post=21885"}],"curies":[{"name":"wp","href":"https:\/\/api.w.org\/{rel}","templated":true}]}}