{"id":21881,"date":"2024-07-23T15:33:52","date_gmt":"2024-07-23T15:33:52","guid":{"rendered":"https:\/\/v2smt.com\/?post_type=product&#038;p=21881"},"modified":"2024-08-22T17:03:57","modified_gmt":"2024-08-22T17:03:57","slug":"ms-360cl-inline-aqueous-cleaner","status":"publish","type":"product","link":"https:\/\/v2smt.com\/tr\/products\/ms-360cl-inline-aqueous-cleaner\/","title":{"rendered":"MS-360CL Inline Sulu Temizleyici"},"content":{"rendered":"<p>1. Hat \u0130\u00e7i \u00c7al\u0131\u015fma: Y\u00fcksek verimlilik ve tutarl\u0131 \u00fcr\u00fcn kalitesi i\u00e7in hat i\u00e7i \u00fcretim modu ile temizleme s\u00fcrecini kolayla\u015ft\u0131r\u0131r.<br \/>\n2. Geli\u015fmi\u015f Temizleme B\u00f6l\u00fcmleri: Kapsaml\u0131 temizlik i\u00e7in kimyasal y\u0131kama, DI su durulama ve g\u00fc\u00e7l\u00fc hava ile kurutma b\u00f6l\u00fcmlerine sahiptir.<br \/>\n3. Mod\u00fcler Tasar\u0131m: \u00c7e\u015fitli m\u00fc\u015fteri kapasite gereksinimlerini kar\u015f\u0131lamak i\u00e7in y\u00fcksek \u00f6l\u00e7eklenebilirlik ve esneklik sunar.<br \/>\n4. Ekonomik Temizlik: Temizlik maddelerini korumak ve \u00fcretim maliyetlerini d\u00fc\u015f\u00fcrmek i\u00e7in d\u00fc\u015f\u00fck voltaj ve b\u00fcy\u00fck ak\u0131\u015f prensibini kullan\u0131r.<br \/>\n5. Korozyona Dayan\u0131kl\u0131 Malzeme: Uzun \u00f6m\u00fcrl\u00fc olmas\u0131 i\u00e7in dayan\u0131kl\u0131, korozyona dayan\u0131kl\u0131 PP malzemeden \u00fcretilmi\u015ftir.<br \/>\n6. Kullan\u0131c\u0131 Dostu Aray\u00fcz: PLC ve dokunmatik ekran, sezgisel ve kullan\u0131c\u0131 dostu bir insan-makine platformu sunar.<br \/>\n7. Verimli Nozul Sistemi: Hassas temizlik i\u00e7in y\u00fcksek verimli, d\u00fc\u015f\u00fck g\u00fcr\u00fclt\u00fcl\u00fc hava b\u0131\u00e7aklar\u0131 ve ayarlanabilir nozullarla donat\u0131lm\u0131\u015ft\u0131r.<br \/>\n8. \u00c7evresel Koruma: \u00c7evresel etkiyi azaltan bir egzoz ayar kap\u0131s\u0131 ve temizlik maddelerinin geri kazan\u0131m\u0131 i\u00e7in bir sistem i\u00e7erir.<br \/>\n9. \u00d6zelle\u015ftirilebilir: \u00d6zel ihtiya\u00e7lara uyacak \u015fekilde \u00f6zelle\u015ftirilebilir se\u00e7eneklerle \u00e7e\u015fitli \u00fcr\u00fcn boyutlar\u0131n\u0131 idare edebilir.<br \/>\n10. Kapsaml\u0131 Hizmet: 12 ayl\u0131k garanti, \u00f6m\u00fcr boyu bak\u0131m hizmetleri ve h\u0131zl\u0131 sat\u0131\u015f sonras\u0131 destek ile birlikte gelir.<\/p>","protected":false},"excerpt":{"rendered":"<p>MS-360CL Inline Sulu Temizleyici ile PCBA temizleme i\u015flemlerinizi geli\u015ftirin. Bu geli\u015fmi\u015f sistem, hat i\u00e7i, y\u00fcksek verimli tasar\u0131m\u0131yla benzersiz bir temizlik deneyimi sunarak elektronik \u00fcretim s\u00fcre\u00e7lerinde tutarl\u0131 kalite ve g\u00fcvenilirlik sa\u011flar.<\/p>","protected":false},"featured_media":21693,"comment_status":"open","ping_status":"closed","template":"","meta":{"iawp_total_views":44},"etheme_brands":[],"product_brand":[],"product_cat":[150],"product_tag":[],"class_list":{"0":"post-21881","1":"product","2":"type-product","3":"status-publish","4":"has-post-thumbnail","6":"product_cat-pcba-cleaning-machine","8":"first","9":"instock","10":"shipping-taxable","11":"product-type-simple"},"_links":{"self":[{"href":"https:\/\/v2smt.com\/tr\/wp-json\/wp\/v2\/product\/21881","targetHints":{"allow":["GET"]}}],"collection":[{"href":"https:\/\/v2smt.com\/tr\/wp-json\/wp\/v2\/product"}],"about":[{"href":"https:\/\/v2smt.com\/tr\/wp-json\/wp\/v2\/types\/product"}],"replies":[{"embeddable":true,"href":"https:\/\/v2smt.com\/tr\/wp-json\/wp\/v2\/comments?post=21881"}],"version-history":[{"count":0,"href":"https:\/\/v2smt.com\/tr\/wp-json\/wp\/v2\/product\/21881\/revisions"}],"wp:featuredmedia":[{"embeddable":true,"href":"https:\/\/v2smt.com\/tr\/wp-json\/wp\/v2\/media\/21693"}],"wp:attachment":[{"href":"https:\/\/v2smt.com\/tr\/wp-json\/wp\/v2\/media?parent=21881"}],"wp:term":[{"taxonomy":"brand","embeddable":true,"href":"https:\/\/v2smt.com\/tr\/wp-json\/wp\/v2\/etheme_brands?post=21881"},{"taxonomy":"product_brand","embeddable":true,"href":"https:\/\/v2smt.com\/tr\/wp-json\/wp\/v2\/product_brand?post=21881"},{"taxonomy":"product_cat","embeddable":true,"href":"https:\/\/v2smt.com\/tr\/wp-json\/wp\/v2\/product_cat?post=21881"},{"taxonomy":"product_tag","embeddable":true,"href":"https:\/\/v2smt.com\/tr\/wp-json\/wp\/v2\/product_tag?post=21881"}],"curies":[{"name":"wp","href":"https:\/\/api.w.org\/{rel}","templated":true}]}}