{"id":21879,"date":"2024-07-23T15:33:52","date_gmt":"2024-07-23T15:33:52","guid":{"rendered":"https:\/\/v2smt.com\/?post_type=product&#038;p=21879"},"modified":"2024-08-22T17:03:57","modified_gmt":"2024-08-22T17:03:57","slug":"ms-100c-offline-pcba-water-cleaning-machine","status":"publish","type":"product","link":"https:\/\/v2smt.com\/tr\/products\/ms-100c-offline-pcba-water-cleaning-machine\/","title":{"rendered":"MS-100C \u00c7evrimd\u0131\u015f\u0131 PCBA Su Temizleme Makinesi"},"content":{"rendered":"<p>Geli\u015fmi\u015f Temizleme Teknolojileri: Y\u00fcksek verimlilik i\u00e7in en yeni Amerikan TDC \u00e7evrimd\u0131\u015f\u0131 temizleme i\u015flemini entegre eder.<\/p>\n<p>\u0130nsanc\u0131lla\u015ft\u0131r\u0131lm\u0131\u015f Tasar\u0131m: Fanlar ve filtreler gibi bile\u015fenlerin kolay kurulumunu ve bak\u0131m\u0131n\u0131 sa\u011flar.<\/p>\n<p>Kapsaml\u0131 Temizlik Sistemi: \u00dcr\u00fcn y\u00fczeylerindeki hem organik hem de inorganik kal\u0131nt\u0131lar\u0131 derinlemesine temizler.<\/p>\n<p>Tam Otomatik S\u00fcre\u00e7: Kolayl\u0131k sa\u011flamak i\u00e7in tek bir hazne i\u00e7inde temizleme, durulama ve kurutma i\u015flemlerini i\u00e7erir.<\/p>\n<p>G\u00f6rselle\u015ftirme Pencereleri: LED ayd\u0131nlatma ile temizlik s\u00fcrecinin \u015feffaf bir \u015fekilde izlenmesini sa\u011flar.<\/p>\n<p>Bilimsel Nozul Tasar\u0131m\u0131: Temizlik verimlili\u011fini art\u0131r\u0131r ve artan da\u011f\u0131t\u0131m modeli ile k\u00f6r noktalar\u0131 ortadan kald\u0131r\u0131r.<\/p>\n<p>Ayarlanabilir Nozul Bas\u0131nc\u0131: Y\u00fcksek bas\u0131n\u00e7l\u0131 temizlik s\u0131ras\u0131nda k\u00fc\u00e7\u00fck boyutlu \u00fcr\u00fcnlerin zarar g\u00f6rme riskini azalt\u0131r.<\/p>\n<p>Seyreltme Tank\u0131 Is\u0131tma Sistemi: Temizleme performans\u0131n\u0131 art\u0131r\u0131r ve d\u00f6ng\u00fc s\u00fcrelerini azalt\u0131r.<\/p>\n<p>Geni\u015f Dokunmatik Ekran Aray\u00fcz\u00fc: Temizleme parametrelerini ayarlamak i\u00e7in kararl\u0131 ve kullan\u0131c\u0131 dostu bir \u00e7al\u0131\u015fma sunar.<\/p>\n<p>Y\u00fcksek Temizlik Standartlar\u0131: S\u0131k\u0131 IPC-610D ve MIL-28809 temizlik seviyeleri ile uyumludur.<\/p>","protected":false},"excerpt":{"rendered":"<p>MS-100C \u00c7evrimd\u0131\u015f\u0131 PCBA Su Temizleme Makinesi, elektronik \u00fcr\u00fcnlerin toplu temizli\u011fi i\u00e7in tasarlanm\u0131\u015f verimli ve uygun maliyetli bir \u00e7\u00f6z\u00fcmd\u00fcr. Suda \u00e7\u00f6z\u00fcnen kal\u0131nt\u0131lar, RMA, temizlenmeyen kur\u015funsuz flaks ve parmak izleri gibi \u00e7e\u015fitli kal\u0131nt\u0131lar\u0131 giderebilir. Amerikan TDC \u00e7evrimd\u0131\u015f\u0131 d\u00fc\u015f\u00fck bas\u0131n\u00e7l\u0131 ve y\u00fcksek ak\u0131\u015fl\u0131 temizleme i\u015flemi konseptini i\u00e7eren MS-100C, y\u00fcksek temizleme verimlili\u011fi ve d\u00fc\u015f\u00fck i\u015fletme maliyetleri sa\u011flayarak onu yerel temizleme makinesi pazar\u0131nda zorlu bir rakip haline getirir.<\/p>","protected":false},"featured_media":21908,"comment_status":"open","ping_status":"closed","template":"","meta":{"iawp_total_views":60},"etheme_brands":[],"product_brand":[],"product_cat":[150],"product_tag":[],"class_list":{"0":"post-21879","1":"product","2":"type-product","3":"status-publish","4":"has-post-thumbnail","6":"product_cat-pcba-cleaning-machine","8":"first","9":"instock","10":"shipping-taxable","11":"product-type-simple"},"_links":{"self":[{"href":"https:\/\/v2smt.com\/tr\/wp-json\/wp\/v2\/product\/21879","targetHints":{"allow":["GET"]}}],"collection":[{"href":"https:\/\/v2smt.com\/tr\/wp-json\/wp\/v2\/product"}],"about":[{"href":"https:\/\/v2smt.com\/tr\/wp-json\/wp\/v2\/types\/product"}],"replies":[{"embeddable":true,"href":"https:\/\/v2smt.com\/tr\/wp-json\/wp\/v2\/comments?post=21879"}],"version-history":[{"count":0,"href":"https:\/\/v2smt.com\/tr\/wp-json\/wp\/v2\/product\/21879\/revisions"}],"wp:featuredmedia":[{"embeddable":true,"href":"https:\/\/v2smt.com\/tr\/wp-json\/wp\/v2\/media\/21908"}],"wp:attachment":[{"href":"https:\/\/v2smt.com\/tr\/wp-json\/wp\/v2\/media?parent=21879"}],"wp:term":[{"taxonomy":"brand","embeddable":true,"href":"https:\/\/v2smt.com\/tr\/wp-json\/wp\/v2\/etheme_brands?post=21879"},{"taxonomy":"product_brand","embeddable":true,"href":"https:\/\/v2smt.com\/tr\/wp-json\/wp\/v2\/product_brand?post=21879"},{"taxonomy":"product_cat","embeddable":true,"href":"https:\/\/v2smt.com\/tr\/wp-json\/wp\/v2\/product_cat?post=21879"},{"taxonomy":"product_tag","embeddable":true,"href":"https:\/\/v2smt.com\/tr\/wp-json\/wp\/v2\/product_tag?post=21879"}],"curies":[{"name":"wp","href":"https:\/\/api.w.org\/{rel}","templated":true}]}}