{"id":21877,"date":"2024-07-23T15:33:51","date_gmt":"2024-07-23T15:33:51","guid":{"rendered":"https:\/\/v2smt.com\/?post_type=product&#038;p=21877"},"modified":"2024-08-22T17:03:56","modified_gmt":"2024-08-22T17:03:56","slug":"pbt-1000x-stencil-cleaning-machine","status":"publish","type":"product","link":"https:\/\/v2smt.com\/tr\/products\/pbt-1000x-stencil-cleaning-machine\/","title":{"rendered":"PBT-1000X \u015eablon Temizleme Makinesi"},"content":{"rendered":"<p>1. Otomatik Temizleme D\u00f6ng\u00fcs\u00fc: Y\u00fcksek bas\u0131n\u00e7l\u0131 \u0131s\u0131tmal\u0131 temizlik ile tam kapsama sa\u011flar.<br \/>\n2. Entegre S\u00fcre\u00e7: Temizleme, durulama ve kurutmay\u0131 sorunsuz bir \u015fekilde otomatikle\u015ftirir.<br \/>\n3. G\u00f6rsel \u0130zleme: Bir pencere ve LED ayd\u0131nlatma arac\u0131l\u0131\u011f\u0131yla net g\u00f6r\u00fc\u015f.<br \/>\n4. Patentli Nozul Tasar\u0131m\u0131: E\u015fit da\u011f\u0131l\u0131m i\u00e7in sekiz p\u00fcsk\u00fcrtme kolu, \u00f6l\u00fc b\u00f6lgeleri ortadan kald\u0131r\u0131r.<br \/>\n5. Ayarlanabilir Nozul Bas\u0131nc\u0131: Temizlik s\u0131ras\u0131nda k\u00fc\u00e7\u00fck a\u011f levhalar\u0131n zarar g\u00f6rmesini \u00f6nler.<br \/>\n6. G\u00fcvenlik \u00d6nlemleri: Geli\u015fmi\u015f g\u00fcvenlik ve verimlilik i\u00e7in fotoelektrik sens\u00f6rler ve \u0131s\u0131tma sistemleri.<br \/>\n7. Kapsaml\u0131 Temizlik: THT PCBA kaynak sonras\u0131 y\u00fczeylerindeki \u00e7e\u015fitli kirleticileri etkili bir \u015fekilde temizler.<\/p>","protected":false},"excerpt":{"rendered":"<p>PBT-1000X \u015eablon Temizleme Makinesi, SMT end\u00fcstrisinde \u015fablonlar\u0131n temizlenmesini kolayla\u015ft\u0131rmak i\u00e7in tasarlanm\u0131\u015f son teknoloji bir \u00e7\u00f6z\u00fcmd\u00fcr. Bu tam otomatik sistem verimlilik, g\u00fcvenlik ve hassasiyeti bir araya getirerek her seferinde kusursuz temizlik sa\u011flar.<\/p>","protected":false},"featured_media":21702,"comment_status":"open","ping_status":"closed","template":"","meta":{"iawp_total_views":114},"etheme_brands":[],"product_brand":[],"product_cat":[150],"product_tag":[],"class_list":{"0":"post-21877","1":"product","2":"type-product","3":"status-publish","4":"has-post-thumbnail","6":"product_cat-pcba-cleaning-machine","8":"first","9":"instock","10":"shipping-taxable","11":"product-type-simple"},"_links":{"self":[{"href":"https:\/\/v2smt.com\/tr\/wp-json\/wp\/v2\/product\/21877","targetHints":{"allow":["GET"]}}],"collection":[{"href":"https:\/\/v2smt.com\/tr\/wp-json\/wp\/v2\/product"}],"about":[{"href":"https:\/\/v2smt.com\/tr\/wp-json\/wp\/v2\/types\/product"}],"replies":[{"embeddable":true,"href":"https:\/\/v2smt.com\/tr\/wp-json\/wp\/v2\/comments?post=21877"}],"version-history":[{"count":0,"href":"https:\/\/v2smt.com\/tr\/wp-json\/wp\/v2\/product\/21877\/revisions"}],"wp:featuredmedia":[{"embeddable":true,"href":"https:\/\/v2smt.com\/tr\/wp-json\/wp\/v2\/media\/21702"}],"wp:attachment":[{"href":"https:\/\/v2smt.com\/tr\/wp-json\/wp\/v2\/media?parent=21877"}],"wp:term":[{"taxonomy":"brand","embeddable":true,"href":"https:\/\/v2smt.com\/tr\/wp-json\/wp\/v2\/etheme_brands?post=21877"},{"taxonomy":"product_brand","embeddable":true,"href":"https:\/\/v2smt.com\/tr\/wp-json\/wp\/v2\/product_brand?post=21877"},{"taxonomy":"product_cat","embeddable":true,"href":"https:\/\/v2smt.com\/tr\/wp-json\/wp\/v2\/product_cat?post=21877"},{"taxonomy":"product_tag","embeddable":true,"href":"https:\/\/v2smt.com\/tr\/wp-json\/wp\/v2\/product_tag?post=21877"}],"curies":[{"name":"wp","href":"https:\/\/api.w.org\/{rel}","templated":true}]}}