{"id":21869,"date":"2024-07-23T15:33:51","date_gmt":"2024-07-23T15:33:51","guid":{"rendered":"https:\/\/v2smt.com\/?post_type=product&#038;p=21869"},"modified":"2024-08-22T17:03:56","modified_gmt":"2024-08-22T17:03:56","slug":"magazine-loader","status":"publish","type":"product","link":"https:\/\/v2smt.com\/tr\/products\/magazine-loader\/","title":{"rendered":"\u015earj\u00f6r Y\u00fckleyici"},"content":{"rendered":"<p>1. \u00c7ok Fonksiyonlu \u00c7al\u0131\u015fma: Sinyal al\u0131nd\u0131ktan sonra PCB'leri otomatik olarak tek tek g\u00f6nderir veya al\u0131r, SMT s\u00fcrecini kolayla\u015ft\u0131r\u0131r.<br \/>\n2. Ayarlanabilir Kald\u0131rma Sistemi: \u00c7ok y\u00f6nl\u00fc PCB kal\u0131nl\u0131klar\u0131 i\u00e7in \u00f6zelle\u015ftirilebilir kald\u0131rma aral\u0131klar\u0131 sunan bir bilyal\u0131 vidal\u0131 kald\u0131rma ile donat\u0131lm\u0131\u015ft\u0131r.<br \/>\n3. Y\u00fcksek Kaliteli Bile\u015fenler: G\u00fcvenilir kontrol ve \u00e7al\u0131\u015fma i\u00e7in Omron PLC ve Panasonic sens\u00f6rlere sahiptir.<br \/>\n4. Kullan\u0131c\u0131 Dostu Aray\u00fcz: Kolay kurulum ve ayarlamalar i\u00e7in bir Weinview dokunmatik ekran i\u00e7erir.<br \/>\n5. Dayan\u0131kl\u0131 Yap\u0131: 3,0 mm metal sac \u00e7er\u00e7eve ile \u00fcretilmi\u015ftir ve uzun \u00f6m\u00fcrl\u00fc performans i\u00e7in PC rengiyle kaplanm\u0131\u015ft\u0131r.<\/p>","protected":false},"excerpt":{"rendered":"<p>Magazin Bo\u015falt\u0131c\u0131, SMT hatt\u0131n\u0131z\u0131n verimlili\u011fini art\u0131rmak i\u00e7in tasarlanm\u0131\u015ft\u0131r. Bu sa\u011flam makineler, y\u00fcksek verimli \u00fcretim ortamlar\u0131 i\u00e7in \u00f6zel olarak tasarlanm\u0131\u015f sorunsuz PCB kullan\u0131m\u0131 ve hassas \u00e7al\u0131\u015fma sa\u011flar.<\/p>","protected":false},"featured_media":21690,"comment_status":"open","ping_status":"closed","template":"","meta":{"iawp_total_views":70},"etheme_brands":[],"product_brand":[],"product_cat":[143,144],"product_tag":[],"class_list":{"0":"post-21869","1":"product","2":"type-product","3":"status-publish","4":"has-post-thumbnail","6":"product_cat-pcb-handling-equipment","7":"product_cat-pcb-magazine-loader","9":"first","10":"instock","11":"shipping-taxable","12":"product-type-simple"},"_links":{"self":[{"href":"https:\/\/v2smt.com\/tr\/wp-json\/wp\/v2\/product\/21869","targetHints":{"allow":["GET"]}}],"collection":[{"href":"https:\/\/v2smt.com\/tr\/wp-json\/wp\/v2\/product"}],"about":[{"href":"https:\/\/v2smt.com\/tr\/wp-json\/wp\/v2\/types\/product"}],"replies":[{"embeddable":true,"href":"https:\/\/v2smt.com\/tr\/wp-json\/wp\/v2\/comments?post=21869"}],"version-history":[{"count":0,"href":"https:\/\/v2smt.com\/tr\/wp-json\/wp\/v2\/product\/21869\/revisions"}],"wp:featuredmedia":[{"embeddable":true,"href":"https:\/\/v2smt.com\/tr\/wp-json\/wp\/v2\/media\/21690"}],"wp:attachment":[{"href":"https:\/\/v2smt.com\/tr\/wp-json\/wp\/v2\/media?parent=21869"}],"wp:term":[{"taxonomy":"brand","embeddable":true,"href":"https:\/\/v2smt.com\/tr\/wp-json\/wp\/v2\/etheme_brands?post=21869"},{"taxonomy":"product_brand","embeddable":true,"href":"https:\/\/v2smt.com\/tr\/wp-json\/wp\/v2\/product_brand?post=21869"},{"taxonomy":"product_cat","embeddable":true,"href":"https:\/\/v2smt.com\/tr\/wp-json\/wp\/v2\/product_cat?post=21869"},{"taxonomy":"product_tag","embeddable":true,"href":"https:\/\/v2smt.com\/tr\/wp-json\/wp\/v2\/product_tag?post=21869"}],"curies":[{"name":"wp","href":"https:\/\/api.w.org\/{rel}","templated":true}]}}