{"id":21863,"date":"2024-07-23T15:33:51","date_gmt":"2024-07-23T15:33:51","guid":{"rendered":"https:\/\/v2smt.com\/?post_type=product&#038;p=21863"},"modified":"2024-08-22T17:03:56","modified_gmt":"2024-08-22T17:03:56","slug":"pcb-router-machine-j-500","status":"publish","type":"product","link":"https:\/\/v2smt.com\/tr\/products\/pcb-router-machine-j-500\/","title":{"rendered":"PCB Router Makinesi J-500"},"content":{"rendered":"<p>1. Ta\u015flama S\u0131n\u0131f\u0131 Bilyal\u0131 Vida: D\u00fczg\u00fcn hareket i\u00e7in C5 s\u0131n\u0131f\u0131.<br \/>\n2. HIWIN Sessiz K\u0131lavuz Ray: Sessiz ve hassas do\u011frusal hareket sa\u011flar.<br \/>\n3. Panasonic A6 Servo Motor: Y\u00fcksek performansl\u0131 Japon motorlar\u0131.<br \/>\n4. Fotoelektrik Sens\u00f6r: G\u00fcvenilir alg\u0131lama i\u00e7in JAI JUEN.<br \/>\n5. Y\u00fcksek H\u0131zl\u0131 Eksenler: H\u0131zl\u0131 kesim i\u00e7in 1000 mm\/s'de X, Y; 800 mm\/s'de Z.<br \/>\n6. CCD Destekli Programlama: Gerber i\u00e7e aktar\u0131m\u0131 ile g\u00f6rsel programlama.<br \/>\n7. D\u00f6rt Eksenli Hareket Kontrol\u00fc: Karma\u015f\u0131k kesimler i\u00e7in enterpolasyon.<br \/>\n8. Windows 10 \u0130\u015fletim Sistemi: Tan\u0131d\u0131k ve geli\u015fmi\u015f aray\u00fcz.<br \/>\n9. Hikvision CCD Kamera: Do\u011fruluk i\u00e7in y\u00fcksek \u00e7\u00f6z\u00fcn\u00fcrl\u00fckl\u00fc g\u00f6r\u00fcnt\u00fcleme.<br \/>\n10. 5HP Subwoofer Elektrikli S\u00fcp\u00fcrge: Verimli toz toplama.<br \/>\n11. Elektrostatik \u0130yon Hava Tabancas\u0131: \u00d6nceden kesilmi\u015f tozun giderilmesi i\u00e7in.<br \/>\n12. B\u00f6lme Mili + Frekans D\u00f6n\u00fc\u015ft\u00fcr\u00fcc\u00fc: \u00c7ok y\u00f6nl\u00fc kesme se\u00e7enekleri.<br \/>\n13. Omron Manyetik Kap\u0131 Sens\u00f6r\u00fc: Japon yap\u0131m\u0131 g\u00fcvenlik \u00f6zelli\u011fi.<br \/>\n14. Acil Durdurma Anahtar\u0131: H\u0131zl\u0131 tepki g\u00fcvenli\u011fi.<br \/>\n15. MES Deste\u011fi: \u00dcretim y\u00fcr\u00fctme sistemleri ile entegre olur.<\/p>","protected":false},"excerpt":{"rendered":"<p>PCB Router Makinesi J500, hassas PCB ay\u0131rma i\u00e7in tasarlanm\u0131\u015f sofistike bir kesme \u00e7\u00f6z\u00fcm\u00fcd\u00fcr. Ola\u011fan\u00fcst\u00fc do\u011fruluk ve verimlilik sa\u011flamak i\u00e7in son teknoloji hareket kontrol\u00fcn\u00fc y\u00fcksek kaliteli bile\u015fenlerle entegre eder. Bu makine, y\u00fcksek hassasiyetli PCB \u00fcretiminin taleplerini kar\u015f\u0131layan ola\u011fan\u00fcst\u00fc kesme performans\u0131 sa\u011flayan geli\u015fmi\u015f \u00f6zelliklerle donat\u0131lm\u0131\u015ft\u0131r.<\/p>","protected":false},"featured_media":21703,"comment_status":"open","ping_status":"closed","template":"","meta":{"iawp_total_views":97},"etheme_brands":[],"product_brand":[],"product_cat":[160],"product_tag":[],"class_list":{"0":"post-21863","1":"product","2":"type-product","3":"status-publish","4":"has-post-thumbnail","6":"product_cat-pcb-router-machine","8":"first","9":"instock","10":"shipping-taxable","11":"product-type-simple"},"_links":{"self":[{"href":"https:\/\/v2smt.com\/tr\/wp-json\/wp\/v2\/product\/21863","targetHints":{"allow":["GET"]}}],"collection":[{"href":"https:\/\/v2smt.com\/tr\/wp-json\/wp\/v2\/product"}],"about":[{"href":"https:\/\/v2smt.com\/tr\/wp-json\/wp\/v2\/types\/product"}],"replies":[{"embeddable":true,"href":"https:\/\/v2smt.com\/tr\/wp-json\/wp\/v2\/comments?post=21863"}],"version-history":[{"count":0,"href":"https:\/\/v2smt.com\/tr\/wp-json\/wp\/v2\/product\/21863\/revisions"}],"wp:featuredmedia":[{"embeddable":true,"href":"https:\/\/v2smt.com\/tr\/wp-json\/wp\/v2\/media\/21703"}],"wp:attachment":[{"href":"https:\/\/v2smt.com\/tr\/wp-json\/wp\/v2\/media?parent=21863"}],"wp:term":[{"taxonomy":"brand","embeddable":true,"href":"https:\/\/v2smt.com\/tr\/wp-json\/wp\/v2\/etheme_brands?post=21863"},{"taxonomy":"product_brand","embeddable":true,"href":"https:\/\/v2smt.com\/tr\/wp-json\/wp\/v2\/product_brand?post=21863"},{"taxonomy":"product_cat","embeddable":true,"href":"https:\/\/v2smt.com\/tr\/wp-json\/wp\/v2\/product_cat?post=21863"},{"taxonomy":"product_tag","embeddable":true,"href":"https:\/\/v2smt.com\/tr\/wp-json\/wp\/v2\/product_tag?post=21863"}],"curies":[{"name":"wp","href":"https:\/\/api.w.org\/{rel}","templated":true}]}}