{"id":21861,"date":"2024-07-23T15:33:50","date_gmt":"2024-07-23T15:33:50","guid":{"rendered":"https:\/\/v2smt.com\/?post_type=product&#038;p=21861"},"modified":"2024-08-22T17:03:56","modified_gmt":"2024-08-22T17:03:56","slug":"q-600l-high-speed-dispenser-machine","status":"publish","type":"product","link":"https:\/\/v2smt.com\/tr\/products\/q-600l-high-speed-dispenser-machine\/","title":{"rendered":"Q-600L Y\u00fcksek H\u0131zl\u0131 Dispenser Makinesi"},"content":{"rendered":"<p>Ana \u00d6zellikler:<br \/>\n1. Bilgisayar Kontrol\u00fc: Makine, kullan\u0131c\u0131 dostu bir aray\u00fcz ve verimli \u00e7al\u0131\u015fma sa\u011flayan Windows 10 i\u015fletim sistemine sahip bilgisayar kontroll\u00fc bir sistem kullan\u0131r.<br \/>\n2. Y\u00fcksek Hassasiyet: Hassas da\u011f\u0131t\u0131m sonu\u00e7lar\u0131 sa\u011flayan y\u00fcksek d\u00fczeyde konumland\u0131rma do\u011frulu\u011fu ve tekrar konumland\u0131rma do\u011frulu\u011funa sahiptir.<br \/>\n3. Geli\u015fmi\u015f Tahrik Sistemi: Servo motor ve vidal\u0131 mil tahriki ile donat\u0131lm\u0131\u015f olan makine, h\u0131zl\u0131 ve do\u011fru hareketler elde eder.<br \/>\n4. Valfler: Farkl\u0131 malzeme ve uygulamalar\u0131 i\u015flemek i\u00e7in pn\u00f6matik, piezoelektrik ve vidal\u0131 valfler dahil olmak \u00fczere \u00e7e\u015fitli valf t\u00fcrleriyle donat\u0131labilir.<br \/>\n5. Otomatik S\u0131cakl\u0131k Kontrol\u00fc: Vana g\u00f6vdesi, tutarl\u0131 malzeme ak\u0131\u015f\u0131n\u0131 korumak i\u00e7in otomatik bir sabit s\u0131cakl\u0131k sistemine sahiptir.<br \/>\n6. G\u00f6rsel Programlama: Kolay kurulum ve \u00e7al\u0131\u015ft\u0131rma i\u00e7in \u00e7evrimi\u00e7i g\u00f6rsel programlama sunar.<br \/>\n7. Opsiyonel Konfig\u00fcrasyonlar: Geli\u015fmi\u015f performans ve \u00e7e\u015fitli \u00fcretim ihtiya\u00e7lar\u0131na uyarlanabilirlik i\u00e7in lazer y\u00fckseklik alg\u0131lama, ESD anti-statik koruma ve hassas a\u011f\u0131rl\u0131k \u00f6l\u00e7\u00fcm sistemi gibi iste\u011fe ba\u011fl\u0131 \u00f6zellikler i\u00e7erir.<\/p>","protected":false},"excerpt":{"rendered":"<p>DESEN PRECISION Q600L, SMT alt dolum, bile\u015fen paketleme, lehim pastas\u0131 uygulamas\u0131 ve yar\u0131 iletken paketleme gibi uygulamalar i\u00e7in tasarlanm\u0131\u015f \u00e7ok i\u015flevli, y\u00fcksek h\u0131zl\u0131 bir da\u011f\u0131t\u0131m makinesidir. Bilgisayar kontroll\u00fc bir sistem, Windows 10 i\u015fletim sistemi ve hassas ve tutarl\u0131 da\u011f\u0131t\u0131m sa\u011flamak i\u00e7in CCD g\u00f6rsel konumland\u0131rma sistemi, servo motor s\u00fcr\u00fcc\u00fcs\u00fc ve valf g\u00f6vdesi otomatik sabit s\u0131cakl\u0131k sistemi gibi geli\u015fmi\u015f \u00f6zelliklerle donat\u0131lm\u0131\u015ft\u0131r. Makine ayr\u0131ca lazer y\u00fckseklik alg\u0131lama ve ESD anti-statik koruma gibi iste\u011fe ba\u011fl\u0131 yap\u0131land\u0131rmalar sunarak \u00e7e\u015fitli \u00fcretim ihtiya\u00e7lar\u0131 i\u00e7in \u00e7ok y\u00f6nl\u00fc bir ara\u00e7 haline gelir.<\/p>","protected":false},"featured_media":21706,"comment_status":"open","ping_status":"closed","template":"","meta":{"iawp_total_views":137},"etheme_brands":[],"product_brand":[],"product_cat":[147],"product_tag":[],"class_list":{"0":"post-21861","1":"product","2":"type-product","3":"status-publish","4":"has-post-thumbnail","6":"product_cat-automatic-dispensing-machine","8":"first","9":"instock","10":"shipping-taxable","11":"product-type-simple"},"_links":{"self":[{"href":"https:\/\/v2smt.com\/tr\/wp-json\/wp\/v2\/product\/21861","targetHints":{"allow":["GET"]}}],"collection":[{"href":"https:\/\/v2smt.com\/tr\/wp-json\/wp\/v2\/product"}],"about":[{"href":"https:\/\/v2smt.com\/tr\/wp-json\/wp\/v2\/types\/product"}],"replies":[{"embeddable":true,"href":"https:\/\/v2smt.com\/tr\/wp-json\/wp\/v2\/comments?post=21861"}],"version-history":[{"count":0,"href":"https:\/\/v2smt.com\/tr\/wp-json\/wp\/v2\/product\/21861\/revisions"}],"wp:featuredmedia":[{"embeddable":true,"href":"https:\/\/v2smt.com\/tr\/wp-json\/wp\/v2\/media\/21706"}],"wp:attachment":[{"href":"https:\/\/v2smt.com\/tr\/wp-json\/wp\/v2\/media?parent=21861"}],"wp:term":[{"taxonomy":"brand","embeddable":true,"href":"https:\/\/v2smt.com\/tr\/wp-json\/wp\/v2\/etheme_brands?post=21861"},{"taxonomy":"product_brand","embeddable":true,"href":"https:\/\/v2smt.com\/tr\/wp-json\/wp\/v2\/product_brand?post=21861"},{"taxonomy":"product_cat","embeddable":true,"href":"https:\/\/v2smt.com\/tr\/wp-json\/wp\/v2\/product_cat?post=21861"},{"taxonomy":"product_tag","embeddable":true,"href":"https:\/\/v2smt.com\/tr\/wp-json\/wp\/v2\/product_tag?post=21861"}],"curies":[{"name":"wp","href":"https:\/\/api.w.org\/{rel}","templated":true}]}}