{"id":21859,"date":"2024-07-23T15:33:50","date_gmt":"2024-07-23T15:33:50","guid":{"rendered":"https:\/\/v2smt.com\/?post_type=product&#038;p=21859"},"modified":"2024-08-22T17:03:56","modified_gmt":"2024-08-22T17:03:56","slug":"q-600d-high-speed-dispenser-machine","status":"publish","type":"product","link":"https:\/\/v2smt.com\/tr\/products\/q-600d-high-speed-dispenser-machine\/","title":{"rendered":"Q-600D Y\u00fcksek H\u0131zl\u0131 Dispenser Makinesi"},"content":{"rendered":"<p>Ana \u00d6zellikler:<br \/>\n1. Sezgisel kullan\u0131m i\u00e7in Windows i\u015fletim sistemli Bilgisayar Kontrol\u00fc.<br \/>\n2. Hassas hareket ve konumland\u0131rma i\u00e7in Servo Motorlar ve Bilyal\u0131 Vidalar.<br \/>\n3. Do\u011fru da\u011f\u0131t\u0131m i\u00e7in CCD G\u00f6rsel Konumland\u0131rma Sistemi.<br \/>\n4. Da\u011f\u0131t\u0131m do\u011frulu\u011funu korumak i\u00e7in Otomatik Kalibrasyon.<br \/>\n5. \u00c7e\u015fitli da\u011f\u0131t\u0131m ihtiya\u00e7lar\u0131 i\u00e7in Pn\u00f6matik P\u00fcsk\u00fcrtme Valfleri, Piezoelektrik Valfler ve Vidal\u0131 Valfler.<br \/>\n6. Tutarl\u0131 yap\u0131\u015ft\u0131r\u0131c\u0131 ak\u0131\u015f\u0131 i\u00e7in Valf G\u00f6vdesi Is\u0131tma Sistemi.<br \/>\n7. \u00c7evrimi\u00e7i G\u00f6rsel Programlama ve \u00c7evrimd\u0131\u015f\u0131 Programlama se\u00e7enekleri.<br \/>\n8. Otomatik Z ekseni ayar\u0131 i\u00e7in opsiyonel Lazer Y\u00fckseklik \u00d6l\u00e7\u00fcm Sistemi.<br \/>\n9. Geli\u015fmi\u015f yap\u0131\u015ft\u0131r\u0131c\u0131 ak\u0131\u015fkanl\u0131\u011f\u0131 i\u00e7in \u00d6n Is\u0131tma ve Alt Is\u0131tma Mod\u00fclleri.<br \/>\n10. Do\u011fru da\u011f\u0131t\u0131m kontrol\u00fc i\u00e7in Hassas Tart\u0131m Sistemi.<br \/>\n11. Daha y\u00fcksek giri\u015f hava bas\u0131nc\u0131 i\u00e7in Y\u00fcksek Bas\u0131n\u00e7 Sistemi.<br \/>\n12. CE sertifikas\u0131 da dahil olmak \u00fczere G\u00fcvenlik Standartlar\u0131na Uygunluk.<br \/>\n13. Ba\u011flant\u0131 ve veri al\u0131\u015fveri\u015fi i\u00e7in \u0130leti\u015fim Aray\u00fczleri.<br \/>\n14. Verimli par\u00e7a ta\u015f\u0131ma i\u00e7in Y\u00fcksek S\u0131cakl\u0131k Konvey\u00f6r Bant Sistemi.<br \/>\n15. Operasyonel izleme ve kontrol i\u00e7in Ar\u0131za Alarm\u0131 ve Men\u00fc Ekran\u0131.<\/p>\n<p>&nbsp;<\/p>","protected":false},"excerpt":{"rendered":"<p>DESEN Precision Q600D, elektronik end\u00fcstrisindeki hassas uygulamalar i\u00e7in tasarlanm\u0131\u015f y\u00fcksek h\u0131zl\u0131 bir da\u011f\u0131t\u0131m makinesidir. Sa\u011flam bir yap\u0131ya sahiptir ve Windows i\u015fletimine sahip bilgisayar kontroll\u00fc bir sistem, do\u011fru hizalama i\u00e7in bir CCD g\u00f6rsel konumland\u0131rma sistemi ve hassas hareket i\u00e7in servo motorlar gibi geli\u015fmi\u015f \u00f6zelliklerle donat\u0131lm\u0131\u015ft\u0131r. Makine bir dizi da\u011f\u0131t\u0131m kabiliyeti sunar ve farkl\u0131 tipte valf ve yap\u0131\u015ft\u0131r\u0131c\u0131larla \u00e7al\u0131\u015fabilir.<\/p>","protected":false},"featured_media":21706,"comment_status":"open","ping_status":"closed","template":"","meta":{"iawp_total_views":87},"etheme_brands":[],"product_brand":[],"product_cat":[147],"product_tag":[],"class_list":{"0":"post-21859","1":"product","2":"type-product","3":"status-publish","4":"has-post-thumbnail","6":"product_cat-automatic-dispensing-machine","8":"first","9":"instock","10":"shipping-taxable","11":"product-type-simple"},"_links":{"self":[{"href":"https:\/\/v2smt.com\/tr\/wp-json\/wp\/v2\/product\/21859","targetHints":{"allow":["GET"]}}],"collection":[{"href":"https:\/\/v2smt.com\/tr\/wp-json\/wp\/v2\/product"}],"about":[{"href":"https:\/\/v2smt.com\/tr\/wp-json\/wp\/v2\/types\/product"}],"replies":[{"embeddable":true,"href":"https:\/\/v2smt.com\/tr\/wp-json\/wp\/v2\/comments?post=21859"}],"version-history":[{"count":0,"href":"https:\/\/v2smt.com\/tr\/wp-json\/wp\/v2\/product\/21859\/revisions"}],"wp:featuredmedia":[{"embeddable":true,"href":"https:\/\/v2smt.com\/tr\/wp-json\/wp\/v2\/media\/21706"}],"wp:attachment":[{"href":"https:\/\/v2smt.com\/tr\/wp-json\/wp\/v2\/media?parent=21859"}],"wp:term":[{"taxonomy":"brand","embeddable":true,"href":"https:\/\/v2smt.com\/tr\/wp-json\/wp\/v2\/etheme_brands?post=21859"},{"taxonomy":"product_brand","embeddable":true,"href":"https:\/\/v2smt.com\/tr\/wp-json\/wp\/v2\/product_brand?post=21859"},{"taxonomy":"product_cat","embeddable":true,"href":"https:\/\/v2smt.com\/tr\/wp-json\/wp\/v2\/product_cat?post=21859"},{"taxonomy":"product_tag","embeddable":true,"href":"https:\/\/v2smt.com\/tr\/wp-json\/wp\/v2\/product_tag?post=21859"}],"curies":[{"name":"wp","href":"https:\/\/api.w.org\/{rel}","templated":true}]}}