{"id":21857,"date":"2024-07-23T15:33:50","date_gmt":"2024-07-23T15:33:50","guid":{"rendered":"https:\/\/v2smt.com\/?post_type=product&#038;p=21857"},"modified":"2024-08-22T17:03:56","modified_gmt":"2024-08-22T17:03:56","slug":"q-600-high-speed-dispenser","status":"publish","type":"product","link":"https:\/\/v2smt.com\/tr\/products\/q-600-high-speed-dispenser\/","title":{"rendered":"Q-600 Y\u00fcksek H\u0131zl\u0131 Dispenser Makinesi"},"content":{"rendered":"<p>1. Y\u00fcksek h\u0131zl\u0131, y\u00fcksek hassasiyetli da\u011f\u0131t\u0131m \u00f6zellikleri.<br \/>\n2. 500 megapiksel y\u00fcksek \u00e7\u00f6z\u00fcn\u00fcrl\u00fckl\u00fc kamera ve kontur tan\u0131ma \u00f6zellikli geli\u015fmi\u015f g\u00f6r\u00fc\u015f sistemi.<br \/>\n3. Kapsaml\u0131 s\u00fcre\u00e7 kontrol\u00fc ve istatistiksel analiz ile kullan\u0131c\u0131 dostu yaz\u0131l\u0131m.<br \/>\n4. Verimli \u00e7al\u0131\u015fma i\u00e7in servo tahrikli konumland\u0131rma sistemi ve kademeli konvey\u00f6r.<br \/>\n5. Lazer y\u00fckseklik \u00f6l\u00e7\u00fcm\u00fc, alttan \u0131s\u0131tma ve otomatik a\u011f\u0131rl\u0131k kalibrasyonu i\u00e7in iste\u011fe ba\u011fl\u0131 konfig\u00fcrasyonlar.<br \/>\n6. Y\u00fcksek kaliteli \u00c7ince aray\u00fcz ve men\u00fc.<br \/>\n7. 3D dinamik y\u00f6r\u00fcnge dahil olmak \u00fczere da\u011f\u0131t\u0131m komutlar\u0131n\u0131n hassas kontrol\u00fc.<br \/>\n8. Basitle\u015ftirilmi\u015f kalibrasyon ad\u0131mlar\u0131 ve m\u00fckemmel s\u0131v\u0131 a\u011f\u0131rl\u0131\u011f\u0131 kontrol teknolojisi.<br \/>\n9. Kolay programlama ve proses kontrol\u00fc i\u00e7in pratik programlama aray\u00fcz\u00fc.<br \/>\n10. Ekipman durumunun uzaktan ak\u0131ll\u0131 y\u00f6netimi.<\/p>","protected":false},"excerpt":{"rendered":"<p>Q-600, elektronik end\u00fcstrisindeki hassas uygulamalar i\u00e7in tasarlanm\u0131\u015f y\u00fcksek performansl\u0131, g\u00fcvenilir ve verimli bir da\u011f\u0131t\u0131m \u00e7\u00f6z\u00fcm\u00fcd\u00fcr. Geli\u015fmi\u015f \u00f6zellikleri ve kabiliyetleri onu y\u00fcksek kaliteli, y\u00fcksek hassasiyetli da\u011f\u0131t\u0131m ekipman\u0131na ihtiya\u00e7 duyan \u00fcreticiler i\u00e7in de\u011ferli bir ara\u00e7 haline getirmektedir.<\/p>","protected":false},"featured_media":21706,"comment_status":"open","ping_status":"closed","template":"","meta":{"iawp_total_views":129},"etheme_brands":[],"product_brand":[],"product_cat":[147],"product_tag":[],"class_list":{"0":"post-21857","1":"product","2":"type-product","3":"status-publish","4":"has-post-thumbnail","6":"product_cat-automatic-dispensing-machine","8":"first","9":"instock","10":"shipping-taxable","11":"product-type-simple"},"_links":{"self":[{"href":"https:\/\/v2smt.com\/tr\/wp-json\/wp\/v2\/product\/21857","targetHints":{"allow":["GET"]}}],"collection":[{"href":"https:\/\/v2smt.com\/tr\/wp-json\/wp\/v2\/product"}],"about":[{"href":"https:\/\/v2smt.com\/tr\/wp-json\/wp\/v2\/types\/product"}],"replies":[{"embeddable":true,"href":"https:\/\/v2smt.com\/tr\/wp-json\/wp\/v2\/comments?post=21857"}],"version-history":[{"count":0,"href":"https:\/\/v2smt.com\/tr\/wp-json\/wp\/v2\/product\/21857\/revisions"}],"wp:featuredmedia":[{"embeddable":true,"href":"https:\/\/v2smt.com\/tr\/wp-json\/wp\/v2\/media\/21706"}],"wp:attachment":[{"href":"https:\/\/v2smt.com\/tr\/wp-json\/wp\/v2\/media?parent=21857"}],"wp:term":[{"taxonomy":"brand","embeddable":true,"href":"https:\/\/v2smt.com\/tr\/wp-json\/wp\/v2\/etheme_brands?post=21857"},{"taxonomy":"product_brand","embeddable":true,"href":"https:\/\/v2smt.com\/tr\/wp-json\/wp\/v2\/product_brand?post=21857"},{"taxonomy":"product_cat","embeddable":true,"href":"https:\/\/v2smt.com\/tr\/wp-json\/wp\/v2\/product_cat?post=21857"},{"taxonomy":"product_tag","embeddable":true,"href":"https:\/\/v2smt.com\/tr\/wp-json\/wp\/v2\/product_tag?post=21857"}],"curies":[{"name":"wp","href":"https:\/\/api.w.org\/{rel}","templated":true}]}}