{"id":21855,"date":"2024-07-23T15:33:49","date_gmt":"2024-07-23T15:33:49","guid":{"rendered":"https:\/\/v2smt.com\/?post_type=product&#038;p=21855"},"modified":"2024-08-22T17:03:56","modified_gmt":"2024-08-22T17:03:56","slug":"tabletop-visual-dispensing-machine-400s","status":"publish","type":"product","link":"https:\/\/v2smt.com\/tr\/products\/tabletop-visual-dispensing-machine-400s\/","title":{"rendered":"Masa\u00fcst\u00fc G\u00f6rsel Da\u011f\u0131t\u0131m Makinesi 400S"},"content":{"rendered":"<p>Ak\u0131\u015fkan Tutkallar i\u00e7in uygundur: UV, AB tutkal, COB ve daha fazlas\u0131 ile uyumludur.<\/p>\n<p>Y\u00fcksek XY Eksen H\u0131z\u0131: H\u0131zl\u0131 i\u015fleme i\u00e7in maksimum 500 mm\/sn.<\/p>\n<p>Servo Motor S\u00fcr\u00fcc\u00fcs\u00fc: D\u00fczg\u00fcn ve hassas hareket sa\u011flar.<\/p>\n<p>Y\u00fcksek \u00c7\u00f6z\u00fcn\u00fcrl\u00fckl\u00fc Kamera: Do\u011fru g\u00f6rsel geri bildirim i\u00e7in Alman yap\u0131m\u0131.<\/p>\n<p>LED I\u015f\u0131k Kayna\u011f\u0131: Optimum g\u00f6r\u00fcn\u00fcrl\u00fck i\u00e7in K\u0131rm\u0131z\u0131\/Mavi\/Beyaz.<\/p>\n<p>Maksimum Da\u011f\u0131t\u0131m Alan\u0131: Geni\u015f kapsama alan\u0131 i\u00e7in X400*Y400mm.<\/p>\n<p>CAD \u0130\u00e7e Aktarma Fonksiyonu: Kolay tasar\u0131m entegrasyonu i\u00e7in DXF dosyalar\u0131n\u0131 destekler.<\/p>\n<p>G\u00fc\u00e7l\u00fc Servo Motor: Zorlu g\u00f6revler i\u00e7in y\u00fcksek tork.<\/p>\n<p>Platform Y\u00fck Kapasitesi: A\u011f\u0131r bile\u015fenleri ta\u015f\u0131mak i\u00e7in maksimum 15Kg.<\/p>\n<p>Kompakt Makine Boyutlar\u0131: Alan verimlili\u011fi i\u00e7in L590W628H680mm.<\/p>","protected":false},"excerpt":{"rendered":"<p>400S, \u00e7ok \u00e7e\u015fitli yap\u0131\u015ft\u0131r\u0131c\u0131lar i\u00e7in tasarlanm\u0131\u015f kompakt, y\u00fcksek hassasiyetli bir masa \u00fcst\u00fc g\u00f6rsel da\u011f\u0131t\u0131m makinesidir. Karma\u015f\u0131k ve ayr\u0131nt\u0131l\u0131 da\u011f\u0131t\u0131m desenleri gerektiren uygulamalar i\u00e7in h\u0131z, do\u011fruluk ve g\u00f6rsel rehberli\u011fi bir araya getirir.<\/p>","protected":false},"featured_media":21714,"comment_status":"open","ping_status":"closed","template":"","meta":{"iawp_total_views":73},"etheme_brands":[],"product_brand":[],"product_cat":[147,148],"product_tag":[],"class_list":{"0":"post-21855","1":"product","2":"type-product","3":"status-publish","4":"has-post-thumbnail","6":"product_cat-automatic-dispensing-machine","7":"product_cat-glue-dispenser","9":"first","10":"instock","11":"shipping-taxable","12":"product-type-simple"},"_links":{"self":[{"href":"https:\/\/v2smt.com\/tr\/wp-json\/wp\/v2\/product\/21855","targetHints":{"allow":["GET"]}}],"collection":[{"href":"https:\/\/v2smt.com\/tr\/wp-json\/wp\/v2\/product"}],"about":[{"href":"https:\/\/v2smt.com\/tr\/wp-json\/wp\/v2\/types\/product"}],"replies":[{"embeddable":true,"href":"https:\/\/v2smt.com\/tr\/wp-json\/wp\/v2\/comments?post=21855"}],"version-history":[{"count":0,"href":"https:\/\/v2smt.com\/tr\/wp-json\/wp\/v2\/product\/21855\/revisions"}],"wp:featuredmedia":[{"embeddable":true,"href":"https:\/\/v2smt.com\/tr\/wp-json\/wp\/v2\/media\/21714"}],"wp:attachment":[{"href":"https:\/\/v2smt.com\/tr\/wp-json\/wp\/v2\/media?parent=21855"}],"wp:term":[{"taxonomy":"brand","embeddable":true,"href":"https:\/\/v2smt.com\/tr\/wp-json\/wp\/v2\/etheme_brands?post=21855"},{"taxonomy":"product_brand","embeddable":true,"href":"https:\/\/v2smt.com\/tr\/wp-json\/wp\/v2\/product_brand?post=21855"},{"taxonomy":"product_cat","embeddable":true,"href":"https:\/\/v2smt.com\/tr\/wp-json\/wp\/v2\/product_cat?post=21855"},{"taxonomy":"product_tag","embeddable":true,"href":"https:\/\/v2smt.com\/tr\/wp-json\/wp\/v2\/product_tag?post=21855"}],"curies":[{"name":"wp","href":"https:\/\/api.w.org\/{rel}","templated":true}]}}