{"id":21853,"date":"2024-07-23T15:33:49","date_gmt":"2024-07-23T15:33:49","guid":{"rendered":"https:\/\/v2smt.com\/?post_type=product&#038;p=21853"},"modified":"2024-08-22T17:03:56","modified_gmt":"2024-08-22T17:03:56","slug":"t300-wave-soldering-machine","status":"publish","type":"product","link":"https:\/\/v2smt.com\/tr\/products\/t300-wave-soldering-machine\/","title":{"rendered":"T300 Dalga Lehimleme Makinesi"},"content":{"rendered":"<p>1. Enerji Verimli Tasar\u0131m - \u00c7evre standartlar\u0131na uygundur.<br \/>\n2. Otomatik G\u00fc\u00e7 Sistemi - Pano i\u00e7i y\u00fck i\u00e7in invert\u00f6r kontrol\u00fc.<br \/>\n3. Hassas Ak\u0131 Uygulamas\u0131 - PLC kontroll\u00fc, Japon nozullar.<br \/>\n4. Kolay Bak\u0131m - Ak\u0131 geri kazan\u0131m kab\u0131 \u00e7ekmecesi.<br \/>\n5. Sa\u011flam Ta\u015f\u0131ma - Ayarlanabilir vidalar, dengeli iletim.<br \/>\n6. Dayan\u0131kl\u0131 Lehimleme Mekanizmas\u0131 - Titanyum ala\u015f\u0131ml\u0131 V-oluklu parmaklar.<br \/>\n7. Geli\u015fmi\u015f \u00d6n Is\u0131tma - PID kontrol\u00fc, \u00fc\u00e7 b\u00f6lgeli s\u0131cakl\u0131k.<br \/>\n8. Mod\u00fcler Tasar\u0131m - Kolay bak\u0131m ve temizlik.<br \/>\n6. Y\u00fcksek Frekansl\u0131 Lehim Motoru - \u0130thal, istikrarl\u0131 performans.<br \/>\n10. Korozyona Dayan\u0131kl\u0131 Lehim Potas\u0131 - D\u00f6kme demir \u00e7ark, oksidasyon ceketi.<br \/>\n11. H\u0131zl\u0131 Lehim Eritme - 90 dakikal\u0131k zamanlay\u0131c\u0131 ba\u015flatma.<br \/>\n12. Otomatik Parmak Temizleyici - Makinenin \u00f6mr\u00fcn\u00fc uzat\u0131r.<br \/>\n13. Veri Depolama - SPC verileri i\u00e7in kara kutu belle\u011fi.<br \/>\n14. Ak\u0131ll\u0131 \u0130zleme - Performans ve g\u00fcvenli\u011fi sa\u011flar.<\/p>","protected":false},"excerpt":{"rendered":"<p>TYtech taraf\u0131ndan geli\u015ftirilen T300 dalga lehimleme makinesi, \u00e7evre ve kullan\u0131c\u0131 dostu olmas\u0131 g\u00f6z \u00f6n\u00fcnde bulundurularak tasarlanm\u0131\u015f, enerji tasarruflu, kur\u015funsuz bir \u00e7\u00f6z\u00fcmd\u00fcr. Otomatik g\u00fc\u00e7 sistemi, hassas flaks uygulamas\u0131 ve sa\u011flam titanyum ala\u015f\u0131ml\u0131 lehimleme mekanizmas\u0131 ile y\u00fcksek performans ve g\u00fcvenilirlik sa\u011flar.<\/p>","protected":false},"featured_media":21711,"comment_status":"open","ping_status":"closed","template":"","meta":{"iawp_total_views":126},"etheme_brands":[],"product_brand":[],"product_cat":[138],"product_tag":[],"class_list":{"0":"post-21853","1":"product","2":"type-product","3":"status-publish","4":"has-post-thumbnail","6":"product_cat-wave-soldering","8":"first","9":"instock","10":"shipping-taxable","11":"product-type-simple"},"_links":{"self":[{"href":"https:\/\/v2smt.com\/tr\/wp-json\/wp\/v2\/product\/21853","targetHints":{"allow":["GET"]}}],"collection":[{"href":"https:\/\/v2smt.com\/tr\/wp-json\/wp\/v2\/product"}],"about":[{"href":"https:\/\/v2smt.com\/tr\/wp-json\/wp\/v2\/types\/product"}],"replies":[{"embeddable":true,"href":"https:\/\/v2smt.com\/tr\/wp-json\/wp\/v2\/comments?post=21853"}],"version-history":[{"count":0,"href":"https:\/\/v2smt.com\/tr\/wp-json\/wp\/v2\/product\/21853\/revisions"}],"wp:featuredmedia":[{"embeddable":true,"href":"https:\/\/v2smt.com\/tr\/wp-json\/wp\/v2\/media\/21711"}],"wp:attachment":[{"href":"https:\/\/v2smt.com\/tr\/wp-json\/wp\/v2\/media?parent=21853"}],"wp:term":[{"taxonomy":"brand","embeddable":true,"href":"https:\/\/v2smt.com\/tr\/wp-json\/wp\/v2\/etheme_brands?post=21853"},{"taxonomy":"product_brand","embeddable":true,"href":"https:\/\/v2smt.com\/tr\/wp-json\/wp\/v2\/product_brand?post=21853"},{"taxonomy":"product_cat","embeddable":true,"href":"https:\/\/v2smt.com\/tr\/wp-json\/wp\/v2\/product_cat?post=21853"},{"taxonomy":"product_tag","embeddable":true,"href":"https:\/\/v2smt.com\/tr\/wp-json\/wp\/v2\/product_tag?post=21853"}],"curies":[{"name":"wp","href":"https:\/\/api.w.org\/{rel}","templated":true}]}}