{"id":21849,"date":"2024-07-23T15:33:49","date_gmt":"2024-07-23T15:33:49","guid":{"rendered":"https:\/\/v2smt.com\/?post_type=product&#038;p=21849"},"modified":"2024-08-22T17:03:56","modified_gmt":"2024-08-22T17:03:56","slug":"sinictek-2d-aoi-s510","status":"publish","type":"product","link":"https:\/\/v2smt.com\/tr\/products\/sinictek-2d-aoi-s510\/","title":{"rendered":"S510 2D Otomatik Optik Muayene Makinesi"},"content":{"rendered":"<p>1. 5MP End\u00fcstriyel Kamera: Detay i\u00e7in y\u00fcksek \u00e7\u00f6z\u00fcn\u00fcrl\u00fckl\u00fc g\u00f6r\u00fcnt\u00fcleme.<br \/>\n2. Telesentrik Lens: Tutarl\u0131 g\u00f6r\u00fcnt\u00fc kalitesi sa\u011flar.<br \/>\n3. RGB I\u015f\u0131k Kayna\u011f\u0131: Denetimler i\u00e7in g\u00f6r\u00fcn\u00fcrl\u00fc\u011f\u00fc optimize eder.<br \/>\n4. 15um \u00c7\u00f6z\u00fcn\u00fcrl\u00fck: Y\u00fcksek do\u011frulukta alg\u0131lama \u00f6zelli\u011fi.<br \/>\n5. 3630 mm FOV: Bile\u015fenler i\u00e7in \u00e7ok y\u00f6nl\u00fc g\u00f6r\u00fc\u015f alan\u0131.<br \/>\n6. Tek Hatl\u0131 Tasar\u0131m: Kolayla\u015ft\u0131r\u0131lm\u0131\u015f denetim s\u00fcreci.<br \/>\n7. Esnek PCB \u0130\u015fleme: \u00c7e\u015fitli kart boyutlar\u0131na uyum sa\u011flar.<br \/>\n8. Do\u011fru Konumland\u0131rma: Yanl\u0131\u015f alarmlar\u0131 azalt\u0131r, deformasyonlara uyum sa\u011flar.<br \/>\n9. G\u00fc\u00e7l\u00fc SPC Fonksiyonu: Geli\u015fmi\u015f kalite kontrol ara\u00e7lar\u0131.<br \/>\n10. Servo Motor Hareketi: Hassas X, Y ekseni kontrol\u00fc.<br \/>\n11. Kapsaml\u0131 G\u00fcvenlik: G\u00fcvenlik talimatlar\u0131 ve kilitleri i\u00e7erir.<br \/>\n12. Kullan\u0131c\u0131 Dostu Yaz\u0131l\u0131m: Windows tarz\u0131 aray\u00fcz, kolay kullan\u0131m.<br \/>\n13. A\u011f Deste\u011fi: An\u0131nda g\u00f6r\u00fcnt\u00fc aktar\u0131m\u0131 i\u00e7in TCP\/IP protokol\u00fc.<br \/>\n14. \u00dcst D\u00fczey Bilgisayar: Intel I7 CPU, 16GB RAM, SSD ve HDD depolama.<br \/>\n15. 21,5\u2033 LCD Monit\u00f6r: \u00c7al\u0131\u015fma i\u00e7in net ekran.<\/p>","protected":false},"excerpt":{"rendered":"<p>Sinictek 2D AOI S510, y\u00fcksek \u00e7\u00f6z\u00fcn\u00fcrl\u00fckl\u00fc 5MP CCD kamera, telesentrik lens ve hassas alg\u0131lama i\u00e7in geli\u015fmi\u015f algoritmalar i\u00e7eren sa\u011flam bir otomatik optik denetim makinesidir. Esnek PCB kullan\u0131m\u0131 ve g\u00fc\u00e7l\u00fc SPC ara\u00e7lar\u0131 ile \u00e7e\u015fitli denetim ihtiya\u00e7lar\u0131n\u0131 kar\u015f\u0131lar.<\/p>","protected":false},"featured_media":21707,"comment_status":"open","ping_status":"closed","template":"","meta":{"iawp_total_views":67},"etheme_brands":[],"product_brand":[],"product_cat":[136],"product_tag":[],"class_list":{"0":"post-21849","1":"product","2":"type-product","3":"status-publish","4":"has-post-thumbnail","6":"product_cat-automated-optical-inspection","8":"first","9":"instock","10":"shipping-taxable","11":"product-type-simple"},"_links":{"self":[{"href":"https:\/\/v2smt.com\/tr\/wp-json\/wp\/v2\/product\/21849","targetHints":{"allow":["GET"]}}],"collection":[{"href":"https:\/\/v2smt.com\/tr\/wp-json\/wp\/v2\/product"}],"about":[{"href":"https:\/\/v2smt.com\/tr\/wp-json\/wp\/v2\/types\/product"}],"replies":[{"embeddable":true,"href":"https:\/\/v2smt.com\/tr\/wp-json\/wp\/v2\/comments?post=21849"}],"version-history":[{"count":0,"href":"https:\/\/v2smt.com\/tr\/wp-json\/wp\/v2\/product\/21849\/revisions"}],"wp:featuredmedia":[{"embeddable":true,"href":"https:\/\/v2smt.com\/tr\/wp-json\/wp\/v2\/media\/21707"}],"wp:attachment":[{"href":"https:\/\/v2smt.com\/tr\/wp-json\/wp\/v2\/media?parent=21849"}],"wp:term":[{"taxonomy":"brand","embeddable":true,"href":"https:\/\/v2smt.com\/tr\/wp-json\/wp\/v2\/etheme_brands?post=21849"},{"taxonomy":"product_brand","embeddable":true,"href":"https:\/\/v2smt.com\/tr\/wp-json\/wp\/v2\/product_brand?post=21849"},{"taxonomy":"product_cat","embeddable":true,"href":"https:\/\/v2smt.com\/tr\/wp-json\/wp\/v2\/product_cat?post=21849"},{"taxonomy":"product_tag","embeddable":true,"href":"https:\/\/v2smt.com\/tr\/wp-json\/wp\/v2\/product_tag?post=21849"}],"curies":[{"name":"wp","href":"https:\/\/api.w.org\/{rel}","templated":true}]}}