{"id":21847,"date":"2024-07-23T15:33:49","date_gmt":"2024-07-23T15:33:49","guid":{"rendered":"https:\/\/v2smt.com\/?post_type=product&#038;p=21847"},"modified":"2025-01-06T03:27:26","modified_gmt":"2025-01-06T03:27:26","slug":"desen-dghp-fully-automatic-stencil-printer","status":"publish","type":"product","link":"https:\/\/v2smt.com\/tr\/products\/desen-dghp-fully-automatic-stencil-printer\/","title":{"rendered":"DESEN DGHP Tam Otomatik SMT Stencil Yaz\u0131c\u0131"},"content":{"rendered":"<h2>DESEN DGHP Tam Otomatik SMT Stencil Yaz\u0131c\u0131<\/h2>\n<p>Tam Otomatik \u00c7al\u0131\u015fma: Tutarl\u0131 ve hatas\u0131z \u015fablon bask\u0131s\u0131 sa\u011flar.<\/p>\n<p>Geli\u015fmi\u015f \u015eablon Bask\u0131 Teknolojisi: Elektronik bile\u015fenler i\u00e7in y\u00fcksek kaliteli bask\u0131lar sunar.<\/p>\n<p>Kullan\u0131c\u0131 Dostu Aray\u00fcz: Kullan\u0131m\u0131 basitle\u015ftirir ve \u00f6\u011frenme e\u011frisini azalt\u0131r.<\/p>\n<p>Y\u00fcksek Uyumluluk: \u00c7e\u015fitli \u015fablon boyutlar\u0131na ve t\u00fcrlerine uyum sa\u011flar.<\/p>\n<p>Dayan\u0131kl\u0131 Yap\u0131: End\u00fcstriyel kullan\u0131m\u0131n zorluklar\u0131na dayanacak \u015fekilde \u00fcretilmi\u015ftir.<\/p>","protected":false},"excerpt":{"rendered":"<h4>DESEN DGHP Tam Otomatik SMT Stencil Yaz\u0131c\u0131<\/h4>\n<p>Elektronik \u00fcretimde \u015fablon bask\u0131 s\u00fcrecini kolayla\u015ft\u0131rmak i\u00e7in tasarlanm\u0131\u015f son teknoloji bir \u00e7\u00f6z\u00fcmd\u00fcr. Geli\u015fmi\u015f \u00f6zellikleri ve sa\u011flam yap\u0131s\u0131 ile bu yaz\u0131c\u0131, modern \u00fcretim hatlar\u0131n\u0131n y\u00fcksek taleplerini kar\u015f\u0131layarak hassasiyet ve verimlilik sa\u011flar.<\/p>","protected":false},"featured_media":21679,"comment_status":"open","ping_status":"closed","template":"","meta":{"iawp_total_views":231},"etheme_brands":[{"term_id":180,"name":"Desen","slug":"desen","term_group":0,"term_taxonomy_id":180,"taxonomy":"brand","description":"","parent":0,"count":1,"filter":"raw"}],"product_brand":[],"product_cat":[161],"product_tag":[],"class_list":{"0":"post-21847","1":"product","2":"type-product","3":"status-publish","4":"has-post-thumbnail","6":"brand-desen","7":"product_cat-stencil-printer","9":"first","10":"instock","11":"shipping-taxable","12":"product-type-simple"},"_links":{"self":[{"href":"https:\/\/v2smt.com\/tr\/wp-json\/wp\/v2\/product\/21847","targetHints":{"allow":["GET"]}}],"collection":[{"href":"https:\/\/v2smt.com\/tr\/wp-json\/wp\/v2\/product"}],"about":[{"href":"https:\/\/v2smt.com\/tr\/wp-json\/wp\/v2\/types\/product"}],"replies":[{"embeddable":true,"href":"https:\/\/v2smt.com\/tr\/wp-json\/wp\/v2\/comments?post=21847"}],"version-history":[{"count":0,"href":"https:\/\/v2smt.com\/tr\/wp-json\/wp\/v2\/product\/21847\/revisions"}],"wp:featuredmedia":[{"embeddable":true,"href":"https:\/\/v2smt.com\/tr\/wp-json\/wp\/v2\/media\/21679"}],"wp:attachment":[{"href":"https:\/\/v2smt.com\/tr\/wp-json\/wp\/v2\/media?parent=21847"}],"wp:term":[{"taxonomy":"brand","embeddable":true,"href":"https:\/\/v2smt.com\/tr\/wp-json\/wp\/v2\/etheme_brands?post=21847"},{"taxonomy":"product_brand","embeddable":true,"href":"https:\/\/v2smt.com\/tr\/wp-json\/wp\/v2\/product_brand?post=21847"},{"taxonomy":"product_cat","embeddable":true,"href":"https:\/\/v2smt.com\/tr\/wp-json\/wp\/v2\/product_cat?post=21847"},{"taxonomy":"product_tag","embeddable":true,"href":"https:\/\/v2smt.com\/tr\/wp-json\/wp\/v2\/product_tag?post=21847"}],"curies":[{"name":"wp","href":"https:\/\/api.w.org\/{rel}","templated":true}]}}