{"id":21845,"date":"2024-07-23T15:33:48","date_gmt":"2024-07-23T15:33:48","guid":{"rendered":"https:\/\/v2smt.com\/?post_type=product&#038;p=21845"},"modified":"2024-08-22T17:03:55","modified_gmt":"2024-08-22T17:03:55","slug":"sebyb14b00-00-g5s-chip-mounter","status":"publish","type":"product","link":"https:\/\/v2smt.com\/tr\/products\/sebyb14b00-00-g5s-chip-mounter\/","title":{"rendered":"SEBYB14B00-00 G5S \u00c7ip Ba\u011flay\u0131c\u0131"},"content":{"rendered":"<p>Do\u011frudan Tahrik Kafas\u0131: Taret tarz\u0131 bile\u015fen i\u015fleme ile y\u00fcksek h\u0131zl\u0131, y\u00fcksek hassasiyetli yerle\u015ftirme.<br \/>\nRijit twinLineer S\u00fcr\u00fcc\u00fc: Minimum bak\u0131mla y\u00fcksek h\u0131z ve y\u00fcksek do\u011frulukta konumland\u0131rma sa\u011flar.<br \/>\nA\u015f\u0131r\u0131 Tahrik Hareketi: Aile kurulumlar\u0131 ile y\u00fcksek kar\u0131\u015f\u0131ml\u0131, d\u00fc\u015f\u00fck hacimli uygulamalar i\u00e7in \u00fcretimi optimize eder.<br \/>\n\u00c7ok Par\u00e7al\u0131 Besleyici \u00dcnitesi: \u00c7e\u015fitli besleyici tipleri ile \u00e7ok \u00e7e\u015fitli bile\u015fen boyutlar\u0131n\u0131 bar\u0131nd\u0131r\u0131r.<br \/>\nA\u015f\u0131r\u0131 Tuhaf \u015eekilli Ba\u015fl\u0131klar: B\u00fcy\u00fck boyutlara ve y\u00fcksekliklere sahip bile\u015fenleri destekler.<br \/>\nY\u00fcksek Do\u011frulukta Tan\u0131ma: \u00c7e\u015fitli bile\u015fen t\u00fcrleri i\u00e7in geli\u015fmi\u015f tan\u0131ma sistemleri.<br \/>\nLISA Sistemi: Sorunsuz \u00fcretim i\u00e7in merkezi hat veri kontrol\u00fc ve operasyon y\u00f6netimi.<br \/>\nACV Teknolojisi: Hata kontrol\u00fc ve izlenebilirlik deste\u011fi i\u00e7in Geli\u015fmi\u015f Bile\u015fen Do\u011frulamas\u0131.<br \/>\n\u00c7oklu \u00dcr\u00fcn Hatt\u0131 Dengesi: Kurulum s\u00fcresini en aza indirmek i\u00e7in verimli kurulum zamanlay\u0131c\u0131s\u0131 ve aile kurulum i\u015flevleri.<br \/>\n\u00c7evreye Duyarl\u0131: YAMAHA'n\u0131n \u00e7evreye olan ba\u011fl\u0131l\u0131\u011f\u0131n\u0131 yans\u0131tan geri d\u00f6n\u00fc\u015ft\u00fcr\u00fclm\u00fc\u015f ka\u011f\u0131ttan yap\u0131lm\u0131\u015f katalog.<\/p>","protected":false},"excerpt":{"rendered":"<p>SEBYB14B00-00 G5S chip mounter, \u00e7e\u015fitli ve karma\u015f\u0131k elektronik montaj i\u015flemleri i\u00e7in tasarlanm\u0131\u015f y\u00fcksek h\u0131zl\u0131, y\u00fcksek hassasiyetli bile\u015fen yerle\u015ftirmenin bir \u00f6rne\u011fidir. S\u00fcper Geni\u015f Aral\u0131kl\u0131 DDH (Do\u011frudan Tahrik Kafas\u0131), Sert twinLinear Tahrik ve geli\u015fmi\u015f besleyicileri ile geni\u015f bir bile\u015fen boyutu ve \u015fekli yelpazesine hitap ederek modern \u00fcretim hatlar\u0131 i\u00e7in vazge\u00e7ilmez bir ara\u00e7 haline gelir.<\/p>","protected":false},"featured_media":21708,"comment_status":"open","ping_status":"closed","template":"","meta":{"iawp_total_views":43},"etheme_brands":[],"product_brand":[],"product_cat":[131],"product_tag":[],"class_list":{"0":"post-21845","1":"product","2":"type-product","3":"status-publish","4":"has-post-thumbnail","6":"product_cat-pick-and-place","8":"first","9":"instock","10":"shipping-taxable","11":"product-type-simple"},"_links":{"self":[{"href":"https:\/\/v2smt.com\/tr\/wp-json\/wp\/v2\/product\/21845","targetHints":{"allow":["GET"]}}],"collection":[{"href":"https:\/\/v2smt.com\/tr\/wp-json\/wp\/v2\/product"}],"about":[{"href":"https:\/\/v2smt.com\/tr\/wp-json\/wp\/v2\/types\/product"}],"replies":[{"embeddable":true,"href":"https:\/\/v2smt.com\/tr\/wp-json\/wp\/v2\/comments?post=21845"}],"version-history":[{"count":0,"href":"https:\/\/v2smt.com\/tr\/wp-json\/wp\/v2\/product\/21845\/revisions"}],"wp:featuredmedia":[{"embeddable":true,"href":"https:\/\/v2smt.com\/tr\/wp-json\/wp\/v2\/media\/21708"}],"wp:attachment":[{"href":"https:\/\/v2smt.com\/tr\/wp-json\/wp\/v2\/media?parent=21845"}],"wp:term":[{"taxonomy":"brand","embeddable":true,"href":"https:\/\/v2smt.com\/tr\/wp-json\/wp\/v2\/etheme_brands?post=21845"},{"taxonomy":"product_brand","embeddable":true,"href":"https:\/\/v2smt.com\/tr\/wp-json\/wp\/v2\/product_brand?post=21845"},{"taxonomy":"product_cat","embeddable":true,"href":"https:\/\/v2smt.com\/tr\/wp-json\/wp\/v2\/product_cat?post=21845"},{"taxonomy":"product_tag","embeddable":true,"href":"https:\/\/v2smt.com\/tr\/wp-json\/wp\/v2\/product_tag?post=21845"}],"curies":[{"name":"wp","href":"https:\/\/api.w.org\/{rel}","templated":true}]}}