{"id":23350,"date":"2025-12-29T03:57:01","date_gmt":"2025-12-29T03:57:01","guid":{"rendered":"https:\/\/v2smt.com\/?post_type=product&#038;p=23350"},"modified":"2025-12-29T03:57:40","modified_gmt":"2025-12-29T03:57:40","slug":"vt-680-economic-offline-aoi-system","status":"publish","type":"product","link":"https:\/\/v2smt.com\/pt\/products\/vt-680-economic-offline-aoi-system\/","title":{"rendered":"Sistema AOI offline econ\u00f3mico VT-680"},"content":{"rendered":"<h1>Sistema AOI offline econ\u00f3mico VT-680<\/h1>\n<h3><strong>Sistema AOI offline VT-680<\/strong><\/h3>\n<p><strong>Inspe\u00e7\u00e3o de precis\u00e3o para linhas de produ\u00e7\u00e3o SMT e DIP<\/strong><\/p>\n<p>\ud83d\udd0d\u00a0<strong>Capacidades principais<\/strong>:<\/p>\n<ol>\n<li><strong>Manuseamento vers\u00e1til de PCB<\/strong>\n<ul>\n<li>Acomoda pranchas de\u00a0<strong>20\u00d720mm a 450\u00d7350mm<\/strong>\u00a0(espessura: 0,3-5,0 mm), suportando uma \u00fanica, v\u00e1rias ou\u00a0<strong>inspe\u00e7\u00e3o dupla face<\/strong>\u00a0num ciclo\u00a0<a class=\"citation-link\" href=\"https:\/\/yangcui319.cn.b2b168.com\/m\/supply\/v42012586.html\" rel=\"nofollow noopener\" target=\"_blank\"><img decoding=\"async\" class=\"citation-icon\" src=\"http:\/\/127.0.0.1:45001\/api\/images\/lu.png\" \/><\/a>\u00a0<a class=\"citation-link\" href=\"http:\/\/china.makepolo.com\/product-detail\/100342333146.html\" rel=\"nofollow noopener\" target=\"_blank\"><img decoding=\"async\" class=\"citation-icon\" src=\"http:\/\/127.0.0.1:45001\/api\/images\/lu.png\" \/><\/a>\u00a0<a class=\"citation-link\" href=\"https:\/\/www.hi1718.com\/product\/2013121713529147.html\" rel=\"nofollow noopener\" target=\"_blank\"><img decoding=\"async\" class=\"citation-icon\" src=\"http:\/\/127.0.0.1:45001\/api\/images\/lu.png\" \/><\/a>\u00a0.<\/li>\n<\/ul>\n<\/li>\n<li><strong>Dete\u00e7\u00e3o exaustiva de defeitos<\/strong>\n<ul>\n<li>Identifica\u00a0<strong>Mais de 18 defeitos cr\u00edticos<\/strong>: falta\/componentes, tombstoning, ponte, desalinhamento, vazios de solda, flex\u00e3o de pinos de CI e erros de polaridade\u00a0<a class=\"citation-link\" href=\"https:\/\/www.hi1718.com\/product\/2013121713529147.html\" rel=\"nofollow noopener\" target=\"_blank\"><img decoding=\"async\" class=\"citation-icon\" src=\"http:\/\/127.0.0.1:45001\/api\/images\/lu.png\" \/><\/a>\u00a0.<\/li>\n<\/ul>\n<\/li>\n<li><strong>Precis\u00e3o a alta velocidade<\/strong>\n<ul>\n<li><strong>3MP<\/strong>\u00a0(1600\u00d71200) com\u00a0<strong>Resolu\u00e7\u00e3o de 18\u03bcm<\/strong>\u00a0e ilumina\u00e7\u00e3o LED multi-canal\u00a0<a class=\"citation-link\" href=\"https:\/\/www.hi1718.com\/product\/2013121713529147.html\" rel=\"nofollow noopener\" target=\"_blank\"><img decoding=\"async\" class=\"citation-icon\" src=\"http:\/\/127.0.0.1:45001\/api\/images\/lu.png\" \/><\/a>\u00a0.<\/li>\n<li><strong>Velocidade de digitaliza\u00e7\u00e3o de 800 mm\/s<\/strong>\u00a0e\u00a0<strong>Precis\u00e3o de posicionamento &lt;8\u03bcm<\/strong>\u00a0com mec\u00e2nica servo-acionada\u00a0<a class=\"citation-link\" href=\"https:\/\/www.hi1718.com\/product\/2013121713529147.html\" rel=\"nofollow noopener\" target=\"_blank\"><img decoding=\"async\" class=\"citation-icon\" src=\"http:\/\/127.0.0.1:45001\/api\/images\/lu.png\" \/><\/a>\u00a0.<\/li>\n<\/ul>\n<\/li>\n<\/ol>\n<p>\u2699\ufe0f\u00a0<strong>Principais vantagens<\/strong>:<\/p>\n<ul>\n<li><strong>Inspe\u00e7\u00e3o de dupla face e multi-PCB<\/strong>: Verifica simultaneamente ambos os lados das placas ou v\u00e1rios pain\u00e9is, aumentando o rendimento\u00a0<a class=\"citation-link\" href=\"https:\/\/yangcui319.cn.b2b168.com\/m\/supply\/v42012586.html\" rel=\"nofollow noopener\" target=\"_blank\"><img decoding=\"async\" class=\"citation-icon\" src=\"http:\/\/127.0.0.1:45001\/api\/images\/lu.png\" \/><\/a>\u00a0<a class=\"citation-link\" href=\"http:\/\/china.makepolo.com\/product-detail\/100342333146.html\" rel=\"nofollow noopener\" target=\"_blank\"><img decoding=\"async\" class=\"citation-icon\" src=\"http:\/\/127.0.0.1:45001\/api\/images\/lu.png\" \/><\/a>\u00a0.<\/li>\n<li><strong>Complexidade de programa\u00e7\u00e3o zero<\/strong>: Sistema operativo Windows intuitivo com\u00a0<strong>Interface ingl\u00eas\/chin\u00eas<\/strong>\u00a0e relat\u00f3rios automatizados de defeitos\u00a0<a class=\"citation-link\" href=\"https:\/\/www.hi1718.com\/product\/2013121713529147.html\" rel=\"nofollow noopener\" target=\"_blank\"><img decoding=\"async\" class=\"citation-icon\" src=\"http:\/\/127.0.0.1:45001\/api\/images\/lu.png\" \/><\/a>\u00a0.<\/li>\n<li><strong>Implementa\u00e7\u00e3o flex\u00edvel<\/strong>: Tamanho compacto (900\u00d71100\u00d71300mm), funcionamento offline e\u00a0<strong>Estabilidade 24\/7<\/strong>\u00a0(-10\u00b0C a 40\u00b0C)\u00a0<a class=\"citation-link\" href=\"https:\/\/www.hi1718.com\/product\/2013121713529147.html\" rel=\"nofollow noopener\" target=\"_blank\"><img decoding=\"async\" class=\"citation-icon\" src=\"http:\/\/127.0.0.1:45001\/api\/images\/lu.png\" \/><\/a>\u00a0<a class=\"citation-link\" href=\"https:\/\/www.ekt-tech.com\/product\/36.html\" rel=\"nofollow noopener\" target=\"_blank\"><img decoding=\"async\" class=\"citation-icon\" src=\"http:\/\/127.0.0.1:45001\/api\/images\/lu.png\" \/><\/a>\u00a0.<\/li>\n<li><strong>Comprovado pela ind\u00fastria<\/strong>: Confiado pelos fabricantes de EMS\/Autom\u00f3vel com\u00a0<strong>1 ano de garantia a n\u00edvel nacional<\/strong>\u00a0<a class=\"citation-link\" href=\"https:\/\/m.makepolo.com\/product\/100988453297.html\" rel=\"nofollow noopener\" target=\"_blank\"><img decoding=\"async\" class=\"citation-icon\" src=\"http:\/\/127.0.0.1:45001\/api\/images\/lu.png\" \/><\/a>\u00a0<a class=\"citation-link\" href=\"https:\/\/www.hi1718.com\/product\/2013121713529147.html\" rel=\"nofollow noopener\" target=\"_blank\"><img decoding=\"async\" class=\"citation-icon\" src=\"http:\/\/127.0.0.1:45001\/api\/images\/lu.png\" \/><\/a>\u00a0.<\/li>\n<\/ul>\n<blockquote><p><strong>Porqu\u00ea o VT-680?<\/strong><br \/>\n<em>\u201cReduzir as taxas de fuga de defeitos pelo 90% com um sistema constru\u00eddo para linhas SMT\/DIP de alta mistura. Ideal para fabricantes orientados para os custos que necessitam de uma inspe\u00e7\u00e3o fi\u00e1vel e f\u00e1cil de utilizar sem comprometer a precis\u00e3o.\u201d<\/em><\/p><\/blockquote>\n<hr \/>\n<h3><strong>Chamada para a\u00e7\u00e3o (CTA)<\/strong>:<\/h3>\n<p>\u2705\u00a0<strong>Impulsionar as consultas com<\/strong>:<\/p>\n<ul>\n<li><strong>T\u00edtulo<\/strong>:\u00a0<em>\u201cElimine os defeitos de PCB: Obtenha hoje o seu or\u00e7amento VT-680\u201d<\/em><\/li>\n<li><strong>Bot\u00e3o<\/strong>:\u00a0<strong>\u201cPedir demonstra\u00e7\u00e3o em direto\u201d<\/strong>\u00a0ou\u00a0<strong>\u201cDescarregar folha de especifica\u00e7\u00f5es\u201d<\/strong><\/li>\n<li><strong>Incentivo<\/strong>:\u00a0<em>\u201cAvalia\u00e7\u00e3o gratuita da aplica\u00e7\u00e3o: Optimize o seu rendimento\u201d<\/em><\/li>\n<\/ul>\n<p>#OfflineAOI #PCBinspec\u00e7\u00e3o #SMTQualidade #VT680 #AOIm\u00e1quina #Electr\u00f3nicaFabrico<\/p>\n<p><strong>Ideal para<\/strong>:<\/p>\n<ul>\n<li>Montagem SMT\/DIP de volume m\u00e9dio<\/li>\n<li>Eletr\u00f3nica autom\u00f3vel, industrial e de consumo<\/li>\n<li>Defini\u00e7\u00e3o de prioridades para as instala\u00e7\u00f5es\u00a0<strong>facilidade de utiliza\u00e7\u00e3o<\/strong>\u00a0e\u00a0<strong>ROI r\u00e1pido<\/strong><\/li>\n<\/ul>","protected":false},"excerpt":{"rendered":"<h2>Sistema AOI offline econ\u00f3mico VT-680<\/h2>\n<p>Esta \u00e9 uma m\u00e1quina de inspe\u00e7\u00e3o \u00f3tica automatizada barata concebida para o controlo de qualidade de precis\u00e3o offline no fabrico. Possui uma c\u00e2mara industrial digital inteligente de alta velocidade de 3MP com lente telec\u00eantrica e ilumina\u00e7\u00e3o LED RGB.<\/p>","protected":false},"featured_media":23351,"comment_status":"open","ping_status":"closed","template":"","meta":{"iawp_total_views":8},"etheme_brands":[],"product_brand":[],"product_cat":[136],"product_tag":[],"class_list":{"0":"post-23350","1":"product","2":"type-product","3":"status-publish","4":"has-post-thumbnail","6":"product_cat-automated-optical-inspection","8":"first","9":"instock","10":"shipping-taxable","11":"product-type-simple"},"_links":{"self":[{"href":"https:\/\/v2smt.com\/pt\/wp-json\/wp\/v2\/product\/23350","targetHints":{"allow":["GET"]}}],"collection":[{"href":"https:\/\/v2smt.com\/pt\/wp-json\/wp\/v2\/product"}],"about":[{"href":"https:\/\/v2smt.com\/pt\/wp-json\/wp\/v2\/types\/product"}],"replies":[{"embeddable":true,"href":"https:\/\/v2smt.com\/pt\/wp-json\/wp\/v2\/comments?post=23350"}],"version-history":[{"count":0,"href":"https:\/\/v2smt.com\/pt\/wp-json\/wp\/v2\/product\/23350\/revisions"}],"wp:featuredmedia":[{"embeddable":true,"href":"https:\/\/v2smt.com\/pt\/wp-json\/wp\/v2\/media\/23351"}],"wp:attachment":[{"href":"https:\/\/v2smt.com\/pt\/wp-json\/wp\/v2\/media?parent=23350"}],"wp:term":[{"taxonomy":"brand","embeddable":true,"href":"https:\/\/v2smt.com\/pt\/wp-json\/wp\/v2\/etheme_brands?post=23350"},{"taxonomy":"product_brand","embeddable":true,"href":"https:\/\/v2smt.com\/pt\/wp-json\/wp\/v2\/product_brand?post=23350"},{"taxonomy":"product_cat","embeddable":true,"href":"https:\/\/v2smt.com\/pt\/wp-json\/wp\/v2\/product_cat?post=23350"},{"taxonomy":"product_tag","embeddable":true,"href":"https:\/\/v2smt.com\/pt\/wp-json\/wp\/v2\/product_tag?post=23350"}],"curies":[{"name":"wp","href":"https:\/\/api.w.org\/{rel}","templated":true}]}}