{"id":23345,"date":"2025-12-29T03:08:33","date_gmt":"2025-12-29T03:08:33","guid":{"rendered":"https:\/\/v2smt.com\/?post_type=product&#038;p=23345"},"modified":"2025-12-29T03:09:31","modified_gmt":"2025-12-29T03:09:31","slug":"vt-980-ai-powered-aoi-system","status":"publish","type":"product","link":"https:\/\/v2smt.com\/pt\/products\/vt-980-ai-powered-aoi-system\/","title":{"rendered":"Sistema AOI alimentado por IA VT-980"},"content":{"rendered":"<h1>Sistema AOI alimentado por IA VT-980<\/h1>\n<p>Sistema AOI alimentado por IA VT-980<br \/>\nDete\u00e7\u00e3o de defeitos revolucionada: precis\u00e3o de 20MP + otimiza\u00e7\u00e3o de IA<\/p>\n<p>Carater\u00edsticas principais:<br \/>\n1. Obten\u00e7\u00e3o de imagens de resolu\u00e7\u00e3o ultra-alta<br \/>\n- C\u00e2mara industrial de 20MP: Detecta defeitos microsc\u00f3picos at\u00e9 **10\u03bcm** (por exemplo, pontes de solda, componentes em falta, Tombstoning).<br \/>\n2. Verdadeira programa\u00e7\u00e3o de IA<br \/>\n- Configura\u00e7\u00e3o inteligente de receitas: Aprendizagem autom\u00e1tica de esquemas de PCB \u2192 80% programa\u00e7\u00e3o mais r\u00e1pida do que a AOI tradicional.<br \/>\n- Algoritmos de auto-otimiza\u00e7\u00e3o: Reduzir as chamadas falsas em \u226560% com aprendizagem cont\u00ednua.<br \/>\n3. Inspe\u00e7\u00e3o r\u00e1pida<br \/>\n- 0,25 seg\/componente para PCBs HDI, FPC e r\u00edgidas-flex complexas.<\/p>\n<p>\u2699\ufe0f Vantagens l\u00edderes no sector:<br \/>\n- Tempo de inatividade zero: A IA adapta-se \u00e0s varia\u00e7\u00f5es dos componentes (altera\u00e7\u00f5es de lote\/trocas de fornecedor).<br \/>\n- Preparado para o futuro: Suporta a miniaturiza\u00e7\u00e3o 01005 e PoP (Package-on-Package).<br \/>\n- Plug &amp; Inspect: configura\u00e7\u00e3o da receita em 5 minutos para novas placas.<\/p>\n<p>&gt; Porqu\u00ea o VT-980?<br \/>\n&gt; \u201cReduzir as taxas de fuga para &lt;100ppm e reduzir a depend\u00eancia do operador em 50%. Concebido para fabricantes de EMS, autom\u00f3veis e aeroespaciais de n\u00edvel 1 que recusam compromissos de qualidade.\u201d<\/p>\n<p>Call-to-Action (CTA) direcionado:<br \/>\n\u2705 Dirigir os pedidos de informa\u00e7\u00e3o com:<br \/>\n- Manchete: \u201cAlcance zero defeitos de fuga: Solicite sua demonstra\u00e7\u00e3o do VT-980 hoje mesmo\u201d<br \/>\n- Bot\u00e3o: \u201cObter or\u00e7amento | Ver a IA em a\u00e7\u00e3o\u201d<br \/>\n- Gancho principal: \u201cAn\u00e1lise gratuita do ROI: Calcule as suas poupan\u00e7as\u201d<\/p>\n<p>$#AOISistema #20MPAOI #AIAOI #PCBinspec\u00e7\u00e3o #SMTQualidade #Electr\u00f3nicaFabrico #ZeroDefect$<\/p>\n<p>Ideal para:<br \/>\n- Fornecedores de EMS em fase de expans\u00e3o para a Ind\u00fastria 4.0<br \/>\n- Fabricantes de PCB para o sector autom\u00f3vel (em conformidade com a norma IATF 16949)<br \/>\n- Linhas de produ\u00e7\u00e3o de alta mistura e alta complexidade<\/p>","protected":false},"excerpt":{"rendered":"<h2>Sistema AOI alimentado por IA VT-980<\/h2>\n<p>Trata-se de uma m\u00e1quina de inspe\u00e7\u00e3o \u00f3tica automatizada avan\u00e7ada com IA, concebida para um controlo de qualidade de alta velocidade e precis\u00e3o no fabrico. Inclui uma c\u00e2mara industrial digital inteligente de alta velocidade de 20 MP com lente telec\u00eantrica e ilumina\u00e7\u00e3o LED RGB.<\/p>","protected":false},"featured_media":23346,"comment_status":"open","ping_status":"closed","template":"","meta":{"iawp_total_views":9},"etheme_brands":[],"product_brand":[],"product_cat":[136],"product_tag":[],"class_list":{"0":"post-23345","1":"product","2":"type-product","3":"status-publish","4":"has-post-thumbnail","6":"product_cat-automated-optical-inspection","8":"first","9":"instock","10":"shipping-taxable","11":"product-type-simple"},"_links":{"self":[{"href":"https:\/\/v2smt.com\/pt\/wp-json\/wp\/v2\/product\/23345","targetHints":{"allow":["GET"]}}],"collection":[{"href":"https:\/\/v2smt.com\/pt\/wp-json\/wp\/v2\/product"}],"about":[{"href":"https:\/\/v2smt.com\/pt\/wp-json\/wp\/v2\/types\/product"}],"replies":[{"embeddable":true,"href":"https:\/\/v2smt.com\/pt\/wp-json\/wp\/v2\/comments?post=23345"}],"version-history":[{"count":0,"href":"https:\/\/v2smt.com\/pt\/wp-json\/wp\/v2\/product\/23345\/revisions"}],"wp:featuredmedia":[{"embeddable":true,"href":"https:\/\/v2smt.com\/pt\/wp-json\/wp\/v2\/media\/23346"}],"wp:attachment":[{"href":"https:\/\/v2smt.com\/pt\/wp-json\/wp\/v2\/media?parent=23345"}],"wp:term":[{"taxonomy":"brand","embeddable":true,"href":"https:\/\/v2smt.com\/pt\/wp-json\/wp\/v2\/etheme_brands?post=23345"},{"taxonomy":"product_brand","embeddable":true,"href":"https:\/\/v2smt.com\/pt\/wp-json\/wp\/v2\/product_brand?post=23345"},{"taxonomy":"product_cat","embeddable":true,"href":"https:\/\/v2smt.com\/pt\/wp-json\/wp\/v2\/product_cat?post=23345"},{"taxonomy":"product_tag","embeddable":true,"href":"https:\/\/v2smt.com\/pt\/wp-json\/wp\/v2\/product_tag?post=23345"}],"curies":[{"name":"wp","href":"https:\/\/api.w.org\/{rel}","templated":true}]}}