{"id":23168,"date":"2025-08-26T08:14:38","date_gmt":"2025-08-26T08:14:38","guid":{"rendered":"https:\/\/v2smt.com\/?post_type=product&#038;p=23168"},"modified":"2025-08-26T08:35:16","modified_gmt":"2025-08-26T08:35:16","slug":"pcba-cleaning-machine-v560","status":"publish","type":"product","link":"https:\/\/v2smt.com\/pt\/products\/pcba-cleaning-machine-v560\/","title":{"rendered":"M\u00e1quina de limpeza de PCBA V560"},"content":{"rendered":"<h1>M\u00e1quina de limpeza de PCBA V560<\/h1>\n<p>Principais vantagens do equipamento de limpeza de fluxo V560 PCBA\/m\u00e1quina de limpeza V560 PCBA<\/p>\n<p>1. Design de c\u00e2mara tudo-em-um \u25e6 Completa a limpeza, enxaguamento e secagem numa \u00fanica c\u00e2mara fechada \u2192 Elimina as perdas de transfer\u00eancia e os riscos de contamina\u00e7\u00e3o cruzada. Ideal para produ\u00e7\u00f5es compactas.<\/p>\n<p>2. Compatibilidade avan\u00e7ada com v\u00e1rios modelos \u25e6 Utiliza processos l\u00edderes da ind\u00fastria para proporcionar uma limpeza 100% em diversos modelos de PCBA \u2192 Garante uma elevada qualidade consistente, independentemente da varia\u00e7\u00e3o do produto. Suporta linhas SMT mistas de forma eficiente.<\/p>\n<p>3. Fluxo de trabalho totalmente automatizado \u25e6 Ap\u00f3s o carregamento manual e a programa\u00e7\u00e3o por ecr\u00e3 t\u00e1til:<br \/>\nAutomatiza todo o ciclo (arranque\u2192paragem\u2192reposi\u00e7\u00e3o)<br \/>\nAuto-reinicializa\u00e7\u00e3o para lotes consecutivos \u2192 Minimiza a interven\u00e7\u00e3o do operador, reduz os custos de m\u00e3o de obra.<\/p>\n<p>4. Qu\u00edmica ecol\u00f3gica e segura \u25e6 Utiliza fluidos \u00e0 base de \u00e1gua n\u00e3o perigosos ou \u00e1gua DI como agentes de limpeza \u2192 Sem fumos t\u00f3xicos\/emiss\u00f5es de COV. Seguro para os operadores com zero requisitos de EPI. Baixos custos de elimina\u00e7\u00e3o de res\u00edduos em compara\u00e7\u00e3o com sistemas de solventes.<\/p>\n<p>5. Arquitetura de sistemas integrados \u25e6 Subsistemas dedicados para fun\u00e7\u00f5es cr\u00edticas:<br \/>\nLimpeza de precis\u00e3o \u2192 Enxaguamento completo \u2192 Secagem controlada \u2192 Filtragem ativa \u2192 Maximiza o tempo de funcionamento e a repetibilidade. O equil\u00edbrio de energia g\u00e1s\/el\u00e9trica otimiza a efici\u00eancia energ\u00e9tica.<\/p>\n<p>6. Ergonomia centrada no utilizador \u25e6 O ecr\u00e3 t\u00e1til intuitivo HMI controla par\u00e2metros complexos sem esfor\u00e7o \u2192 Curvas de forma\u00e7\u00e3o curtas. A interface de carga manual simplifica o manuseamento de lotes sem comprometer as vantagens da automatiza\u00e7\u00e3o.<\/p>\n<p>7. Alto desempenho e fiabilidade \u25e6 Criado especificamente para SMLs (Small-Medium Lines): Alta densidade de produ\u00e7\u00e3o + componentes de n\u00edvel industrial \u2192 Tempo de atividade duradouro em ambientes exigentes. O design de nova gera\u00e7\u00e3o combina velocidade, seguran\u00e7a e escalabilidade.<\/p>\n<table width=\"1062\">\n<tbody>\n<tr>\n<td width=\"205\"><b>Dimens\u00f5es da c\u00e2mara de limpeza<\/b><\/td>\n<td width=\"324\">L690xL620xH715 (mm)<\/td>\n<td width=\"192\"><b>sistema de aspers\u00e3o<\/b><\/td>\n<td width=\"340\">Limpeza por pulveriza\u00e7\u00e3o rotativa de 360 graus para cima e para baixo<\/td>\n<\/tr>\n<tr>\n<td width=\"205\"><b>Tamanho do cesto de lavagem<\/b><\/td>\n<td width=\"324\">L610xW560xH100(mm) design de camada dupla<\/td>\n<td width=\"192\"><b>Gama de press\u00e3o de pulveriza\u00e7\u00e3o de limpeza<\/b><\/td>\n<td width=\"340\">0,3~0,6(Mpa)<\/td>\n<\/tr>\n<tr>\n<td width=\"205\"><b>Capacidade do dep\u00f3sito de concentrado<\/b><\/td>\n<td width=\"324\">30L<\/td>\n<td width=\"192\"><b>Capacidade do dep\u00f3sito de pulveriza\u00e7\u00e3o<\/b><\/td>\n<td width=\"340\">17L-23L<\/td>\n<\/tr>\n<tr>\n<td width=\"205\"><b>Capacidade do dep\u00f3sito de diluente<\/b><\/td>\n<td width=\"324\">70L<\/td>\n<td width=\"192\"><b>Carga do cesto de lavagem<\/b><\/td>\n<td width=\"340\">100KG<\/td>\n<\/tr>\n<tr>\n<td width=\"205\"><b>Tempo de lavagem dif\u00edcil<\/b><\/td>\n<td width=\"324\">3~8 minutos (refer\u00eancia)<\/td>\n<td width=\"192\"><b>Tempo de enxaguamento<\/b><\/td>\n<td width=\"340\">1~2 minutos\/tempo, 1-10 vezes (definir conforme necess\u00e1rio)<\/td>\n<\/tr>\n<tr>\n<td width=\"205\"><b>Tempo de secagem<\/b><\/td>\n<td width=\"324\">20~30 minutos (refer\u00eancia)<\/td>\n<td width=\"192\"><b>Temperatura de aquecimento do l\u00edquido<\/b><\/td>\n<td width=\"340\">~75P<\/td>\n<\/tr>\n<tr>\n<td width=\"205\"><b>Pot\u00eancia de compensa\u00e7\u00e3o da temperatura da cavidade interior<\/b><\/td>\n<td width=\"324\">6KW<\/td>\n<td width=\"192\"><b>Temperatura de secagem com ar quente Temperatura ambiente<\/b><\/td>\n<td width=\"340\">~99P<\/td>\n<\/tr>\n<tr>\n<td width=\"205\"><b>Pot\u00eancia do aquecedor do tanque de solventes<\/b><\/td>\n<td width=\"324\">9KW<\/td>\n<td width=\"192\"><b>Pot\u00eancia do aquecedor de secagem<\/b><\/td>\n<td width=\"340\">6KW<\/td>\n<\/tr>\n<tr>\n<td width=\"205\"><b>Pot\u00eancia da bomba de pulveriza\u00e7\u00e3o horizontal<\/b><\/td>\n<td width=\"324\">5.5KW<\/td>\n<td width=\"192\"><b>Gama de monitoriza\u00e7\u00e3o do medidor de resistividade<\/b><\/td>\n<td width=\"340\">0~ 18MQ-cm<\/td>\n<\/tr>\n<tr>\n<td width=\"205\"><b>Fonte de ar<\/b><\/td>\n<td width=\"324\">0,4-0,7Mpa<\/td>\n<td width=\"192\"><b>entrada e sa\u00edda de \u00e1gua<\/b><\/td>\n<td width=\"340\">Interface de liberta\u00e7\u00e3o r\u00e1pida de 1 polegada<\/td>\n<\/tr>\n<tr>\n<td width=\"205\"><b>fonte de alimenta\u00e7\u00e3o<\/b><\/td>\n<td width=\"324\">AC380V 3P,50\/60HZ 27KW<\/td>\n<td width=\"192\"><b>Peso da m\u00e1quina<\/b><\/td>\n<td width=\"340\">400KG<\/td>\n<\/tr>\n<tr>\n<td width=\"205\"><b>Tamanho da m\u00e1quina<\/b><\/td>\n<td width=\"324\">L1200xL1100xH 1780\u00b130(mm)<\/td>\n<td width=\"192\"><b>Tamanho da porta de escape<\/b><\/td>\n<td width=\"340\">\u03a6100*30H(mm)<\/td>\n<\/tr>\n<tr>\n<td width=\"205\"><b>Sistema de filtragem de 3 fases<\/b><\/td>\n<td colspan=\"3\" width=\"857\">Filtro de n\u00edvel 1 (filtra impurezas e etiquetas) Filtro de n\u00edvel 2 (filtra pequenas part\u00edculas e pasta de solda) Filtro de n\u00edvel 3 5um (filtra pequenas part\u00edculas e colof\u00f3nia)<\/td>\n<\/tr>\n<tr>\n<td width=\"205\"><b>Quantidade de uma limpeza<\/b><\/td>\n<td colspan=\"3\" width=\"857\">Calculado com base no tamanho da placa PCBA L200\u00d7W100\u00d7H20 (mm), cada lote pode lavar 100-160pcs<\/td>\n<\/tr>\n<\/tbody>\n<\/table>","protected":false},"excerpt":{"rendered":"<h2>M\u00e1quina de limpeza de PCBA V560<\/h2>\n<p><strong>Equipamento de limpeza de fluxo PCBA para linhas de produ\u00e7\u00e3o pequenas e m\u00e9dias.<\/strong>\u00a0A V560 executa um processo t\u00edpico de limpeza em lote, completando todos os passos - limpeza, enxaguamento e secagem - numa \u00fanica c\u00e2mara. Melhora a qualidade da limpeza para a produ\u00e7\u00e3o de PCBA de v\u00e1rios modelos, utilizando os processos mais avan\u00e7ados da ind\u00fastria para alcan\u00e7ar a limpeza 100% e a prote\u00e7\u00e3o ambiental. Composta por sistemas de limpeza, enxaguamento, secagem e filtragem, a m\u00e1quina funciona com eletricidade e g\u00e1s. Um operador carrega manualmente os PCBAs na c\u00e2mara de limpeza e, em seguida, define os par\u00e2metros para cada fase atrav\u00e9s do ecr\u00e3 t\u00e1til. Uma vez iniciada, a m\u00e1quina executa automaticamente todo o ciclo. Ap\u00f3s a conclus\u00e3o, p\u00e1ra automaticamente e reinicia-se para o lote seguinte. Este design de f\u00e1cil utiliza\u00e7\u00e3o aumenta significativamente a efici\u00eancia da produ\u00e7\u00e3o e a qualidade do produto. Como uma solu\u00e7\u00e3o nova, de alto desempenho e totalmente autom\u00e1tica, o equipamento utiliza l\u00edquido \u00e0 base de \u00e1gua ou \u00e1gua DI como agente de limpeza n\u00e3o perigoso e seguro para o pessoal.<\/p>","protected":false},"featured_media":23162,"comment_status":"closed","ping_status":"closed","template":"","meta":{"iawp_total_views":6},"etheme_brands":[],"product_brand":[],"product_cat":[182],"product_tag":[],"class_list":{"0":"post-23168","1":"product","2":"type-product","3":"status-publish","4":"has-post-thumbnail","6":"product_cat-pcb-cleaning-machine","8":"first","9":"instock","10":"shipping-taxable","11":"product-type-simple"},"_links":{"self":[{"href":"https:\/\/v2smt.com\/pt\/wp-json\/wp\/v2\/product\/23168","targetHints":{"allow":["GET"]}}],"collection":[{"href":"https:\/\/v2smt.com\/pt\/wp-json\/wp\/v2\/product"}],"about":[{"href":"https:\/\/v2smt.com\/pt\/wp-json\/wp\/v2\/types\/product"}],"replies":[{"embeddable":true,"href":"https:\/\/v2smt.com\/pt\/wp-json\/wp\/v2\/comments?post=23168"}],"version-history":[{"count":0,"href":"https:\/\/v2smt.com\/pt\/wp-json\/wp\/v2\/product\/23168\/revisions"}],"wp:featuredmedia":[{"embeddable":true,"href":"https:\/\/v2smt.com\/pt\/wp-json\/wp\/v2\/media\/23162"}],"wp:attachment":[{"href":"https:\/\/v2smt.com\/pt\/wp-json\/wp\/v2\/media?parent=23168"}],"wp:term":[{"taxonomy":"brand","embeddable":true,"href":"https:\/\/v2smt.com\/pt\/wp-json\/wp\/v2\/etheme_brands?post=23168"},{"taxonomy":"product_brand","embeddable":true,"href":"https:\/\/v2smt.com\/pt\/wp-json\/wp\/v2\/product_brand?post=23168"},{"taxonomy":"product_cat","embeddable":true,"href":"https:\/\/v2smt.com\/pt\/wp-json\/wp\/v2\/product_cat?post=23168"},{"taxonomy":"product_tag","embeddable":true,"href":"https:\/\/v2smt.com\/pt\/wp-json\/wp\/v2\/product_tag?post=23168"}],"curies":[{"name":"wp","href":"https:\/\/api.w.org\/{rel}","templated":true}]}}